{"id":1128,"date":"2019-03-23T10:04:00","date_gmt":"2019-03-23T08:04:00","guid":{"rendered":"http:\/\/www.musikverlag-nickel.eu\/NEWS-BLOG\/?page_id=1128"},"modified":"2025-05-09T17:38:03","modified_gmt":"2025-05-09T15:38:03","slug":"markus-schmitt","status":"publish","type":"page","link":"http:\/\/www.musikverlag-nickel.eu\/NEWS-BLOG\/?page_id=1128","title":{"rendered":"Markus Schmitt"},"content":{"rendered":"\n<figure class=\"wp-block-image\"><img loading=\"lazy\" decoding=\"async\" width=\"1024\" height=\"686\" src=\"http:\/\/www.musikverlag-nickel.eu\/NEWS-BLOG\/wp-content\/uploads\/2019\/03\/Markus-Schmitt-1024x686.jpg\" alt=\"\" class=\"wp-image-1130\" srcset=\"http:\/\/www.musikverlag-nickel.eu\/NEWS-BLOG\/wp-content\/uploads\/2019\/03\/Markus-Schmitt-1024x686.jpg 1024w, http:\/\/www.musikverlag-nickel.eu\/NEWS-BLOG\/wp-content\/uploads\/2019\/03\/Markus-Schmitt-600x402.jpg 600w, http:\/\/www.musikverlag-nickel.eu\/NEWS-BLOG\/wp-content\/uploads\/2019\/03\/Markus-Schmitt-300x201.jpg 300w, http:\/\/www.musikverlag-nickel.eu\/NEWS-BLOG\/wp-content\/uploads\/2019\/03\/Markus-Schmitt-768x514.jpg 768w, http:\/\/www.musikverlag-nickel.eu\/NEWS-BLOG\/wp-content\/uploads\/2019\/03\/Markus-Schmitt-680x455.jpg 680w, http:\/\/www.musikverlag-nickel.eu\/NEWS-BLOG\/wp-content\/uploads\/2019\/03\/Markus-Schmitt-920x616.jpg 920w\" sizes=\"auto, (max-width: 1024px) 100vw, 1024px\" \/><figcaption class=\"wp-element-caption\">Foto: privat<\/figcaption><\/figure>\n\n\n\n<p>Markus Schmitt, 1965 in M\u00fcnchen geboren, studierte Komposition an der M\u00fcnchener Musikhochschule bei Wilhelm Killmayer und Hans-J\u00fcrgen von Bose. Wichtige k\u00fcnstlerische Anregungen verdankt er auch dem Kontakt mit Hans Werner Henze, seinen Klavierstudien bei Ansgar Janke und nicht zuletzt dem intensiven Austausch mit zahlreichen Komponisten und Interpreten seiner Generation. Als Kurator und Festivalleiter des aDevantgarde Festivals f\u00fcr Neue Musik setzte Schmitt immer wieder wichtige Impulse.<\/p>\n\n\n\n<p>Sein \u0152vre umfasst Vokal- und Kammermusik, Orchester- und B\u00fchnenwerke, darunter die&nbsp; f\u00fcr die M\u00fcnchener und Z\u00fcrcher Opernfestspiele 2001 entstandene Kammeroper \u201eaiaia\u201c oder die B\u00fchnenmusik zu Dieter Dorns Inszenierung des \u201eKaufmann von Venedig\u201c am Bayerischen Staatsschauspiel. Weitere musikdramatische Werke waren an der Kammeroper Rheinsberg, am Theater Osnabr\u00fcck, sowie an der Staatsoper Kassel zu h\u00f6ren.<\/p>\n\n\n\n<p>Markus Schmitt wurde vielfach ausgezeichnet, trat als Gastkomponist auf renommierten Festivals auf und war unter anderem Stipendiat der Deutschen Akademie \u201eVilla Massimo\u201c und des \u201eDeutschen Studienzentrums\u201c in Venedig.<\/p>\n\n\n\n<p>Er lehrt am Leopold-Mozart-Zentrum der Universit\u00e4t Augsburg.<\/p>\n\n\n\n<p>Eine <a href=\"http:\/\/www.amazon.de\/Echoi-Nidere-Minne-Quelle-Bell\/dp\/B00002DFKV\/ref=sr_1_1?ie=UTF8&amp;qid=1361048037&amp;sr=8-1\">Portrait-CD<\/a> mit ausgew\u00e4hlten Kammermusik- und Vokalwerken liegt bei Cavalli Records vor.<\/p>\n\n\n\n<p><em>\u201eMarkus Schmitts Musik kennt keine Angst vor dem, was die Engl\u00e4nder als \u201eParaphernalia\u201c, und wir als \u201eSammelsurium\u201c bezeichnen. Mit einem genauen und liebevollen Blick vor allem f\u00fcr das skurrile Detail sammelt Schmitt Dinge aller Arten und bringt sie auf aufregendste Weise zum Klingen\u2026 Es ist die Erz\u00e4hlung und das zu Erz\u00e4hlende, was bei ihm im Mittelpunkt steht, daher kann er auch Pygm\u00e4enges\u00e4nge und Wolkensteinsche Kadenzen so unangestrengt zu einer eigenen Tonsprache formen\u2026\u201c (Moritz Eggert)<\/em><br><\/p>\n\n\n\n<p><strong>Werke im Musikverlag V. Nickel<\/strong> <\/p>\n\n\n\n<p>ALPLUFT<br>Jodler und Juchetzer<br>f\u00fcr Klarinette solo<br>ISMN 979-0-700344-21-4 \/ MVN 74 (Part.)<br>22,- EUR<\/p>\n\n\n\n<p><a href=\"https:\/\/www.musikverlag-nickel.eu\/NEWS-BLOG\/?page_id=1980\" data-type=\"link\" data-id=\"https:\/\/www.musikverlag-nickel.eu\/NEWS-BLOG\/?page_id=1980\">MEHR \u00dcBER DAS ST\u00dcCK NACHLESEN<\/a><\/p>\n\n\n\n<p>CELLOBUCH&nbsp;<br>Herausgegeben von Markus Schmitt und dem Leopold-Mozart-Zentrum der Universit\u00e4t Augsburg<br>ISMN 979-0-700344-88-7 \/ MVN 45 (Part.)<br>29,- EUR<\/p>\n\n\n\n<p><a href=\"http:\/\/www.musikverlag-nickel.eu\/NEWS-BLOG\/?page_id=1336\">MEHR \u00dcBER DAS CELLOBUCH NACHLESEN<\/a><\/p>\n\n\n\n<p>ECHOI &nbsp;<br>f\u00fcr Violoncello und Klavier<br>ISMN 979-0-700344-01-6 \/ MVN&nbsp;54 (Part.)<br>derzeit nicht erh\u00e4ltlich<\/p>\n\n\n\n<p>GEL\u00c4UT F\u00dcR B.&nbsp;<br>f\u00fcr Streichorchester und obligates Violoncello Solo<br>zum 100. Geburtstag von Benjamin Britten<br>ISMN&nbsp; 979-0-700344-72-6 \/&nbsp;MVN 25 (Part.)<br>26,- EUR<\/p>\n\n\n\n<p><a href=\"https:\/\/www.musikverlag-nickel.eu\/NEWS-BLOG\/?page_id=2015\" data-type=\"link\" data-id=\"https:\/\/www.musikverlag-nickel.eu\/NEWS-BLOG\/?page_id=2015\">MEHR \u00dcBER DAS ST\u00dcCK NACHLESEN<\/a><\/p>\n\n\n\n<p>GOETHE-LIEDER<strong>&nbsp;<\/strong><br>f\u00fcr Singstimme und Klavier<br>Hohe Stimmlage<br>ISMN&nbsp; 979-0-700344-18-4 \/&nbsp;MVN 70 (Part.)<br>26,- EUR<\/p>\n\n\n\n<p><a href=\"https:\/\/www.musikverlag-nickel.eu\/NEWS-BLOG\/?page_id=2029\" data-type=\"link\" data-id=\"https:\/\/www.musikverlag-nickel.eu\/NEWS-BLOG\/?page_id=2029\">MEHR \u00dcBER DAS ST\u00dcCK NACHLESEN<\/a><\/p>\n\n\n\n<p>GOETHE-LIEDER<strong>&nbsp;<\/strong><br>f\u00fcr Singstimme und Klavier<br>Mittlere&nbsp;Stimmlage<br>ISMN 979-0-700344-13-9 \/&nbsp;MVN&nbsp;66 (Part.)<br>26,- EUR<\/p>\n\n\n\n<p><a href=\"https:\/\/www.musikverlag-nickel.eu\/NEWS-BLOG\/?page_id=2029\" data-type=\"link\" data-id=\"https:\/\/www.musikverlag-nickel.eu\/NEWS-BLOG\/?page_id=2029\">MEHR \u00dcBER DAS ST\u00dcCK NACHLESEN<\/a><\/p>\n\n\n\n<p>IN DEN WINKELN<br>f\u00fcr 8 Violoncelli<br>ISMN&nbsp; 979-0-700344-67-2 \/&nbsp;MVN 14 (Part.)<br>derzeit nicht erh\u00e4ltlich<\/p>\n\n\n\n<p>JEAN-PAULSCHE BAGATELLEN<br>f\u00fcr Wilhelm Killmayer zum 65. Geburtstag<br>Fassung f\u00fcr Violoncello und Harfe<br>ISMN 979-0-700344-68-9 \/&nbsp;MVN 18 (Part.)<br>26,- EUR<\/p>\n\n\n\n<p><a href=\"https:\/\/www.musikverlag-nickel.eu\/NEWS-BLOG\/?page_id=2046\" data-type=\"link\" data-id=\"https:\/\/www.musikverlag-nickel.eu\/NEWS-BLOG\/?page_id=2046\">MEHR \u00dcBER DAS ST\u00dcCK&nbsp; NACHLESEN<\/a><\/p>\n\n\n\n<p>JEAN-PAULSCHE BAGATELLEN<br>f\u00fcr Wilhelm Killmayer zum 65. Geburtstag<br>Fassung f\u00fcr Viola und Harfe<br>ISMN 979-0-700344-93-1 \/&nbsp;MVN 46 (Part.)<br>26,- EUR<\/p>\n\n\n\n<p><a href=\"https:\/\/www.musikverlag-nickel.eu\/NEWS-BLOG\/?page_id=2046\" data-type=\"link\" data-id=\"https:\/\/www.musikverlag-nickel.eu\/NEWS-BLOG\/?page_id=2046\">MEHR \u00dcBER DAS ST\u00dcCK&nbsp; NACHLESEN<\/a><\/p>\n\n\n\n<p>JODLER UND JUCHETZER <br>f\u00fcr Violine solo<br>ISMN 979-0-700344-24-5 \/&nbsp;MVN 77 (Part.)<br>24,- EUR<\/p>\n\n\n\n<p><a href=\"https:\/\/www.musikverlag-nickel.eu\/NEWS-BLOG\/?page_id=2061\" data-type=\"link\" data-id=\"https:\/\/www.musikverlag-nickel.eu\/NEWS-BLOG\/?page_id=2061\">MEHR \u00dcBER DAS ST\u00dcCK&nbsp; NACHLESEN<\/a><\/p>\n\n\n\n<p>NIDERE MINNE<br>f\u00fcr Piccolofl\u00f6te oder gro\u00dfe Fl\u00f6te<br>ISMN 979-0-700344-95-5 \/ MVN 48 (Part.)<br>24,- EUR<\/p>\n\n\n\n<p><a href=\"http:\/\/www.musikverlag-nickel.eu\/NEWS-BLOG\/?page_id=1236\">MEHR \u00dcBER DAS ST\u00dcCK&nbsp; NACHLESEN<\/a><\/p>\n\n\n\n<p>QUELLE BELLE FEMME<br>f\u00fcr Sopran, Fl\u00f6te, Viola und Harfe<br>ISMN 979-0-700344-98-6 \/&nbsp;MVN 52 (Part.)<br>derzeit nicht erh\u00e4ltlich<\/p>\n\n\n\n<p>SIEBENK\u00c4S-MUSIK&nbsp;<br>f\u00fcr Klaviertrio<br>ISMN 979-0-700344-55-9 \/ MVN 2 (Part.)<br>28,- EUR<\/p>\n\n\n\n<p><a href=\"http:\/\/www.musikverlag-nickel.eu\/NEWS-BLOG\/?page_id=1405\">MEHR \u00dcBER DAS ST\u00dcCK&nbsp; NACHLESEN<\/a><\/p>\n\n\n\n<p>TRE SONATE GALANTI PER IL PIANOFORTE<br>CPE Bach zum 300. Geburtstag.&nbsp;<br>f\u00fcr&nbsp;Klavier<br>ISMN 979-0-700344-80-1 \/ MVN 33&nbsp;(Part.)<br>24,- EUR<\/p>\n\n\n\n<p><a href=\"http:\/\/www.musikverlag-nickel.eu\/NEWS-BLOG\/?page_id=1143\">MEHR \u00dcBER DAS ST\u00dcCK&nbsp; NACHLESEN<\/a><\/p>\n\n\n\n<p>TRE SONATE GALANTI PER IL PIANOFORTE<br>CPE Bach zum 300. Geburtstag.&nbsp;<br>f\u00fcr&nbsp;Hammerklavier<br>ISMN 979-0-700344-80-1 \/ MVN 34&nbsp;(Part.)<br>24,- EUR<\/p>\n\n\n\n<p><a href=\"http:\/\/www.musikverlag-nickel.eu\/NEWS-BLOG\/?page_id=1143\">MEHR \u00dcBER DAS ST\u00dcCK&nbsp; NACHLESEN<\/a><\/p>\n\n\n\n<p>WALDZENEN<br>Robert Schumann: WALDSZENEN Op. 82<br>bearbeitet f\u00fcr 6 Violoncelli von Markus Schmitt<br>ISMN 979-0-700344-05-4 \/ MVN 57 (Part.)<br>derzeit nicht erh\u00e4ltlich<\/p>\n\n\n\n<p><a href=\"http:\/\/www.musikverlag-nickel.eu\/NEWS-BLOG\/?page_id=1546\">MEHR \u00dcBER DAS ST\u00dcCK NACHLESEN<\/a><\/p>\n\n\n<div class=\"wp-block-image\">\n<figure class=\"alignleft\"><img loading=\"lazy\" decoding=\"async\" width=\"300\" height=\"169\" src=\"http:\/\/www.musikverlag-nickel.eu\/NEWS-BLOG\/wp-content\/uploads\/2019\/03\/Markus-Schmitt-Julius-Berger-19.01.2016-300x169.jpg\" alt=\"\" class=\"wp-image-1137\" srcset=\"http:\/\/www.musikverlag-nickel.eu\/NEWS-BLOG\/wp-content\/uploads\/2019\/03\/Markus-Schmitt-Julius-Berger-19.01.2016-300x169.jpg 300w, http:\/\/www.musikverlag-nickel.eu\/NEWS-BLOG\/wp-content\/uploads\/2019\/03\/Markus-Schmitt-Julius-Berger-19.01.2016-600x338.jpg 600w, http:\/\/www.musikverlag-nickel.eu\/NEWS-BLOG\/wp-content\/uploads\/2019\/03\/Markus-Schmitt-Julius-Berger-19.01.2016-768x432.jpg 768w, http:\/\/www.musikverlag-nickel.eu\/NEWS-BLOG\/wp-content\/uploads\/2019\/03\/Markus-Schmitt-Julius-Berger-19.01.2016-1024x576.jpg 1024w, http:\/\/www.musikverlag-nickel.eu\/NEWS-BLOG\/wp-content\/uploads\/2019\/03\/Markus-Schmitt-Julius-Berger-19.01.2016-680x383.jpg 680w, http:\/\/www.musikverlag-nickel.eu\/NEWS-BLOG\/wp-content\/uploads\/2019\/03\/Markus-Schmitt-Julius-Berger-19.01.2016-920x518.jpg 920w\" sizes=\"auto, (max-width: 300px) 100vw, 300px\" \/><figcaption class=\"wp-element-caption\">Markus Schmitt und Julius Berger (Foto: Verlag)&nbsp;<\/figcaption><\/figure>\n<\/div>","protected":false},"excerpt":{"rendered":"<p>Markus Schmitt, 1965 in M\u00fcnchen geboren, studierte Komposition an der M\u00fcnchener Musikhochschule bei Wilhelm Killmayer und Hans-J\u00fcrgen von Bose. Wichtige k\u00fcnstlerische Anregungen verdankt er auch dem Kontakt mit Hans Werner [&hellip;]<\/p>\n","protected":false},"author":1,"featured_media":0,"parent":25,"menu_order":0,"comment_status":"closed","ping_status":"closed","template":"","meta":{"footnotes":""},"class_list":["post-1128","page","type-page","status-publish","hentry"],"_links":{"self":[{"href":"http:\/\/www.musikverlag-nickel.eu\/NEWS-BLOG\/index.php?rest_route=\/wp\/v2\/pages\/1128","targetHints":{"allow":["GET"]}}],"collection":[{"href":"http:\/\/www.musikverlag-nickel.eu\/NEWS-BLOG\/index.php?rest_route=\/wp\/v2\/pages"}],"about":[{"href":"http:\/\/www.musikverlag-nickel.eu\/NEWS-BLOG\/index.php?rest_route=\/wp\/v2\/types\/page"}],"author":[{"embeddable":true,"href":"http:\/\/www.musikverlag-nickel.eu\/NEWS-BLOG\/index.php?rest_route=\/wp\/v2\/users\/1"}],"replies":[{"embeddable":true,"href":"http:\/\/www.musikverlag-nickel.eu\/NEWS-BLOG\/index.php?rest_route=%2Fwp%2Fv2%2Fcomments&post=1128"}],"version-history":[{"count":25,"href":"http:\/\/www.musikverlag-nickel.eu\/NEWS-BLOG\/index.php?rest_route=\/wp\/v2\/pages\/1128\/revisions"}],"predecessor-version":[{"id":2080,"href":"http:\/\/www.musikverlag-nickel.eu\/NEWS-BLOG\/index.php?rest_route=\/wp\/v2\/pages\/1128\/revisions\/2080"}],"up":[{"embeddable":true,"href":"http:\/\/www.musikverlag-nickel.eu\/NEWS-BLOG\/index.php?rest_route=\/wp\/v2\/pages\/25"}],"wp:attachment":[{"href":"http:\/\/www.musikverlag-nickel.eu\/NEWS-BLOG\/index.php?rest_route=%2Fwp%2Fv2%2Fmedia&parent=1128"}],"curies":[{"name":"wp","href":"https:\/\/api.w.org\/{rel}","templated":true}]}}