{"id":1207,"date":"2019-03-24T10:28:55","date_gmt":"2019-03-24T08:28:55","guid":{"rendered":"http:\/\/www.musikverlag-nickel.eu\/NEWS-BLOG\/?page_id=1207"},"modified":"2025-04-26T16:52:43","modified_gmt":"2025-04-26T14:52:43","slug":"der-kleine-prinz","status":"publish","type":"page","link":"http:\/\/www.musikverlag-nickel.eu\/NEWS-BLOG\/?page_id=1207","title":{"rendered":"DER KLEINE PRINZ"},"content":{"rendered":"\n<p>Le Petit Prince \/ Der Kleine Prinz \/ The Little Prince<em><br>10 morceaux de piano \/ 10 Klavierst\u00fccke \/ 10 Piano Pieces<\/em><br><\/p>\n\n\n\n<p><strong>Premier livre \/ Erstes Heft \/ First Book<br><\/strong>1. L\u00b4atterrissage forc\u00e9 \/ Notlandung \/ Forced Landing&nbsp;&nbsp;&nbsp; &nbsp;&nbsp;&nbsp; &nbsp;&nbsp;&nbsp; &nbsp; &nbsp;&nbsp;&nbsp; &nbsp;&nbsp;&nbsp; &nbsp;&nbsp;&nbsp;&nbsp;<br>2. L\u2018entretien avec le renard \/ Unterhaltung mit dem Fuchs \/ Talking with the Fox<br>3. Les baobabs \/ Die Affenbrotb\u00e4ume \/ The Baobabs &nbsp;&nbsp;&nbsp; &nbsp;&nbsp;&nbsp; &nbsp;&nbsp;&nbsp; &nbsp;&nbsp;&nbsp; &nbsp;&nbsp;&nbsp;&nbsp;<br>4. Le mouton invisible \/ Das unsichtbare Schaf \/ The Hidden Sheep &nbsp;&nbsp;&nbsp; &nbsp;&nbsp;&nbsp; &nbsp;&nbsp;<br>5. L\u2018allumeur de r\u00e9verb\u00e8res \/ Der Laternenanz\u00fcnder \/ The Lamplighter&nbsp;<strong><br><\/strong><\/p>\n\n\n\n<p>Andr\u00e1s Hamary: DER KLEINE PRINZ<br> Zehn St\u00fccke f\u00fcr Klavier<br> Erstes Heft<br> ISMN 979-0-700344-30-6 \/ MVN 82 (Part.)<br> 19 ,- EUR<br> (M\u00fcnchen, 2016)<\/p>\n\n\n\n<div class=\"wp-block-buttons is-layout-flex wp-block-buttons-is-layout-flex\">\n<div class=\"wp-block-button\"><a class=\"wp-block-button__link wp-element-button\" href=\"https:\/\/www.musikverlag-nickel.eu\/NEWS-BLOG\/?product=hamary-andras-der-kleine-prinz-heft-1\">Bestellen<\/a><\/div>\n<\/div>\n\n\n\n<p><\/p>\n\n\n\n<figure class=\"wp-block-embed is-type-video is-provider-youtube wp-block-embed-youtube wp-embed-aspect-16-9 wp-has-aspect-ratio\"><div class=\"wp-block-embed__wrapper\">\n<iframe loading=\"lazy\"  id=\"_ytid_65283\"  width=\"640\" height=\"360\"  data-origwidth=\"640\" data-origheight=\"360\" src=\"https:\/\/www.youtube.com\/embed\/KW-RtpPaX2E?enablejsapi=1&#038;autoplay=0&#038;cc_load_policy=0&#038;cc_lang_pref=&#038;iv_load_policy=1&#038;loop=0&#038;rel=1&#038;fs=1&#038;playsinline=0&#038;autohide=2&#038;theme=dark&#038;color=red&#038;controls=1&#038;disablekb=0&#038;\" class=\"__youtube_prefs__  epyt-is-override  no-lazyload\" title=\"YouTube player\"  allow=\"fullscreen; accelerometer; autoplay; clipboard-write; encrypted-media; gyroscope; picture-in-picture; web-share\" referrerpolicy=\"strict-origin-when-cross-origin\" allowfullscreen data-no-lazy=\"1\" data-skipgform_ajax_framebjll=\"\"><\/iframe>\n<\/div><figcaption class=\"wp-element-caption\">Andr\u00e1s Hamary: Der kleine Prinz (Heft 1)<\/figcaption><\/figure>\n\n\n\n<p><strong>Deuxi\u00e8me livre \/ Zweites Heft \/ Second Book<\/strong><br>1. Le Roi et le Rat \/ Der K\u00f6nig und die Ratte \/ The King and the Rat &nbsp; &nbsp; &nbsp; &nbsp; &nbsp; &nbsp;<br> 2. Le Vol des bernaches \/ Der Flug des Wildg\u00e4nse \/ The Covey of Grants&nbsp; &nbsp; &nbsp; &nbsp;<br> 3. Le Comptable d\u2018\u00e9toiles \/ Der Sterne Buchhalter \/ The Clerc of Stars&nbsp; &nbsp; &nbsp; &nbsp;<br> 4. \u00c0 l\u2018Aiguillage \/ Am Stellwerk \/ At the Points&nbsp; &nbsp; &nbsp; &nbsp; &nbsp; &nbsp; &nbsp; &nbsp; &nbsp;<br> 5. Le Puits plein de chants \/ Der singende Brunnen \/ The singing Well<br><\/p>\n\n\n\n<p>Andr\u00e1s Hamary: Der kleine Prinz<br>Zehn St\u00fccke f\u00fcr Klavier<br>Zweites Heft<br>ISMN 979-0-700344-34-4 MVN 86 (Part.)<br>19,- EUR<br>(M\u00fcnchen 2016)<\/p>\n\n\n\n<div class=\"wp-block-buttons is-layout-flex wp-block-buttons-is-layout-flex\">\n<div class=\"wp-block-button\"><a class=\"wp-block-button__link wp-element-button\" href=\"https:\/\/www.musikverlag-nickel.eu\/NEWS-BLOG\/?product=hamary-andras-der-kleine-prinz-heft-2\">Bestellen<\/a><\/div>\n<\/div>\n\n\n\n<p><\/p>\n\n\n\n<figure class=\"wp-block-embed is-type-video is-provider-youtube wp-block-embed-youtube wp-embed-aspect-16-9 wp-has-aspect-ratio\"><div class=\"wp-block-embed__wrapper\">\n<iframe loading=\"lazy\"  id=\"_ytid_58115\"  width=\"640\" height=\"360\"  data-origwidth=\"640\" data-origheight=\"360\" src=\"https:\/\/www.youtube.com\/embed\/RgQ9cjKILcw?enablejsapi=1&#038;autoplay=0&#038;cc_load_policy=0&#038;cc_lang_pref=&#038;iv_load_policy=1&#038;loop=0&#038;rel=1&#038;fs=1&#038;playsinline=0&#038;autohide=2&#038;theme=dark&#038;color=red&#038;controls=1&#038;disablekb=0&#038;\" class=\"__youtube_prefs__  epyt-is-override  no-lazyload\" title=\"YouTube player\"  allow=\"fullscreen; accelerometer; autoplay; clipboard-write; encrypted-media; gyroscope; picture-in-picture; web-share\" referrerpolicy=\"strict-origin-when-cross-origin\" allowfullscreen data-no-lazy=\"1\" data-skipgform_ajax_framebjll=\"\"><\/iframe>\n<\/div><figcaption class=\"wp-element-caption\">Andr\u00e1s Hamary: Der kleine Prinz (Heft 2)<\/figcaption><\/figure>\n\n\n\n<p> #Klavier<\/p>\n","protected":false},"excerpt":{"rendered":"<p>Le Petit Prince \/ Der Kleine Prinz \/ The Little Prince10 morceaux de piano \/ 10 Klavierst\u00fccke \/ 10 Piano Pieces Premier livre \/ Erstes Heft \/ First Book1. L\u00b4atterrissage [&hellip;]<\/p>\n","protected":false},"author":1,"featured_media":0,"parent":1181,"menu_order":0,"comment_status":"closed","ping_status":"closed","template":"","meta":{"footnotes":""},"class_list":["post-1207","page","type-page","status-publish","hentry"],"_links":{"self":[{"href":"http:\/\/www.musikverlag-nickel.eu\/NEWS-BLOG\/index.php?rest_route=\/wp\/v2\/pages\/1207","targetHints":{"allow":["GET"]}}],"collection":[{"href":"http:\/\/www.musikverlag-nickel.eu\/NEWS-BLOG\/index.php?rest_route=\/wp\/v2\/pages"}],"about":[{"href":"http:\/\/www.musikverlag-nickel.eu\/NEWS-BLOG\/index.php?rest_route=\/wp\/v2\/types\/page"}],"author":[{"embeddable":true,"href":"http:\/\/www.musikverlag-nickel.eu\/NEWS-BLOG\/index.php?rest_route=\/wp\/v2\/users\/1"}],"replies":[{"embeddable":true,"href":"http:\/\/www.musikverlag-nickel.eu\/NEWS-BLOG\/index.php?rest_route=%2Fwp%2Fv2%2Fcomments&post=1207"}],"version-history":[{"count":20,"href":"http:\/\/www.musikverlag-nickel.eu\/NEWS-BLOG\/index.php?rest_route=\/wp\/v2\/pages\/1207\/revisions"}],"predecessor-version":[{"id":1923,"href":"http:\/\/www.musikverlag-nickel.eu\/NEWS-BLOG\/index.php?rest_route=\/wp\/v2\/pages\/1207\/revisions\/1923"}],"up":[{"embeddable":true,"href":"http:\/\/www.musikverlag-nickel.eu\/NEWS-BLOG\/index.php?rest_route=\/wp\/v2\/pages\/1181"}],"wp:attachment":[{"href":"http:\/\/www.musikverlag-nickel.eu\/NEWS-BLOG\/index.php?rest_route=%2Fwp%2Fv2%2Fmedia&parent=1207"}],"curies":[{"name":"wp","href":"https:\/\/api.w.org\/{rel}","templated":true}]}}