{"id":1249,"date":"2019-03-25T09:56:57","date_gmt":"2019-03-25T07:56:57","guid":{"rendered":"http:\/\/www.musikverlag-nickel.eu\/NEWS-BLOG\/?page_id=1249"},"modified":"2019-03-27T10:05:34","modified_gmt":"2019-03-27T08:05:34","slug":"stefan-schulzki","status":"publish","type":"page","link":"http:\/\/www.musikverlag-nickel.eu\/NEWS-BLOG\/?page_id=1249","title":{"rendered":"Stefan Schulzki"},"content":{"rendered":"\n<figure class=\"wp-block-image\"><img loading=\"lazy\" decoding=\"async\" width=\"768\" height=\"1024\" src=\"http:\/\/www.musikverlag-nickel.eu\/NEWS-BLOG\/wp-content\/uploads\/2019\/03\/Stefan-Schulzki-768x1024.jpg\" alt=\"\" class=\"wp-image-1250\" srcset=\"http:\/\/www.musikverlag-nickel.eu\/NEWS-BLOG\/wp-content\/uploads\/2019\/03\/Stefan-Schulzki-768x1024.jpg 768w, http:\/\/www.musikverlag-nickel.eu\/NEWS-BLOG\/wp-content\/uploads\/2019\/03\/Stefan-Schulzki-600x800.jpg 600w, http:\/\/www.musikverlag-nickel.eu\/NEWS-BLOG\/wp-content\/uploads\/2019\/03\/Stefan-Schulzki-225x300.jpg 225w, http:\/\/www.musikverlag-nickel.eu\/NEWS-BLOG\/wp-content\/uploads\/2019\/03\/Stefan-Schulzki-680x907.jpg 680w, http:\/\/www.musikverlag-nickel.eu\/NEWS-BLOG\/wp-content\/uploads\/2019\/03\/Stefan-Schulzki.jpg 882w\" sizes=\"auto, (max-width: 768px) 100vw, 768px\" \/><figcaption>Foto: Norbert Riedelsheimer<\/figcaption><\/figure>\n\n\n\n<p>Stefan Schulzki, 1970 in Augsburg geboren, studierte Komposition bei Prof. Adriana H\u00f6lszky am Mozarteum in Salzburg und bei Prof. Ulrich Leyendecker an der Staatlichen Hochschule f\u00fcr Musik und Darstellende Kunst Heidelberg-Mannheim, wo er auch ein Klavierstudium bei Prof. Hans Th\u00fcrw\u00e4chter und Prof. Christoph Back absolvierte. Zus\u00e4tzlich belegte er den Studiengang \u201eFilmmusik und Sounddesign\u201c an der Filmakademie Baden-W\u00fcrttemberg in Ludwigsburg.<\/p>\n\n\n\n<p>1997 erhielt er den Kunstf\u00f6rderpreis Gersthofen, 2004 einen Kompositionsauftrag anl\u00e4sslich der Amtseinf\u00fchrung von Bundespr\u00e4sident Horst K\u00f6hler und 2009 das Musikstipendium der Landeshauptstadt M\u00fcnchen. F\u00fcr das Nachwuchsforum des Ensemble Modern wurde er 2000 nach Frankfurt eingeladen.<\/p>\n\n\n\n<p>Als Komponist f\u00fcr Film und Theater arbeitet er mit namhaften Regisseuren zusammen. Viele seiner Filme erhielten Preise und Auszeichnungen, darunter eine Nominierung f\u00fcr den Studenten-Oscar, sowie 2011 den Preis f\u00fcr die beste Filmmusik beim Kinofest L\u00fcnen.<\/p>\n\n\n\n<p>Sein Werkverzeichnis umfasst derzeit vorwiegend Kammer- und Vokalmusik, typischerweise in Kombination mit live-Elektronik, sowie Musik zu zahlreichen Spielfilmen.<\/p>\n\n\n\n<p>Auf der B\u00fchne ist er regelm\u00e4\u00dfig als Pianist und \/ oder Elektronikmusiker zu h\u00f6ren und hatte Auftritte und Auff\u00fchrungen bei Festivals wie M\u00fcnchener Biennale, aDevantgarde-Festival, \u201eRemusik\u201c (St. Petersburg) u.v.a.<\/p>\n\n\n\n<p>Stefan Schulzki lehrt Musiktheorie am Leopold-Mozart-Zentrum der Universit\u00e4t Augsburg und lebt als freischaffender Komponist in Augsburg.<\/p>\n\n\n\n<p><strong>Werke im Musikverlag V. Nickel<\/strong><\/p>\n\n\n\n<p>DIE ZEIT UND DAS ZIMMER<br>F\u00fcnf kurze Szenen nach Botho Strau\u00df\u00a0<br>f\u00fcr Fl\u00f6te, Viola und Harfe<br>ISMN 979-0-700344-07-8 \/ MVN 59\u00a0(Part.)<br>24,- EUR<\/p>\n\n\n\n<p><a href=\"http:\/\/www.musikverlag-nickel.eu\/NEWS-BLOG\/?page_id=1251\">MEHR \u00dcBER DAS ST\u00dcCK&nbsp; NACHLESEN<\/a><\/p>\n","protected":false},"excerpt":{"rendered":"<p>Stefan Schulzki, 1970 in Augsburg geboren, studierte Komposition bei Prof. Adriana H\u00f6lszky am Mozarteum in Salzburg und bei Prof. Ulrich Leyendecker an der Staatlichen Hochschule f\u00fcr Musik und Darstellende Kunst [&hellip;]<\/p>\n","protected":false},"author":1,"featured_media":0,"parent":25,"menu_order":0,"comment_status":"closed","ping_status":"closed","template":"","meta":{"footnotes":""},"class_list":["post-1249","page","type-page","status-publish","hentry"],"_links":{"self":[{"href":"http:\/\/www.musikverlag-nickel.eu\/NEWS-BLOG\/index.php?rest_route=\/wp\/v2\/pages\/1249","targetHints":{"allow":["GET"]}}],"collection":[{"href":"http:\/\/www.musikverlag-nickel.eu\/NEWS-BLOG\/index.php?rest_route=\/wp\/v2\/pages"}],"about":[{"href":"http:\/\/www.musikverlag-nickel.eu\/NEWS-BLOG\/index.php?rest_route=\/wp\/v2\/types\/page"}],"author":[{"embeddable":true,"href":"http:\/\/www.musikverlag-nickel.eu\/NEWS-BLOG\/index.php?rest_route=\/wp\/v2\/users\/1"}],"replies":[{"embeddable":true,"href":"http:\/\/www.musikverlag-nickel.eu\/NEWS-BLOG\/index.php?rest_route=%2Fwp%2Fv2%2Fcomments&post=1249"}],"version-history":[{"count":2,"href":"http:\/\/www.musikverlag-nickel.eu\/NEWS-BLOG\/index.php?rest_route=\/wp\/v2\/pages\/1249\/revisions"}],"predecessor-version":[{"id":1288,"href":"http:\/\/www.musikverlag-nickel.eu\/NEWS-BLOG\/index.php?rest_route=\/wp\/v2\/pages\/1249\/revisions\/1288"}],"up":[{"embeddable":true,"href":"http:\/\/www.musikverlag-nickel.eu\/NEWS-BLOG\/index.php?rest_route=\/wp\/v2\/pages\/25"}],"wp:attachment":[{"href":"http:\/\/www.musikverlag-nickel.eu\/NEWS-BLOG\/index.php?rest_route=%2Fwp%2Fv2%2Fmedia&parent=1249"}],"curies":[{"name":"wp","href":"https:\/\/api.w.org\/{rel}","templated":true}]}}