{"id":1258,"date":"2019-03-26T09:43:41","date_gmt":"2019-03-26T07:43:41","guid":{"rendered":"http:\/\/www.musikverlag-nickel.eu\/NEWS-BLOG\/?page_id=1258"},"modified":"2020-09-11T09:43:01","modified_gmt":"2020-09-11T07:43:01","slug":"volker-blumenthaler","status":"publish","type":"page","link":"http:\/\/www.musikverlag-nickel.eu\/NEWS-BLOG\/?page_id=1258","title":{"rendered":"Volker Blumenthaler"},"content":{"rendered":"\n<figure class=\"wp-block-image\"><img loading=\"lazy\" decoding=\"async\" width=\"1024\" height=\"1024\" src=\"http:\/\/www.musikverlag-nickel.eu\/NEWS-BLOG\/wp-content\/uploads\/2019\/03\/Volker-Blumenthaler-1024x1024.jpg\" alt=\"\" class=\"wp-image-1259\" srcset=\"http:\/\/www.musikverlag-nickel.eu\/NEWS-BLOG\/wp-content\/uploads\/2019\/03\/Volker-Blumenthaler-1024x1024.jpg 1024w, http:\/\/www.musikverlag-nickel.eu\/NEWS-BLOG\/wp-content\/uploads\/2019\/03\/Volker-Blumenthaler-300x300.jpg 300w, http:\/\/www.musikverlag-nickel.eu\/NEWS-BLOG\/wp-content\/uploads\/2019\/03\/Volker-Blumenthaler-100x100.jpg 100w, http:\/\/www.musikverlag-nickel.eu\/NEWS-BLOG\/wp-content\/uploads\/2019\/03\/Volker-Blumenthaler-600x600.jpg 600w, http:\/\/www.musikverlag-nickel.eu\/NEWS-BLOG\/wp-content\/uploads\/2019\/03\/Volker-Blumenthaler-150x150.jpg 150w, http:\/\/www.musikverlag-nickel.eu\/NEWS-BLOG\/wp-content\/uploads\/2019\/03\/Volker-Blumenthaler-768x768.jpg 768w, http:\/\/www.musikverlag-nickel.eu\/NEWS-BLOG\/wp-content\/uploads\/2019\/03\/Volker-Blumenthaler-680x680.jpg 680w, http:\/\/www.musikverlag-nickel.eu\/NEWS-BLOG\/wp-content\/uploads\/2019\/03\/Volker-Blumenthaler-920x920.jpg 920w\" sizes=\"auto, (max-width: 1024px) 100vw, 1024px\" \/><figcaption>Foto: Heike Melchior<\/figcaption><\/figure>\n\n\n\n<p>Volker Blumenthaler, geboren 1951 in Mannheim, studierte dort ab 1969 bei Hans Adomeit (Violoncello) und Hans Vogt (Komposition). 1972 wechselte er an die Hochschule f\u00fcr Musik K\u00f6ln, um seine Kompositionsstudien bei J\u00fcrg Baur fortzusetzen. Violoncello studierte er bei Wolfgang Mehlhorn und Johannes Goritzki. Nach Abschl\u00fcssen in diesen Disziplinen schloss er seine Studien 1979 mit einem Theorieexamen ab.<br><br>Im gleichen Jahr erhielt er einen Lehrauftrag f\u00fcr Theorie an der Hochschule f\u00fcr Musik K\u00f6ln, den er mit Unterbrechungen bis 1989 aus\u00fcbte. 1992 wurde er Lehrer f\u00fcr Komposition und Musiktheorie am Meistersinger-Konservatorium N\u00fcrnberg, jetzt Hochschule f\u00fcr Musik N\u00fcrnberg, ab 2014 Professur und seit 2016 im Ruhestand.<br><br>Gastvorlesungen und Kurse f\u00fchrten ihn nach Taiwan (National Institut of the Arts in Taipeh, 1994\/95 und TMC International Music Camp, 2011) und in die USA (Harvard University, 1997 und Albuquerque University of New Mexico, 2013). Neben\u00ad seiner k\u00fcnstlerischen und p\u00e4dagogischen T\u00e4tigkeit publizierte er zwischen 1993-2007 im Rundfunk (SWR) Kommentare zu Neuer Musik, von denen ein Teil unter dem Titel Streifz\u00fcge \u2013 Kommentare zu Neuer Musik (Pfau Verlag, Saarbr\u00fccken, 2000) ver\u00f6ffentlicht wurden. Daneben publiziert er in verschiedenen Fachzeitschriften und Lexika.<br><br>Volker Blumenthaler war 1982 Stipendiat der Deutschen Akademie Villa Massimo, 1987 erhielt er das Bernd-Alois-Zimmermann-Stipendium der Stadt K\u00f6ln. Desweiteren erhielt er Kompositionspreise der St\u00e4dte Stuttgart (F\u00f6rderpreis 1982, 1.Preis) und Genf (Preis des Concours International de Composition Musicale Opera&amp;Ballet f\u00fcr die Sinfonie Leviathan 1987, 3.Preis).<br><br>Schwerpunkte seiner kompositorischen T\u00e4tigkeit sind Kammermusik, Vokalkompositionen und Kammeroper. Durch seinen Aufenthalt in Taiwan Anfang der Neunziger Jahre und auch durch den sp\u00e4teren Kontakt zum CrossSound Festival in Juneau\/Alaska begann eine bis heute anhaltende Auseinandersetzung mit asiatischer Musik und deren Instrumenten. So schrieb er ein Konzert f\u00fcr Erhu und Kammermusiken f\u00fcr Gayageum, Changgu, Daegum und Koto.&nbsp;<br>Kompositionen f\u00fcr Cello Solo ziehen sich wie ein roter Faden durch sein gesamtes Schaffen. Sie sind gleichsam Schnittstellen und Wegmarken, die Verdichtung oder neue Entwicklungen markieren: Sonate 1972, &#8230;erglimmt, greifbar&#8230; 1983\/2001, Steinbrech ist meine Blume \u2013 eine Art Lied 1989, pensieri sparsi e sogni del giorno Zyklus in 15 Teilen 2006\/2007.<\/p>\n\n\n\n<p><strong>Werke im Musikverlag V. Nickel<\/strong><\/p>\n\n\n\n<p>ALTRI PENSIERI&nbsp;<br>f\u00fcr Violoncello solo<br>ISMN 979-0-700344-99-3 \/ MVN 53 (Part.)<br>26,- EUR<\/p>\n\n\n\n<p><a href=\"http:\/\/www.musikverlag-nickel.eu\/NEWS-BLOG\/?page_id=1526\">MEHR \u00dcBER DAS ST\u00dcCK\u00a0 NACHLESEN<\/a><\/p>\n\n\n\n<p>EIN GROSSES ROTES TELEFON\u00a0<br>f\u00fcr zweistimmigen Chor (Sopran \/ Sopran) und Klavier<br>ISMN 979-0-700344-40-5 \/ MVN 92 (Part.)<br>24,- EUR<\/p>\n\n\n\n<p><a href=\"http:\/\/www.musikverlag-nickel.eu\/NEWS-BLOG\/?page_id=1575\">MEHR \u00dcBER DAS ST\u00dcCK\u00a0 NACHLESEN<\/a><\/p>\n\n\n\n<p>GRADATIONS<br> f\u00fcr zwei Kleine Trommeln (ein Spieler)<br> ISMN 979-0-700344-35-1 \/ MVN 87 (Part.)<br> 24,- EUR<\/p>\n\n\n\n<p><a href=\"http:\/\/www.musikverlag-nickel.eu\/NEWS-BLOG\/?page_id=1266\">MEHR \u00dcBER DAS ST\u00dcCK\u00a0 NACHLESEN<\/a><\/p>\n\n\n\n<p>NACHSPIELE<br>f\u00fcr Violoncello und Klavier<br>ISMN 979-0-700344-36-8 \/ MVN 88 (Part.)<br>26,- EUR<\/p>\n\n\n\n<p class=\"has-normal-font-size\"><a href=\"http:\/\/www.musikverlag-nickel.eu\/NEWS-BLOG\/?page_id=1581\">MEHR \u00dcBER DAS ST\u00dcCK\u00a0 NACHLESEN<\/a><\/p>\n\n\n\n<p>OT <br>St\u00fccke f\u00fcr Klavier<br>ISMN 979-0-700344-11-5 \/ MVN 63 (Part.)<br>24,- EUR<\/p>\n\n\n\n<p><a href=\"http:\/\/www.musikverlag-nickel.eu\/NEWS-BLOG\/?page_id=1520\">MEHR \u00dcBER DAS ST\u00dcCK\u00a0 NACHLESEN<\/a><\/p>\n\n\n\n<p>PAPILIO AMADEI (MOZARTFALTER)<br>f\u00fcr Bassettklarinette oder Klarinette in B solo<br>ISMN 979-0-700344-20-7 \/ MVN 73 (Part.)<br>18,- EUR<\/p>\n\n\n\n<p><a href=\"http:\/\/www.musikverlag-nickel.eu\/NEWS-BLOG\/?page_id=1589\">MEHR \u00dcBER DAS ST\u00dcCK\u00a0 NACHLESEN<\/a><\/p>\n","protected":false},"excerpt":{"rendered":"<p>Volker Blumenthaler, geboren 1951 in Mannheim, studierte dort ab 1969 bei Hans Adomeit (Violoncello) und Hans Vogt (Komposition). 1972 wechselte er an die Hochschule f\u00fcr Musik K\u00f6ln, um seine Kompositionsstudien [&hellip;]<\/p>\n","protected":false},"author":1,"featured_media":0,"parent":25,"menu_order":0,"comment_status":"closed","ping_status":"closed","template":"","meta":{"footnotes":""},"class_list":["post-1258","page","type-page","status-publish","hentry"],"_links":{"self":[{"href":"http:\/\/www.musikverlag-nickel.eu\/NEWS-BLOG\/index.php?rest_route=\/wp\/v2\/pages\/1258","targetHints":{"allow":["GET"]}}],"collection":[{"href":"http:\/\/www.musikverlag-nickel.eu\/NEWS-BLOG\/index.php?rest_route=\/wp\/v2\/pages"}],"about":[{"href":"http:\/\/www.musikverlag-nickel.eu\/NEWS-BLOG\/index.php?rest_route=\/wp\/v2\/types\/page"}],"author":[{"embeddable":true,"href":"http:\/\/www.musikverlag-nickel.eu\/NEWS-BLOG\/index.php?rest_route=\/wp\/v2\/users\/1"}],"replies":[{"embeddable":true,"href":"http:\/\/www.musikverlag-nickel.eu\/NEWS-BLOG\/index.php?rest_route=%2Fwp%2Fv2%2Fcomments&post=1258"}],"version-history":[{"count":14,"href":"http:\/\/www.musikverlag-nickel.eu\/NEWS-BLOG\/index.php?rest_route=\/wp\/v2\/pages\/1258\/revisions"}],"predecessor-version":[{"id":1596,"href":"http:\/\/www.musikverlag-nickel.eu\/NEWS-BLOG\/index.php?rest_route=\/wp\/v2\/pages\/1258\/revisions\/1596"}],"up":[{"embeddable":true,"href":"http:\/\/www.musikverlag-nickel.eu\/NEWS-BLOG\/index.php?rest_route=\/wp\/v2\/pages\/25"}],"wp:attachment":[{"href":"http:\/\/www.musikverlag-nickel.eu\/NEWS-BLOG\/index.php?rest_route=%2Fwp%2Fv2%2Fmedia&parent=1258"}],"curies":[{"name":"wp","href":"https:\/\/api.w.org\/{rel}","templated":true}]}}