{"id":1266,"date":"2019-03-26T09:57:57","date_gmt":"2019-03-26T07:57:57","guid":{"rendered":"http:\/\/www.musikverlag-nickel.eu\/NEWS-BLOG\/?page_id=1266"},"modified":"2025-04-26T16:45:49","modified_gmt":"2025-04-26T14:45:49","slug":"gradations","status":"publish","type":"page","link":"http:\/\/www.musikverlag-nickel.eu\/NEWS-BLOG\/?page_id=1266","title":{"rendered":"GRADATIONS"},"content":{"rendered":"\n<p>Der Begriff \u201eGradation\u201c meint in der Fotografie die Abstufung der sog. Tonwerte. Im \u00dcbertrag auf ein Instrument bedeutet das, im Rahmen eines Klanges verschiedene Schattierungen auszuloten.<\/p>\n\n\n\n<p>Die kleine Trommel &#8211; ein runder Rahmen (der Korpus), \u00fcber den oben und unten ein Fell gespannt ist &#8211; verf\u00fcgt noch \u00fcber Schnarrsaiten aus Metallspiralen, die auf dem untere Resonanzfell leicht aufliegen, die sogenannte \u201esnare\u201c. Sie verleiht, wenn sie straff gespannt ist, der \u201eMarschtrommel\u201c ihre im wahrsten Sinne durchschlagende Wirkung.<\/p>\n\n\n\n<p>In meinem St\u00fcck setzte ich jeweils eine Trommel mit und ohne \u201esnare\u201c ein. Au\u00dferdem werden alle Komponenten des Instruments wie Fell, Metallrahmen, Zargen und der Mechanismus der snare-Aufhebung als Klangquelle eingesetzt, die mit unterschiedlichen Schl\u00e4geln, Besen, Hand und Fingern zum Klingen gebracht werden. Auch die locker gespannte \u201esnare\u201c selbst wird aktiv zum Klanggeber.<\/p>\n\n\n\n<p>Volker Blumenthaler: GRADATIONS<br>f\u00fcr zwei Kleine Trommeln (ein Spieler)<br>ISMN 979-0-700344-35-1 \/ MVN 87 (Part.)<br>24,- EUR<br>(M\u00fcnchen, 2017)<\/p>\n\n\n\n<div class=\"wp-block-buttons is-layout-flex wp-block-buttons-is-layout-flex\">\n<div class=\"wp-block-button\"><a class=\"wp-block-button__link wp-element-button\" href=\"https:\/\/www.musikverlag-nickel.eu\/NEWS-BLOG\/?product=blumenthaler-volker-gradations\">Bestellen<\/a><\/div>\n<\/div>\n\n\n\n<figure class=\"wp-block-gallery has-nested-images columns-default is-cropped wp-block-gallery-1 is-layout-flex wp-block-gallery-is-layout-flex\">\n<figure class=\"wp-block-image\"><a href=\"https:\/\/www.musikverlag-nickel.eu\/NEWS-BLOG\/wp-content\/uploads\/2019\/03\/MVN-87_Bild-1.jpg\"><img loading=\"lazy\" decoding=\"async\" width=\"595\" height=\"841\" data-id=\"1267\" src=\"https:\/\/www.musikverlag-nickel.eu\/NEWS-BLOG\/wp-content\/uploads\/2019\/03\/MVN-87_Bild-1.jpg\" alt=\"\" class=\"wp-image-1267\" srcset=\"http:\/\/www.musikverlag-nickel.eu\/NEWS-BLOG\/wp-content\/uploads\/2019\/03\/MVN-87_Bild-1.jpg 595w, http:\/\/www.musikverlag-nickel.eu\/NEWS-BLOG\/wp-content\/uploads\/2019\/03\/MVN-87_Bild-1-212x300.jpg 212w\" sizes=\"auto, (max-width: 595px) 100vw, 595px\" \/><\/a><\/figure>\n\n\n\n<figure class=\"wp-block-image\"><a href=\"https:\/\/www.musikverlag-nickel.eu\/NEWS-BLOG\/wp-content\/uploads\/2019\/03\/MVN-87_Bild-2.jpg\"><img loading=\"lazy\" decoding=\"async\" width=\"595\" height=\"842\" data-id=\"1268\" src=\"https:\/\/www.musikverlag-nickel.eu\/NEWS-BLOG\/wp-content\/uploads\/2019\/03\/MVN-87_Bild-2.jpg\" alt=\"\" class=\"wp-image-1268\" srcset=\"http:\/\/www.musikverlag-nickel.eu\/NEWS-BLOG\/wp-content\/uploads\/2019\/03\/MVN-87_Bild-2.jpg 595w, http:\/\/www.musikverlag-nickel.eu\/NEWS-BLOG\/wp-content\/uploads\/2019\/03\/MVN-87_Bild-2-212x300.jpg 212w\" sizes=\"auto, (max-width: 595px) 100vw, 595px\" \/><\/a><\/figure>\n<\/figure>\n\n\n\n<figure class=\"wp-block-embed is-type-video is-provider-youtube wp-block-embed-youtube wp-embed-aspect-16-9 wp-has-aspect-ratio\"><div class=\"wp-block-embed__wrapper\">\n<iframe loading=\"lazy\"  id=\"_ytid_84709\"  width=\"640\" height=\"360\"  data-origwidth=\"640\" data-origheight=\"360\" src=\"https:\/\/www.youtube.com\/embed\/RVWiNA_feHc?enablejsapi=1&#038;autoplay=0&#038;cc_load_policy=0&#038;cc_lang_pref=&#038;iv_load_policy=1&#038;loop=0&#038;rel=1&#038;fs=1&#038;playsinline=0&#038;autohide=2&#038;theme=dark&#038;color=red&#038;controls=1&#038;disablekb=0&#038;\" class=\"__youtube_prefs__  epyt-is-override  no-lazyload\" title=\"YouTube player\"  allow=\"fullscreen; accelerometer; autoplay; clipboard-write; encrypted-media; gyroscope; picture-in-picture; web-share\" referrerpolicy=\"strict-origin-when-cross-origin\" allowfullscreen data-no-lazy=\"1\" data-skipgform_ajax_framebjll=\"\"><\/iframe>\n<\/div><figcaption class=\"wp-element-caption\">Radoslaw Szarek bei der Urauff\u00fchrung von<br> &#8222;Gradations&#8220; im Neuen Museum N\u00fcrnberg.<br> (Foto: V. Nickel)<\/figcaption><\/figure>\n\n\n\n#Schlagzeug #Trommel\n\n\n\n<p><\/p>\n","protected":false},"excerpt":{"rendered":"<p>Der Begriff \u201eGradation\u201c meint in der Fotografie die Abstufung der sog. Tonwerte. Im \u00dcbertrag auf ein Instrument bedeutet das, im Rahmen eines Klanges verschiedene Schattierungen auszuloten. Die kleine Trommel &#8211; [&hellip;]<\/p>\n","protected":false},"author":1,"featured_media":0,"parent":1258,"menu_order":0,"comment_status":"closed","ping_status":"closed","template":"","meta":{"footnotes":""},"class_list":["post-1266","page","type-page","status-publish","hentry"],"_links":{"self":[{"href":"http:\/\/www.musikverlag-nickel.eu\/NEWS-BLOG\/index.php?rest_route=\/wp\/v2\/pages\/1266","targetHints":{"allow":["GET"]}}],"collection":[{"href":"http:\/\/www.musikverlag-nickel.eu\/NEWS-BLOG\/index.php?rest_route=\/wp\/v2\/pages"}],"about":[{"href":"http:\/\/www.musikverlag-nickel.eu\/NEWS-BLOG\/index.php?rest_route=\/wp\/v2\/types\/page"}],"author":[{"embeddable":true,"href":"http:\/\/www.musikverlag-nickel.eu\/NEWS-BLOG\/index.php?rest_route=\/wp\/v2\/users\/1"}],"replies":[{"embeddable":true,"href":"http:\/\/www.musikverlag-nickel.eu\/NEWS-BLOG\/index.php?rest_route=%2Fwp%2Fv2%2Fcomments&post=1266"}],"version-history":[{"count":9,"href":"http:\/\/www.musikverlag-nickel.eu\/NEWS-BLOG\/index.php?rest_route=\/wp\/v2\/pages\/1266\/revisions"}],"predecessor-version":[{"id":1918,"href":"http:\/\/www.musikverlag-nickel.eu\/NEWS-BLOG\/index.php?rest_route=\/wp\/v2\/pages\/1266\/revisions\/1918"}],"up":[{"embeddable":true,"href":"http:\/\/www.musikverlag-nickel.eu\/NEWS-BLOG\/index.php?rest_route=\/wp\/v2\/pages\/1258"}],"wp:attachment":[{"href":"http:\/\/www.musikverlag-nickel.eu\/NEWS-BLOG\/index.php?rest_route=%2Fwp%2Fv2%2Fmedia&parent=1266"}],"curies":[{"name":"wp","href":"https:\/\/api.w.org\/{rel}","templated":true}]}}