{"id":1359,"date":"2019-04-05T10:41:48","date_gmt":"2019-04-05T08:41:48","guid":{"rendered":"http:\/\/www.musikverlag-nickel.eu\/NEWS-BLOG\/?page_id=1359"},"modified":"2020-09-11T08:16:11","modified_gmt":"2020-09-11T06:16:11","slug":"anno-schreier","status":"publish","type":"page","link":"http:\/\/www.musikverlag-nickel.eu\/NEWS-BLOG\/?page_id=1359","title":{"rendered":"Anno Schreier"},"content":{"rendered":"\n<figure class=\"wp-block-image\"><img loading=\"lazy\" decoding=\"async\" width=\"683\" height=\"1024\" src=\"http:\/\/www.musikverlag-nickel.eu\/NEWS-BLOG\/wp-content\/uploads\/2019\/04\/Anno-Schreier-1-683x1024.jpg\" alt=\"\" class=\"wp-image-1360\" srcset=\"http:\/\/www.musikverlag-nickel.eu\/NEWS-BLOG\/wp-content\/uploads\/2019\/04\/Anno-Schreier-1-683x1024.jpg 683w, http:\/\/www.musikverlag-nickel.eu\/NEWS-BLOG\/wp-content\/uploads\/2019\/04\/Anno-Schreier-1-600x900.jpg 600w, http:\/\/www.musikverlag-nickel.eu\/NEWS-BLOG\/wp-content\/uploads\/2019\/04\/Anno-Schreier-1-200x300.jpg 200w, http:\/\/www.musikverlag-nickel.eu\/NEWS-BLOG\/wp-content\/uploads\/2019\/04\/Anno-Schreier-1-768x1152.jpg 768w, http:\/\/www.musikverlag-nickel.eu\/NEWS-BLOG\/wp-content\/uploads\/2019\/04\/Anno-Schreier-1-680x1020.jpg 680w, http:\/\/www.musikverlag-nickel.eu\/NEWS-BLOG\/wp-content\/uploads\/2019\/04\/Anno-Schreier-1-920x1380.jpg 920w, http:\/\/www.musikverlag-nickel.eu\/NEWS-BLOG\/wp-content\/uploads\/2019\/04\/Anno-Schreier-1-scaled.jpg 1707w\" sizes=\"auto, (max-width: 683px) 100vw, 683px\" \/><figcaption>Foto: Yoko Jungesblut&nbsp;<\/figcaption><\/figure>\n\n\n\n<p>Anno Schreier wurde 1979 in Aachen geboren und ist einer der pr\u00e4genden Opernkomponisten seiner Generation. Nach ersten Arbeiten f\u00fcr Mainz (&#8222;Kein Ort. Nirgends&#8220; nach Christa Wolf, 2006) und W\u00fcrzburg (&#8222;Wunderhorn&#8220;, szenischer Liederzyklus, 2008) wurde 2011 die Oper &#8222;Die Stadt der Blinden&#8220; nach Jos\u00e9 Saramago am Opernhaus Z\u00fcrich uraufgef\u00fchrt. 2012 folgte die Kammeroper &#8222;M\u00f6rder Kaspar Brand&#8220; an der Deutschen Oper am Rhein, 2013 der Songzyklus &#8222;Wunderland&#8220; am Mainfranken Theater W\u00fcrzburg und die M\u00e4rchenoper &#8222;Prinzessin im Eis&#8220; am Theater Aachen. Das Theater an der Wien er\u00f6ffnete die Spielzeit 2016\/17 mit Anno Schreiers Oper &#8222;Hamlet&#8220; (Libretto: Thomas Jonigk, Inszenierung: Christof Loy).<br> <br> Anno Schreier arbeitete mit namhaften Orchestern und Ensembles wie Orchestre National de Belgique, Brussels Philharmonic, Badische Staatskapelle Karlsruhe, Sinfonieorchester Aachen, RSO Wien, Ensemble Modern, Armida Quartett. In der Saison 2009\/10 war er &#8222;Komponist f\u00fcr Heidelberg&#8220;.<br><\/p>\n\n\n\n<p>Anno Schreier studierte Komposition bei Manfred Trojahn in D\u00fcsseldorf, am Royal College of Music in London sowie bei Hans-J\u00fcrgen von Bose in M\u00fcnchen. Seit 2008 unterrichtet er Musiktheorie an der Hochschule f\u00fcr Musik Karlsruhe.<br><\/p>\n\n\n\n<p>Anno Schreier erhielt zahlreiche Preise und Stipendien, so z.B. von der Studienstiftung des deutschen Volkes, der Deutschen Bank Stiftung, der Landeshauptstadt M\u00fcnchen, der Akademie der K\u00fcnste in Berlin, der Wilfried-Steinbrenner-Stiftung und der der Nordrhein-Westf\u00e4lischen Akademie der Wissenschaften und der K\u00fcnste. 2010 war Anno Schreier Stipendiat der Deutschen Akademie Rom in der Villa Massimo. 2012 wurde er mit dem F\u00f6rderpreis f\u00fcr junge K\u00fcnstlerinnen und K\u00fcnstler des Landes Nordrhein-Westfalen ausgezeichnet. Im Jahre 2016 wurde er in die &#8222;Junge Akademie&#8220; der Akademie der Wissenschaften und der Literatur Mainz aufgenommen. Im M\u00e4rz 2017 wurde Anno Schreier mit dem Deutschen Musikautorenpreis in der Kategorie &#8222;Musiktheater&#8220; ausgezeichnet.<\/p>\n\n\n\n<p>&#8222;<em>Anno Schreier hat das theatralische Gesp\u00fcr eines Richard Strauss, die Musik des Mittdrei\u00dfigers ist von einer enormen Suggestivkraft, einer verf\u00fchrerischen Sinnlichkeit und fantastischen Vielfalt&#8220;\u00a0<\/em><\/p>\n\n\n\n<p>(Stefan Ender)<br><\/p>\n\n\n\n<p><strong>Werke im Musikverlag V. Nickel<\/strong><\/p>\n\n\n\n<p>DREI LANDSCHAFTSBILDER&nbsp;<br>f\u00fcr Violoncello Solo<br>ISMN 979-0-700344-60-3 \/ MVN 11 (Part.)<br>24,- EUR<\/p>\n\n\n\n<p><a href=\"http:\/\/www.musikverlag-nickel.eu\/NEWS-BLOG\/?page_id=1540\">MEHR \u00dcBER DAS ST\u00dcCK&nbsp; NACHLESEN<\/a><\/p>\n\n\n\n<p>LIEDER OHNE WORTE&nbsp;<br> f\u00fcr Bassettklarinette (oder Klarinette in A) und Streichquartett<br> ISMN 979-0-700344-76-4 \/ MVN 30 (Part.)<br> 32,- EUR<\/p>\n\n\n\n<p><a href=\"http:\/\/www.musikverlag-nickel.eu\/NEWS-BLOG\/?page_id=1364\">MEHR \u00dcBER DAS ST\u00dcCK&nbsp; NACHLESEN<\/a><\/p>\n","protected":false},"excerpt":{"rendered":"<p>Anno Schreier wurde 1979 in Aachen geboren und ist einer der pr\u00e4genden Opernkomponisten seiner Generation. Nach ersten Arbeiten f\u00fcr Mainz (&#8222;Kein Ort. Nirgends&#8220; nach Christa Wolf, 2006) und W\u00fcrzburg (&#8222;Wunderhorn&#8220;, [&hellip;]<\/p>\n","protected":false},"author":1,"featured_media":0,"parent":25,"menu_order":0,"comment_status":"closed","ping_status":"closed","template":"","meta":{"footnotes":""},"class_list":["post-1359","page","type-page","status-publish","hentry"],"_links":{"self":[{"href":"http:\/\/www.musikverlag-nickel.eu\/NEWS-BLOG\/index.php?rest_route=\/wp\/v2\/pages\/1359","targetHints":{"allow":["GET"]}}],"collection":[{"href":"http:\/\/www.musikverlag-nickel.eu\/NEWS-BLOG\/index.php?rest_route=\/wp\/v2\/pages"}],"about":[{"href":"http:\/\/www.musikverlag-nickel.eu\/NEWS-BLOG\/index.php?rest_route=\/wp\/v2\/types\/page"}],"author":[{"embeddable":true,"href":"http:\/\/www.musikverlag-nickel.eu\/NEWS-BLOG\/index.php?rest_route=\/wp\/v2\/users\/1"}],"replies":[{"embeddable":true,"href":"http:\/\/www.musikverlag-nickel.eu\/NEWS-BLOG\/index.php?rest_route=%2Fwp%2Fv2%2Fcomments&post=1359"}],"version-history":[{"count":6,"href":"http:\/\/www.musikverlag-nickel.eu\/NEWS-BLOG\/index.php?rest_route=\/wp\/v2\/pages\/1359\/revisions"}],"predecessor-version":[{"id":1571,"href":"http:\/\/www.musikverlag-nickel.eu\/NEWS-BLOG\/index.php?rest_route=\/wp\/v2\/pages\/1359\/revisions\/1571"}],"up":[{"embeddable":true,"href":"http:\/\/www.musikverlag-nickel.eu\/NEWS-BLOG\/index.php?rest_route=\/wp\/v2\/pages\/25"}],"wp:attachment":[{"href":"http:\/\/www.musikverlag-nickel.eu\/NEWS-BLOG\/index.php?rest_route=%2Fwp%2Fv2%2Fmedia&parent=1359"}],"curies":[{"name":"wp","href":"https:\/\/api.w.org\/{rel}","templated":true}]}}