{"id":1405,"date":"2019-04-09T16:08:55","date_gmt":"2019-04-09T14:08:55","guid":{"rendered":"http:\/\/www.musikverlag-nickel.eu\/NEWS-BLOG\/?page_id=1405"},"modified":"2025-04-28T11:38:58","modified_gmt":"2025-04-28T09:38:58","slug":"siebenkaesmusik","status":"publish","type":"page","link":"http:\/\/www.musikverlag-nickel.eu\/NEWS-BLOG\/?page_id=1405","title":{"rendered":"SIEBENK\u00c4SMUSIK"},"content":{"rendered":"\n<p>Die \u201eSiebenk\u00e4s-Musik\u201c f\u00fcr Klaviertrio entstand im Fr\u00fchjahr 1992 etwa gleichzeitig mit meiner Lekt\u00fcre von Jean Pauls Siebenk\u00e4s-Roman. Der Komposition des Trios folgten kurz darauf noch die \u201eJean-Paulschen Bagatellen\u201c &#8211; quasi als Nachz\u00fcgler und Geburtstagsgru\u00df an Wilhelm Killmayer &#8211; im Herbst desselben Jahres. Die f\u00fcnf \u201eSzenen\u201c der \u201eSiebenk\u00e4s-Musik\u201c erhalten ihre spezifische Pr\u00e4gung von bestimmten Szenerien und Passagen des Romans, stellen diese jedoch nicht im Sinne einer strengen, nachlesbaren Programmatik musikalisch nach. Die Musik stellt der schillernden, verwickelten, beziehungs- und anspielungsreichen Prosa Jean Pauls eine \u00e4hnlich geartete musikalische Prosa gegen\u00fcber. Sie spielt dabei mit H\u00f6rerwartungen, wobei sich scheinbar Vertrautes als befremdlich entpuppt, Vision\u00e4res und N\u00fcchternes, Groteskes und Erbauliches, Empfindsames und Grobschl\u00e4chtiges unmittelbar aufeinandertrifft und ineinandergeht. Der Schriftsteller Walter H\u00f6llerer beschreibt Jean Pauls Techniken einmal sehr treffend: \u201eSchon bei der Arbeit am \u2018Siebenk\u00e4s\u2019 hatte Jean Paul seine gegen ein lineares Handlungsschema rebellierenden Strukturpl\u00e4ne. Dornenst\u00fcck, Blumenst\u00fccke und Fruchtst\u00fccke sollten sich fleckenhaft aneinanderreihen.\u201c Dieser Aufbau im Gegeneinander statt im Nacheinander lasse sonst Verdecktes erkennbar werden, n\u00e4mlich das \u201eangestrebte Leben und wie es verhindert wird.\u201c Jean Paul schreibe \u201eam Rand des Realistischen und Phantastischen&#8220;, wo die von der \u201eAlltagskausalit\u00e4t befreite Wunschwelt\u201c.<\/p>\n\n\n\n<p>Markus Schmitt: SIEBENK\u00c4S-MUSIK&nbsp;<br>f\u00fcr Klaviertrio<br>ISMN 979-0-700344-55-9 \/ MVN 2 (Part.)<br>28,- EUR<br>(M\u00fcnchen, 2013)<\/p>\n\n\n\n<div class=\"wp-block-buttons is-layout-flex wp-block-buttons-is-layout-flex\">\n<div class=\"wp-block-button\"><a class=\"wp-block-button__link wp-element-button\" href=\"https:\/\/www.musikverlag-nickel.eu\/NEWS-BLOG\/?product=schmitt-markus-siebenkaesmusik\">Bestellen<\/a><\/div>\n<\/div>\n\n\n\n<figure class=\"wp-block-gallery has-nested-images columns-default is-cropped wp-block-gallery-1 is-layout-flex wp-block-gallery-is-layout-flex\">\n<figure class=\"wp-block-image\"><img loading=\"lazy\" decoding=\"async\" width=\"724\" height=\"1024\" data-id=\"1408\" src=\"https:\/\/www.musikverlag-nickel.eu\/NEWS-BLOG\/wp-content\/uploads\/2019\/04\/MVN-2_Bild-1-724x1024.jpg\" alt=\"\" class=\"wp-image-1408\" srcset=\"http:\/\/www.musikverlag-nickel.eu\/NEWS-BLOG\/wp-content\/uploads\/2019\/04\/MVN-2_Bild-1-724x1024.jpg 724w, http:\/\/www.musikverlag-nickel.eu\/NEWS-BLOG\/wp-content\/uploads\/2019\/04\/MVN-2_Bild-1-600x848.jpg 600w, http:\/\/www.musikverlag-nickel.eu\/NEWS-BLOG\/wp-content\/uploads\/2019\/04\/MVN-2_Bild-1-212x300.jpg 212w, http:\/\/www.musikverlag-nickel.eu\/NEWS-BLOG\/wp-content\/uploads\/2019\/04\/MVN-2_Bild-1-768x1086.jpg 768w, http:\/\/www.musikverlag-nickel.eu\/NEWS-BLOG\/wp-content\/uploads\/2019\/04\/MVN-2_Bild-1-680x961.jpg 680w, http:\/\/www.musikverlag-nickel.eu\/NEWS-BLOG\/wp-content\/uploads\/2019\/04\/MVN-2_Bild-1-920x1301.jpg 920w, http:\/\/www.musikverlag-nickel.eu\/NEWS-BLOG\/wp-content\/uploads\/2019\/04\/MVN-2_Bild-1.jpg 1240w\" sizes=\"auto, (max-width: 724px) 100vw, 724px\" \/><\/figure>\n\n\n\n<figure class=\"wp-block-image\"><img loading=\"lazy\" decoding=\"async\" width=\"724\" height=\"1024\" data-id=\"1409\" src=\"https:\/\/www.musikverlag-nickel.eu\/NEWS-BLOG\/wp-content\/uploads\/2019\/04\/MVN-2_Bild-2-724x1024.jpg\" alt=\"\" class=\"wp-image-1409\" srcset=\"http:\/\/www.musikverlag-nickel.eu\/NEWS-BLOG\/wp-content\/uploads\/2019\/04\/MVN-2_Bild-2-724x1024.jpg 724w, http:\/\/www.musikverlag-nickel.eu\/NEWS-BLOG\/wp-content\/uploads\/2019\/04\/MVN-2_Bild-2-600x849.jpg 600w, http:\/\/www.musikverlag-nickel.eu\/NEWS-BLOG\/wp-content\/uploads\/2019\/04\/MVN-2_Bild-2-212x300.jpg 212w, http:\/\/www.musikverlag-nickel.eu\/NEWS-BLOG\/wp-content\/uploads\/2019\/04\/MVN-2_Bild-2-768x1086.jpg 768w, http:\/\/www.musikverlag-nickel.eu\/NEWS-BLOG\/wp-content\/uploads\/2019\/04\/MVN-2_Bild-2-680x962.jpg 680w, http:\/\/www.musikverlag-nickel.eu\/NEWS-BLOG\/wp-content\/uploads\/2019\/04\/MVN-2_Bild-2-920x1301.jpg 920w, http:\/\/www.musikverlag-nickel.eu\/NEWS-BLOG\/wp-content\/uploads\/2019\/04\/MVN-2_Bild-2-scaled.jpg 1810w\" sizes=\"auto, (max-width: 724px) 100vw, 724px\" \/><\/figure>\n<\/figure>\n\n\n\n<p>#Klaviertrio #Klavier #Violine #Violoncello<\/p>\n","protected":false},"excerpt":{"rendered":"<p>Die \u201eSiebenk\u00e4s-Musik\u201c f\u00fcr Klaviertrio entstand im Fr\u00fchjahr 1992 etwa gleichzeitig mit meiner Lekt\u00fcre von Jean Pauls Siebenk\u00e4s-Roman. Der Komposition des Trios folgten kurz darauf noch die \u201eJean-Paulschen Bagatellen\u201c &#8211; quasi [&hellip;]<\/p>\n","protected":false},"author":1,"featured_media":0,"parent":1128,"menu_order":0,"comment_status":"closed","ping_status":"closed","template":"","meta":{"footnotes":""},"class_list":["post-1405","page","type-page","status-publish","hentry"],"_links":{"self":[{"href":"http:\/\/www.musikverlag-nickel.eu\/NEWS-BLOG\/index.php?rest_route=\/wp\/v2\/pages\/1405","targetHints":{"allow":["GET"]}}],"collection":[{"href":"http:\/\/www.musikverlag-nickel.eu\/NEWS-BLOG\/index.php?rest_route=\/wp\/v2\/pages"}],"about":[{"href":"http:\/\/www.musikverlag-nickel.eu\/NEWS-BLOG\/index.php?rest_route=\/wp\/v2\/types\/page"}],"author":[{"embeddable":true,"href":"http:\/\/www.musikverlag-nickel.eu\/NEWS-BLOG\/index.php?rest_route=\/wp\/v2\/users\/1"}],"replies":[{"embeddable":true,"href":"http:\/\/www.musikverlag-nickel.eu\/NEWS-BLOG\/index.php?rest_route=%2Fwp%2Fv2%2Fcomments&post=1405"}],"version-history":[{"count":4,"href":"http:\/\/www.musikverlag-nickel.eu\/NEWS-BLOG\/index.php?rest_route=\/wp\/v2\/pages\/1405\/revisions"}],"predecessor-version":[{"id":1958,"href":"http:\/\/www.musikverlag-nickel.eu\/NEWS-BLOG\/index.php?rest_route=\/wp\/v2\/pages\/1405\/revisions\/1958"}],"up":[{"embeddable":true,"href":"http:\/\/www.musikverlag-nickel.eu\/NEWS-BLOG\/index.php?rest_route=\/wp\/v2\/pages\/1128"}],"wp:attachment":[{"href":"http:\/\/www.musikverlag-nickel.eu\/NEWS-BLOG\/index.php?rest_route=%2Fwp%2Fv2%2Fmedia&parent=1405"}],"curies":[{"name":"wp","href":"https:\/\/api.w.org\/{rel}","templated":true}]}}