{"id":1424,"date":"2019-04-09T16:33:31","date_gmt":"2019-04-09T14:33:31","guid":{"rendered":"http:\/\/www.musikverlag-nickel.eu\/NEWS-BLOG\/?page_id=1424"},"modified":"2019-04-09T16:52:38","modified_gmt":"2019-04-09T14:52:38","slug":"manuela-kerer","status":"publish","type":"page","link":"http:\/\/www.musikverlag-nickel.eu\/NEWS-BLOG\/?page_id=1424","title":{"rendered":"Manuela Kerer"},"content":{"rendered":"\n<figure class=\"wp-block-image\"><img loading=\"lazy\" decoding=\"async\" width=\"683\" height=\"1024\" src=\"http:\/\/www.musikverlag-nickel.eu\/NEWS-BLOG\/wp-content\/uploads\/2019\/04\/Manuela-Kerer-683x1024.jpg\" alt=\"\" class=\"wp-image-1425\" srcset=\"http:\/\/www.musikverlag-nickel.eu\/NEWS-BLOG\/wp-content\/uploads\/2019\/04\/Manuela-Kerer-683x1024.jpg 683w, http:\/\/www.musikverlag-nickel.eu\/NEWS-BLOG\/wp-content\/uploads\/2019\/04\/Manuela-Kerer-600x900.jpg 600w, http:\/\/www.musikverlag-nickel.eu\/NEWS-BLOG\/wp-content\/uploads\/2019\/04\/Manuela-Kerer-200x300.jpg 200w, http:\/\/www.musikverlag-nickel.eu\/NEWS-BLOG\/wp-content\/uploads\/2019\/04\/Manuela-Kerer-768x1152.jpg 768w, http:\/\/www.musikverlag-nickel.eu\/NEWS-BLOG\/wp-content\/uploads\/2019\/04\/Manuela-Kerer-680x1020.jpg 680w, http:\/\/www.musikverlag-nickel.eu\/NEWS-BLOG\/wp-content\/uploads\/2019\/04\/Manuela-Kerer-920x1380.jpg 920w, http:\/\/www.musikverlag-nickel.eu\/NEWS-BLOG\/wp-content\/uploads\/2019\/04\/Manuela-Kerer-scaled.jpg 1707w\" sizes=\"auto, (max-width: 683px) 100vw, 683px\" \/><figcaption>Foto: Bettina Kerer<\/figcaption><\/figure>\n\n\n\n<p>Manuela Kerer wurde 1980 in Brixen\/S\u00fcdtirol geboren. Sie \u201estaunt gern\u201c und ist als Komponistin st\u00e4ndig auf der Suche nach neuen Kl\u00e4ngen, \u00dcberraschungen und Herausforderungen. Sie interessiert sich f\u00fcr scheinbar v\u00f6llig kontr\u00e4re Bereiche und besch\u00e4ftigt sich dabei doch letztlich immer mit demselben &#8211; der Musik!<br> <br>So schloss sie neben einem Kompositions- und Violinstudium am Tiroler Landeskonservatorium auch noch Studien der Rechtswissenschaften und der Psychologie an der Universit\u00e4t Innsbruck ab &#8211; letzteres mit einer Dissertation \u00fcber das Thema \u201eMusik und Demenz\u201c. Weiterf\u00fchrende Kompositionsstudien f\u00fchrten sie zu Alessandro Solbiati nach Mailand.<br> <br>Viele ihrer Kompositionen schuf Manuela Kerer f\u00fcr international renommierte Ensembles, wie das \u201eSolistenensemble Kaleidoskop Berlin\u201c, \u201edie reihe\u201c und die \u201eBayerische Kammerphilharmonie\u201c, oder f\u00fcr \u00fcberragende Ausnahmek\u00fcnstler wie Julius Berger und Alfonso Alberti.<br> <br>Manuela Kerers vielseitige k\u00fcnstlerische Arbeit ist immer wieder gew\u00fcrdigt und ausgezeichnet worden. Sie erhielt unter anderem das \u00d6sterreichische Staatsstipendium (2008, 2011), den \u201eWalther von der Vogelweide-Preis\u201c (2009) und den SKE Publicity Preis 2011. 2012\/2013 wurde sie vom \u00d6sterreichischen Au\u00dfenministerium f\u00fcr das Programm \u201eNew Austrian Sound of Music\u201d ausgew\u00e4hlt. Kerers Werke wurden auf zahlreichen CDs eingespielt, eine Portr\u00e4t-CD erschien im Rahmen der ORF Edition \u201eZeitton\u201c.<\/p>\n\n\n\n<p><strong>Werke im Musikverlag V. Nickel<\/strong><\/p>\n\n\n\n<p>AMARONCELLO<br>f\u00fcr Violoncello solo<br>ISMN 979-0-700344-33-7 \/ MVN 96 (Part.)<br>18,- EUR<\/p>\n\n\n\n<p><a href=\"http:\/\/www.musikverlag-nickel.eu\/NEWS-BLOG\/?page_id=1431\">MEHR \u00dcBER DAS ST\u00dcCK NACHLESEN<\/a><\/p>\n\n\n\n<p>Zuerst erschienen in:<br><\/p>\n\n\n\n<p>CELLOBUCH\u00a0<br>Herausgegeben von Markus Schmitt und dem Leopold-Mozart-Zentrum der Universit\u00e4t Augsburg<br>ISMN 979-0-700344-88-7 \/ MVN 45 (Part.)<br>29,- EUR<\/p>\n\n\n\n<p><a href=\"http:\/\/www.musikverlag-nickel.eu\/NEWS-BLOG\/?page_id=1336\">MEHR \u00dcBER DAS CELLOBUCH NACHLESEN\ufeff<\/a><\/p>\n","protected":false},"excerpt":{"rendered":"<p>Manuela Kerer wurde 1980 in Brixen\/S\u00fcdtirol geboren. Sie \u201estaunt gern\u201c und ist als Komponistin st\u00e4ndig auf der Suche nach neuen Kl\u00e4ngen, \u00dcberraschungen und Herausforderungen. Sie interessiert sich f\u00fcr scheinbar v\u00f6llig [&hellip;]<\/p>\n","protected":false},"author":1,"featured_media":0,"parent":25,"menu_order":0,"comment_status":"closed","ping_status":"closed","template":"","meta":{"footnotes":""},"class_list":["post-1424","page","type-page","status-publish","hentry"],"_links":{"self":[{"href":"http:\/\/www.musikverlag-nickel.eu\/NEWS-BLOG\/index.php?rest_route=\/wp\/v2\/pages\/1424","targetHints":{"allow":["GET"]}}],"collection":[{"href":"http:\/\/www.musikverlag-nickel.eu\/NEWS-BLOG\/index.php?rest_route=\/wp\/v2\/pages"}],"about":[{"href":"http:\/\/www.musikverlag-nickel.eu\/NEWS-BLOG\/index.php?rest_route=\/wp\/v2\/types\/page"}],"author":[{"embeddable":true,"href":"http:\/\/www.musikverlag-nickel.eu\/NEWS-BLOG\/index.php?rest_route=\/wp\/v2\/users\/1"}],"replies":[{"embeddable":true,"href":"http:\/\/www.musikverlag-nickel.eu\/NEWS-BLOG\/index.php?rest_route=%2Fwp%2Fv2%2Fcomments&post=1424"}],"version-history":[{"count":2,"href":"http:\/\/www.musikverlag-nickel.eu\/NEWS-BLOG\/index.php?rest_route=\/wp\/v2\/pages\/1424\/revisions"}],"predecessor-version":[{"id":1437,"href":"http:\/\/www.musikverlag-nickel.eu\/NEWS-BLOG\/index.php?rest_route=\/wp\/v2\/pages\/1424\/revisions\/1437"}],"up":[{"embeddable":true,"href":"http:\/\/www.musikverlag-nickel.eu\/NEWS-BLOG\/index.php?rest_route=\/wp\/v2\/pages\/25"}],"wp:attachment":[{"href":"http:\/\/www.musikverlag-nickel.eu\/NEWS-BLOG\/index.php?rest_route=%2Fwp%2Fv2%2Fmedia&parent=1424"}],"curies":[{"name":"wp","href":"https:\/\/api.w.org\/{rel}","templated":true}]}}