{"id":1463,"date":"2019-04-11T09:17:57","date_gmt":"2019-04-11T07:17:57","guid":{"rendered":"http:\/\/www.musikverlag-nickel.eu\/NEWS-BLOG\/?page_id=1463"},"modified":"2025-05-16T09:17:20","modified_gmt":"2025-05-16T07:17:20","slug":"trois-persecutions","status":"publish","type":"page","link":"http:\/\/www.musikverlag-nickel.eu\/NEWS-BLOG\/?page_id=1463","title":{"rendered":"TROIS PERS\u00c9CUTIONS"},"content":{"rendered":"\n<p>Die Trois Pers\u00e9cutions sind Bruchst\u00fccke aus einer Szene meines Musiktheaters UT.OP.er nach Thomas Morus&#8216; &#8222;Utopia&#8220;.<br><\/p>\n\n\n\n<p>Es geht in dieser Szene um utopische Gefl\u00fcgelwirtschaft, geregelte Arbeitszeiten, geordnete Stadtreinigung und Gesundheitsvorsorge &#8211; heute und hierzulande selbstverst\u00e4ndlich, im 16. Jahrhundert aber tats\u00e4chlich eine utopische Angelegenheit.<br> <br>Nun erinnern die drei St\u00fccke, wenn man zu so weit gefassten Assoziationen geneigt ist, vielleicht am ehesten an das Gefl\u00fcgel in dieser Szene. Wenn bei Morus die Infrastruktur das Beste war, so sind es bei mir als Substrat davon diese drei St\u00fccke.<br> <br>Wenn man stattdessen ein Ballett Ausserirdischer vernehmen sollte, liegt man aber auch nicht ganz falsch, denn tats\u00e4chlich traten just in dieser Szene zwei T\u00e4nzer in Gummistiefeln auf und jagten sich gegenseitig vergn\u00fcgt \u00fcber die B\u00fchne.<\/p>\n\n\n\n<p>Alexander Strauch: TROIS PERS\u00c9CUTIONS<br>f\u00fcr 2 Klarinetten<br>ISMN 979-0-700344-28-3 \/ MVN 80 (Spielpartitur)<br>19,- EUR<br>(M\u00fcnchen, 2016)<\/p>\n\n\n\n<div class=\"wp-block-buttons is-layout-flex wp-block-buttons-is-layout-flex\">\n<div class=\"wp-block-button\"><a class=\"wp-block-button__link wp-element-button\" href=\"https:\/\/www.musikverlag-nickel.eu\/NEWS-BLOG\/?product=strauch-alexander-trois-persecutions\">Bestellen<\/a><\/div>\n<\/div>\n\n\n\n<figure class=\"wp-block-gallery has-nested-images columns-default is-cropped wp-block-gallery-1 is-layout-flex wp-block-gallery-is-layout-flex\">\n<figure class=\"wp-block-image\"><img loading=\"lazy\" decoding=\"async\" width=\"595\" height=\"841\" data-id=\"1464\" src=\"https:\/\/www.musikverlag-nickel.eu\/NEWS-BLOG\/wp-content\/uploads\/2019\/04\/MVN-80_Bild-1.jpg\" alt=\"\" class=\"wp-image-1464\" srcset=\"http:\/\/www.musikverlag-nickel.eu\/NEWS-BLOG\/wp-content\/uploads\/2019\/04\/MVN-80_Bild-1.jpg 595w, http:\/\/www.musikverlag-nickel.eu\/NEWS-BLOG\/wp-content\/uploads\/2019\/04\/MVN-80_Bild-1-212x300.jpg 212w\" sizes=\"auto, (max-width: 595px) 100vw, 595px\" \/><\/figure>\n\n\n\n<figure class=\"wp-block-image\"><img loading=\"lazy\" decoding=\"async\" width=\"595\" height=\"842\" data-id=\"1465\" src=\"https:\/\/www.musikverlag-nickel.eu\/NEWS-BLOG\/wp-content\/uploads\/2019\/04\/MVN-80_Bild-2.jpg\" alt=\"\" class=\"wp-image-1465\" srcset=\"http:\/\/www.musikverlag-nickel.eu\/NEWS-BLOG\/wp-content\/uploads\/2019\/04\/MVN-80_Bild-2.jpg 595w, http:\/\/www.musikverlag-nickel.eu\/NEWS-BLOG\/wp-content\/uploads\/2019\/04\/MVN-80_Bild-2-212x300.jpg 212w\" sizes=\"auto, (max-width: 595px) 100vw, 595px\" \/><\/figure>\n<\/figure>\n\n\n\n<figure class=\"wp-block-embed is-type-video is-provider-youtube wp-block-embed-youtube wp-embed-aspect-16-9 wp-has-aspect-ratio\"><div class=\"wp-block-embed__wrapper\">\n<iframe loading=\"lazy\"  id=\"_ytid_33597\"  width=\"640\" height=\"360\"  data-origwidth=\"640\" data-origheight=\"360\" src=\"https:\/\/www.youtube.com\/embed\/_98YyvwpYBo?enablejsapi=1&#038;autoplay=0&#038;cc_load_policy=0&#038;cc_lang_pref=&#038;iv_load_policy=1&#038;loop=0&#038;rel=1&#038;fs=1&#038;playsinline=0&#038;autohide=2&#038;theme=dark&#038;color=red&#038;controls=1&#038;disablekb=0&#038;\" class=\"__youtube_prefs__  epyt-is-override  no-lazyload\" title=\"YouTube player\"  allow=\"fullscreen; accelerometer; autoplay; clipboard-write; encrypted-media; gyroscope; picture-in-picture; web-share\" referrerpolicy=\"strict-origin-when-cross-origin\" allowfullscreen data-no-lazy=\"1\" data-skipgform_ajax_framebjll=\"\"><\/iframe>\n<\/div><\/figure>\n\n\n\n<p>#Klarinette #Duo #Kammermusik<\/p>\n","protected":false},"excerpt":{"rendered":"<p>Die Trois Pers\u00e9cutions sind Bruchst\u00fccke aus einer Szene meines Musiktheaters UT.OP.er nach Thomas Morus&#8216; &#8222;Utopia&#8220;. Es geht in dieser Szene um utopische Gefl\u00fcgelwirtschaft, geregelte Arbeitszeiten, geordnete Stadtreinigung und Gesundheitsvorsorge &#8211; [&hellip;]<\/p>\n","protected":false},"author":1,"featured_media":0,"parent":1299,"menu_order":0,"comment_status":"closed","ping_status":"closed","template":"","meta":{"footnotes":""},"class_list":["post-1463","page","type-page","status-publish","hentry"],"_links":{"self":[{"href":"http:\/\/www.musikverlag-nickel.eu\/NEWS-BLOG\/index.php?rest_route=\/wp\/v2\/pages\/1463","targetHints":{"allow":["GET"]}}],"collection":[{"href":"http:\/\/www.musikverlag-nickel.eu\/NEWS-BLOG\/index.php?rest_route=\/wp\/v2\/pages"}],"about":[{"href":"http:\/\/www.musikverlag-nickel.eu\/NEWS-BLOG\/index.php?rest_route=\/wp\/v2\/types\/page"}],"author":[{"embeddable":true,"href":"http:\/\/www.musikverlag-nickel.eu\/NEWS-BLOG\/index.php?rest_route=\/wp\/v2\/users\/1"}],"replies":[{"embeddable":true,"href":"http:\/\/www.musikverlag-nickel.eu\/NEWS-BLOG\/index.php?rest_route=%2Fwp%2Fv2%2Fcomments&post=1463"}],"version-history":[{"count":3,"href":"http:\/\/www.musikverlag-nickel.eu\/NEWS-BLOG\/index.php?rest_route=\/wp\/v2\/pages\/1463\/revisions"}],"predecessor-version":[{"id":2137,"href":"http:\/\/www.musikverlag-nickel.eu\/NEWS-BLOG\/index.php?rest_route=\/wp\/v2\/pages\/1463\/revisions\/2137"}],"up":[{"embeddable":true,"href":"http:\/\/www.musikverlag-nickel.eu\/NEWS-BLOG\/index.php?rest_route=\/wp\/v2\/pages\/1299"}],"wp:attachment":[{"href":"http:\/\/www.musikverlag-nickel.eu\/NEWS-BLOG\/index.php?rest_route=%2Fwp%2Fv2%2Fmedia&parent=1463"}],"curies":[{"name":"wp","href":"https:\/\/api.w.org\/{rel}","templated":true}]}}