{"id":1520,"date":"2019-05-02T11:02:13","date_gmt":"2019-05-02T09:02:13","guid":{"rendered":"http:\/\/www.musikverlag-nickel.eu\/NEWS-BLOG\/?page_id=1520"},"modified":"2025-04-26T16:49:56","modified_gmt":"2025-04-26T14:49:56","slug":"ot","status":"publish","type":"page","link":"http:\/\/www.musikverlag-nickel.eu\/NEWS-BLOG\/?page_id=1520","title":{"rendered":"OT"},"content":{"rendered":"\n<p>Das K\u00fcrzel OT steht f\u00fcr \u201eohne Titel\u201c. Die Reihenfolge der Druckausgabe ist chronologisch. Im Konzert kann die Auswahl bzw. auch die Reihenfolge nach der Vorstellung des\/der Ausf\u00fchrenden frei getroffen werden.<br><br>Die St\u00fccke entstanden in der Zeit zwischen 2012 und 2014. Stilistisch frei sind sie pointiert gefasste Notate, gleichsam \u201esnap shots\u201c schweifender Gedanken.<\/p>\n\n\n\n<p>Volker Blumenthaler: OT&nbsp;<br>St\u00fccke f\u00fcr Klavier<br>ISMN 979-0-700344-11-5 \/ MVN 63 (Part.)<br>24,- EUR<br>(M\u00fcnchen 2015)<\/p>\n\n\n\n<div class=\"wp-block-buttons is-layout-flex wp-block-buttons-is-layout-flex\">\n<div class=\"wp-block-button\"><a class=\"wp-block-button__link wp-element-button\" href=\"https:\/\/www.musikverlag-nickel.eu\/NEWS-BLOG\/?product=blumenthaler-volker-ot\">Bestellen<\/a><\/div>\n<\/div>\n\n\n\n<figure class=\"wp-block-gallery has-nested-images columns-default is-cropped wp-block-gallery-1 is-layout-flex wp-block-gallery-is-layout-flex\">\n<figure class=\"wp-block-image\"><a href=\"https:\/\/www.musikverlag-nickel.eu\/NEWS-BLOG\/wp-content\/uploads\/2019\/05\/MVN-63_Bild-1.jpg\"><img loading=\"lazy\" decoding=\"async\" width=\"724\" height=\"1024\" data-id=\"1521\" src=\"https:\/\/www.musikverlag-nickel.eu\/NEWS-BLOG\/wp-content\/uploads\/2019\/05\/MVN-63_Bild-1-724x1024.jpg\" alt=\"\" class=\"wp-image-1521\" srcset=\"http:\/\/www.musikverlag-nickel.eu\/NEWS-BLOG\/wp-content\/uploads\/2019\/05\/MVN-63_Bild-1-724x1024.jpg 724w, http:\/\/www.musikverlag-nickel.eu\/NEWS-BLOG\/wp-content\/uploads\/2019\/05\/MVN-63_Bild-1-600x848.jpg 600w, http:\/\/www.musikverlag-nickel.eu\/NEWS-BLOG\/wp-content\/uploads\/2019\/05\/MVN-63_Bild-1-212x300.jpg 212w, http:\/\/www.musikverlag-nickel.eu\/NEWS-BLOG\/wp-content\/uploads\/2019\/05\/MVN-63_Bild-1-768x1086.jpg 768w, http:\/\/www.musikverlag-nickel.eu\/NEWS-BLOG\/wp-content\/uploads\/2019\/05\/MVN-63_Bild-1-680x961.jpg 680w, http:\/\/www.musikverlag-nickel.eu\/NEWS-BLOG\/wp-content\/uploads\/2019\/05\/MVN-63_Bild-1-920x1301.jpg 920w, http:\/\/www.musikverlag-nickel.eu\/NEWS-BLOG\/wp-content\/uploads\/2019\/05\/MVN-63_Bild-1.jpg 1240w\" sizes=\"auto, (max-width: 724px) 100vw, 724px\" \/><\/a><\/figure>\n\n\n\n<figure class=\"wp-block-image\"><a href=\"https:\/\/www.musikverlag-nickel.eu\/NEWS-BLOG\/wp-content\/uploads\/2019\/05\/MVN-63_Bild-2.jpg\"><img loading=\"lazy\" decoding=\"async\" width=\"725\" height=\"1024\" data-id=\"1522\" src=\"https:\/\/www.musikverlag-nickel.eu\/NEWS-BLOG\/wp-content\/uploads\/2019\/05\/MVN-63_Bild-2-725x1024.jpg\" alt=\"\" class=\"wp-image-1522\" srcset=\"http:\/\/www.musikverlag-nickel.eu\/NEWS-BLOG\/wp-content\/uploads\/2019\/05\/MVN-63_Bild-2-725x1024.jpg 725w, http:\/\/www.musikverlag-nickel.eu\/NEWS-BLOG\/wp-content\/uploads\/2019\/05\/MVN-63_Bild-2-600x848.jpg 600w, http:\/\/www.musikverlag-nickel.eu\/NEWS-BLOG\/wp-content\/uploads\/2019\/05\/MVN-63_Bild-2-212x300.jpg 212w, http:\/\/www.musikverlag-nickel.eu\/NEWS-BLOG\/wp-content\/uploads\/2019\/05\/MVN-63_Bild-2-768x1085.jpg 768w, http:\/\/www.musikverlag-nickel.eu\/NEWS-BLOG\/wp-content\/uploads\/2019\/05\/MVN-63_Bild-2-680x961.jpg 680w, http:\/\/www.musikverlag-nickel.eu\/NEWS-BLOG\/wp-content\/uploads\/2019\/05\/MVN-63_Bild-2-920x1300.jpg 920w, http:\/\/www.musikverlag-nickel.eu\/NEWS-BLOG\/wp-content\/uploads\/2019\/05\/MVN-63_Bild-2.jpg 1241w\" sizes=\"auto, (max-width: 725px) 100vw, 725px\" \/><\/a><\/figure>\n<\/figure>\n\n\n\n<figure class=\"wp-block-embed is-type-video is-provider-youtube wp-block-embed-youtube wp-embed-aspect-16-9 wp-has-aspect-ratio\"><div class=\"wp-block-embed__wrapper\">\n<iframe loading=\"lazy\"  id=\"_ytid_95728\"  width=\"640\" height=\"360\"  data-origwidth=\"640\" data-origheight=\"360\" src=\"https:\/\/www.youtube.com\/embed\/j7PjQK4F36w?enablejsapi=1&#038;autoplay=0&#038;cc_load_policy=0&#038;cc_lang_pref=&#038;iv_load_policy=1&#038;loop=0&#038;rel=1&#038;fs=1&#038;playsinline=0&#038;autohide=2&#038;theme=dark&#038;color=red&#038;controls=1&#038;disablekb=0&#038;\" class=\"__youtube_prefs__  epyt-is-override  no-lazyload\" title=\"YouTube player\"  allow=\"fullscreen; accelerometer; autoplay; clipboard-write; encrypted-media; gyroscope; picture-in-picture; web-share\" referrerpolicy=\"strict-origin-when-cross-origin\" allowfullscreen data-no-lazy=\"1\" data-skipgform_ajax_framebjll=\"\"><\/iframe>\n<\/div><figcaption class=\"wp-element-caption\">Mechanisch-pr\u00e4zise Miniatur: Uta Walther spielt OT 021213 &#8222;\u00e0 Domenico&#8220; (aus &#8222;OT &#8211; St\u00fccke f\u00fcr Klavier&#8220;, MVN 63) von Volker Blumenthaler.<br><br><\/figcaption><\/figure>\n\n\n\n<figure class=\"wp-block-embed is-type-video is-provider-youtube wp-block-embed-youtube wp-embed-aspect-16-9 wp-has-aspect-ratio\"><div class=\"wp-block-embed__wrapper\">\n<iframe loading=\"lazy\"  id=\"_ytid_91488\"  width=\"640\" height=\"360\"  data-origwidth=\"640\" data-origheight=\"360\" src=\"https:\/\/www.youtube.com\/embed\/bm8UoM8top8?enablejsapi=1&#038;autoplay=0&#038;cc_load_policy=0&#038;cc_lang_pref=&#038;iv_load_policy=1&#038;loop=0&#038;rel=1&#038;fs=1&#038;playsinline=0&#038;autohide=2&#038;theme=dark&#038;color=red&#038;controls=1&#038;disablekb=0&#038;\" class=\"__youtube_prefs__  epyt-is-override  no-lazyload\" title=\"YouTube player\"  allow=\"fullscreen; accelerometer; autoplay; clipboard-write; encrypted-media; gyroscope; picture-in-picture; web-share\" referrerpolicy=\"strict-origin-when-cross-origin\" allowfullscreen data-no-lazy=\"1\" data-skipgform_ajax_framebjll=\"\"><\/iframe>\n<\/div><figcaption class=\"wp-element-caption\">&#8222;Feinsinnige Miniatur&#8220;: Martin Tchiba spielt OT230514 (aus &#8222;OT &#8211; St\u00fccke f\u00fcr Klavier&#8220;, MVN 63) von Volker Blumenthaler<\/figcaption><\/figure>\n\n\n\n<p>#Klavier<\/p>\n","protected":false},"excerpt":{"rendered":"<p>Das K\u00fcrzel OT steht f\u00fcr \u201eohne Titel\u201c. Die Reihenfolge der Druckausgabe ist chronologisch. Im Konzert kann die Auswahl bzw. auch die Reihenfolge nach der Vorstellung des\/der Ausf\u00fchrenden frei getroffen werden. [&hellip;]<\/p>\n","protected":false},"author":1,"featured_media":0,"parent":1258,"menu_order":0,"comment_status":"closed","ping_status":"closed","template":"","meta":{"footnotes":""},"class_list":["post-1520","page","type-page","status-publish","hentry"],"_links":{"self":[{"href":"http:\/\/www.musikverlag-nickel.eu\/NEWS-BLOG\/index.php?rest_route=\/wp\/v2\/pages\/1520","targetHints":{"allow":["GET"]}}],"collection":[{"href":"http:\/\/www.musikverlag-nickel.eu\/NEWS-BLOG\/index.php?rest_route=\/wp\/v2\/pages"}],"about":[{"href":"http:\/\/www.musikverlag-nickel.eu\/NEWS-BLOG\/index.php?rest_route=\/wp\/v2\/types\/page"}],"author":[{"embeddable":true,"href":"http:\/\/www.musikverlag-nickel.eu\/NEWS-BLOG\/index.php?rest_route=\/wp\/v2\/users\/1"}],"replies":[{"embeddable":true,"href":"http:\/\/www.musikverlag-nickel.eu\/NEWS-BLOG\/index.php?rest_route=%2Fwp%2Fv2%2Fcomments&post=1520"}],"version-history":[{"count":3,"href":"http:\/\/www.musikverlag-nickel.eu\/NEWS-BLOG\/index.php?rest_route=\/wp\/v2\/pages\/1520\/revisions"}],"predecessor-version":[{"id":1921,"href":"http:\/\/www.musikverlag-nickel.eu\/NEWS-BLOG\/index.php?rest_route=\/wp\/v2\/pages\/1520\/revisions\/1921"}],"up":[{"embeddable":true,"href":"http:\/\/www.musikverlag-nickel.eu\/NEWS-BLOG\/index.php?rest_route=\/wp\/v2\/pages\/1258"}],"wp:attachment":[{"href":"http:\/\/www.musikverlag-nickel.eu\/NEWS-BLOG\/index.php?rest_route=%2Fwp%2Fv2%2Fmedia&parent=1520"}],"curies":[{"name":"wp","href":"https:\/\/api.w.org\/{rel}","templated":true}]}}