{"id":1581,"date":"2020-09-11T09:24:13","date_gmt":"2020-09-11T07:24:13","guid":{"rendered":"http:\/\/www.musikverlag-nickel.eu\/NEWS-BLOG\/?page_id=1581"},"modified":"2025-04-26T17:07:03","modified_gmt":"2025-04-26T15:07:03","slug":"nachspiele","status":"publish","type":"page","link":"http:\/\/www.musikverlag-nickel.eu\/NEWS-BLOG\/?page_id=1581","title":{"rendered":"NACHSPIELE"},"content":{"rendered":"\n<p>Ein Nachspiel wird von manchem gef\u00fcrchtet. Da kommt noch etwas, nachdem etwas getan oder gesagt worden ist. Im Nachspiel k\u00f6nnen Entscheidungen fallen wie im Sport. Ein Nachspiel ist also keine Nebensache, sondern wie im Leben so auch in den Liedern von Schubert und Schumann, ein wesentlicher und folgenreicher Bestandteil des Ganzen. Schumann verliert sich in seinen Nachspielen oft in ausschweifenden und poetisch \u00fcberbordenden Emanationen.&nbsp;<br>Diese f\u00fcnf Nachspiele sind Kommentare zu Texten verschiedener Autoren. Ankn\u00fcpfend an Schumann sind es Fantasien auf dem Terrain des Nachgedankens kurz vor dem Verklingen.&nbsp;<\/p>\n\n\n\n<p>Volker Blumenthaler: NACHSPIELE&nbsp;<br>f\u00fcr Violoncello und Klavier<br>ISMN 979-0-700344-36-8 \/ MVN 88 (Part.)<br>26,- EUR<br>(M\u00fcnchen, 2017)<\/p>\n\n\n\n<div class=\"wp-block-buttons is-layout-flex wp-block-buttons-is-layout-flex\">\n<div class=\"wp-block-button\"><a class=\"wp-block-button__link wp-element-button\" href=\"https:\/\/www.musikverlag-nickel.eu\/NEWS-BLOG\/?product=blumenthaler-volker-nachspiele\">Bestellen<\/a><\/div>\n<\/div>\n\n\n\n<figure class=\"wp-block-gallery has-nested-images columns-default is-cropped wp-block-gallery-1 is-layout-flex wp-block-gallery-is-layout-flex\">\n<figure class=\"wp-block-image size-large\"><img loading=\"lazy\" decoding=\"async\" width=\"841\" height=\"595\" data-id=\"1583\" src=\"https:\/\/www.musikverlag-nickel.eu\/NEWS-BLOG\/wp-content\/uploads\/2020\/09\/MVN-88_Bild-1.jpg\" alt=\"\" class=\"wp-image-1583\" srcset=\"http:\/\/www.musikverlag-nickel.eu\/NEWS-BLOG\/wp-content\/uploads\/2020\/09\/MVN-88_Bild-1.jpg 841w, http:\/\/www.musikverlag-nickel.eu\/NEWS-BLOG\/wp-content\/uploads\/2020\/09\/MVN-88_Bild-1-600x424.jpg 600w, http:\/\/www.musikverlag-nickel.eu\/NEWS-BLOG\/wp-content\/uploads\/2020\/09\/MVN-88_Bild-1-300x212.jpg 300w, http:\/\/www.musikverlag-nickel.eu\/NEWS-BLOG\/wp-content\/uploads\/2020\/09\/MVN-88_Bild-1-768x543.jpg 768w, http:\/\/www.musikverlag-nickel.eu\/NEWS-BLOG\/wp-content\/uploads\/2020\/09\/MVN-88_Bild-1-680x481.jpg 680w\" sizes=\"auto, (max-width: 841px) 100vw, 841px\" \/><\/figure>\n\n\n\n<figure class=\"wp-block-image size-large\"><img loading=\"lazy\" decoding=\"async\" width=\"842\" height=\"595\" data-id=\"1584\" src=\"https:\/\/www.musikverlag-nickel.eu\/NEWS-BLOG\/wp-content\/uploads\/2020\/09\/MVN-88_Bild-2.jpg\" alt=\"\" class=\"wp-image-1584\" srcset=\"http:\/\/www.musikverlag-nickel.eu\/NEWS-BLOG\/wp-content\/uploads\/2020\/09\/MVN-88_Bild-2.jpg 842w, http:\/\/www.musikverlag-nickel.eu\/NEWS-BLOG\/wp-content\/uploads\/2020\/09\/MVN-88_Bild-2-600x424.jpg 600w, http:\/\/www.musikverlag-nickel.eu\/NEWS-BLOG\/wp-content\/uploads\/2020\/09\/MVN-88_Bild-2-300x212.jpg 300w, http:\/\/www.musikverlag-nickel.eu\/NEWS-BLOG\/wp-content\/uploads\/2020\/09\/MVN-88_Bild-2-768x543.jpg 768w, http:\/\/www.musikverlag-nickel.eu\/NEWS-BLOG\/wp-content\/uploads\/2020\/09\/MVN-88_Bild-2-680x481.jpg 680w\" sizes=\"auto, (max-width: 842px) 100vw, 842px\" \/><\/figure>\n<\/figure>\n\n\n\n#Violoncello #Cello #Klavier\n\n\n\n<p><\/p>\n","protected":false},"excerpt":{"rendered":"<p>Ein Nachspiel wird von manchem gef\u00fcrchtet. Da kommt noch etwas, nachdem etwas getan oder gesagt worden ist. Im Nachspiel k\u00f6nnen Entscheidungen fallen wie im Sport. Ein Nachspiel ist also keine [&hellip;]<\/p>\n","protected":false},"author":1,"featured_media":0,"parent":1258,"menu_order":0,"comment_status":"closed","ping_status":"closed","template":"","meta":{"footnotes":""},"class_list":["post-1581","page","type-page","status-publish","hentry"],"_links":{"self":[{"href":"http:\/\/www.musikverlag-nickel.eu\/NEWS-BLOG\/index.php?rest_route=\/wp\/v2\/pages\/1581","targetHints":{"allow":["GET"]}}],"collection":[{"href":"http:\/\/www.musikverlag-nickel.eu\/NEWS-BLOG\/index.php?rest_route=\/wp\/v2\/pages"}],"about":[{"href":"http:\/\/www.musikverlag-nickel.eu\/NEWS-BLOG\/index.php?rest_route=\/wp\/v2\/types\/page"}],"author":[{"embeddable":true,"href":"http:\/\/www.musikverlag-nickel.eu\/NEWS-BLOG\/index.php?rest_route=\/wp\/v2\/users\/1"}],"replies":[{"embeddable":true,"href":"http:\/\/www.musikverlag-nickel.eu\/NEWS-BLOG\/index.php?rest_route=%2Fwp%2Fv2%2Fcomments&post=1581"}],"version-history":[{"count":2,"href":"http:\/\/www.musikverlag-nickel.eu\/NEWS-BLOG\/index.php?rest_route=\/wp\/v2\/pages\/1581\/revisions"}],"predecessor-version":[{"id":1932,"href":"http:\/\/www.musikverlag-nickel.eu\/NEWS-BLOG\/index.php?rest_route=\/wp\/v2\/pages\/1581\/revisions\/1932"}],"up":[{"embeddable":true,"href":"http:\/\/www.musikverlag-nickel.eu\/NEWS-BLOG\/index.php?rest_route=\/wp\/v2\/pages\/1258"}],"wp:attachment":[{"href":"http:\/\/www.musikverlag-nickel.eu\/NEWS-BLOG\/index.php?rest_route=%2Fwp%2Fv2%2Fmedia&parent=1581"}],"curies":[{"name":"wp","href":"https:\/\/api.w.org\/{rel}","templated":true}]}}