{"id":1650,"date":"2021-12-03T11:39:32","date_gmt":"2021-12-03T09:39:32","guid":{"rendered":"http:\/\/www.musikverlag-nickel.eu\/NEWS-BLOG\/?page_id=1650"},"modified":"2021-12-03T11:42:37","modified_gmt":"2021-12-03T09:42:37","slug":"hong-jun-seo","status":"publish","type":"page","link":"http:\/\/www.musikverlag-nickel.eu\/NEWS-BLOG\/?page_id=1650","title":{"rendered":"Hong Jun Seo"},"content":{"rendered":"\n<figure class=\"wp-block-image size-full\"><a href=\"http:\/\/www.musikverlag-nickel.eu\/NEWS-BLOG\/wp-content\/uploads\/2021\/12\/Hong-Jun-Seo.jpg\"><img loading=\"lazy\" decoding=\"async\" width=\"750\" height=\"509\" src=\"http:\/\/www.musikverlag-nickel.eu\/NEWS-BLOG\/wp-content\/uploads\/2021\/12\/Hong-Jun-Seo.jpg\" alt=\"\" class=\"wp-image-1651\" srcset=\"http:\/\/www.musikverlag-nickel.eu\/NEWS-BLOG\/wp-content\/uploads\/2021\/12\/Hong-Jun-Seo.jpg 750w, http:\/\/www.musikverlag-nickel.eu\/NEWS-BLOG\/wp-content\/uploads\/2021\/12\/Hong-Jun-Seo-600x407.jpg 600w, http:\/\/www.musikverlag-nickel.eu\/NEWS-BLOG\/wp-content\/uploads\/2021\/12\/Hong-Jun-Seo-300x204.jpg 300w, http:\/\/www.musikverlag-nickel.eu\/NEWS-BLOG\/wp-content\/uploads\/2021\/12\/Hong-Jun-Seo-680x461.jpg 680w\" sizes=\"auto, (max-width: 750px) 100vw, 750px\" \/><\/a><\/figure>\n\n\n\n<p>Hong Jun Seo wurde 1978 in Chon Chun City (S\u00fcdkorea) geboren. Als er vier Jahre alt war erhielt er seinen ersten Klavierunterricht von seiner Mutter und Fl\u00f6tenunterricht bei Prof. Ki-Sae Han. Sein Kompositionsstudium begann er 1998 an der Universit\u00e4t Dae-Jin bei Kwang-Woo Chun (Komposition) und Prof. Dr. Ho Sung Cha und Dr. In-Sun Shin (Musiktheorie). Als Orchesterleiter studierte er zur gleichen Zeit bei seinem Vater. Nach seinem Bachelor of Music an der Dae-Jin Universit\u00e4t setzte er seine Studien an der Indiana University (USA) bei Prof. Dr. David Dzubay (Komposition) und in Deutschland an der Toni-V\u00f6lker Hochschule f\u00fcr Musik in Darmstadt (Komposition) und der Musikakademie Kassel (Orchesterleitung) bei Prof. Hans-Dieter Uhlenbruck fort. Er besuchte mehrere Meisterkurse in Dirigieren, so bei G\u00fcnter Herwig im Jahr 2007 und Michael Dittrich im Jahr 2010. Im selben Jahr setzte er seine Studien an der Staatlichen Hochschule f\u00fcr Musik und Darstellende Kunst Mannheim bei Prof. Dr. Sidney Corbett (Komposition) fort.&nbsp;<\/p>\n\n\n\n<p>Neben seinen Erfolgen als Fl\u00f6tist und Lehrer war er Assistenzdirigent des &#8222;National Youth Orchestra Kangwon&#8220; im Jahr 2002 und leitete die Urauff\u00fchrung seiner &#8222;Messe&#8220; mit dem &#8222;Dae-jin Konzertchor&#8220; im Jahr 2002. Im Jahr 2006 pr\u00e4sentierte er seine Komposition &#8222;Ko-Gung&#8220; f\u00fcr Fl\u00f6te und zwei Schlagzeuger bei den &#8222;Sommerferienkursen f\u00fcr Neue Musik&#8220; \u200b\u200bin Darmstadt. Im Jahr 2014 begann er seine Arbeit als Musikdirektor des &#8222;Yoencheon Art Center&#8220;, als Direktor des &#8222;Yes-Orchestra&#8220; und als Professor f\u00fcr Komposition an der Dae-jin University.&nbsp;<\/p>\n\n\n\n<p>Hong Jun Seo war Preistr\u00e4ger bei zahlreichen Wettbewerben und Musikfestivals, wie dem Kompositionspreis &#8222;K\u00f6nigin Sofia&#8220; in Spanien (2012), als Finalist beim internationalen Musikwettbewerb &#8222;K\u00f6nigin Elisabeth&#8220; in Belgien (2011), dem &#8222;Deutschen Musikwettbewerb&#8220; (2008), dem &#8222;Jeunesses international Music Competition&#8220; in Rum\u00e4nien (2008) oder dem &#8222;Viotti Musikwettbewerb&#8220; (2006). Er besuchte auch die &#8222;Sommerferienkurse f\u00fcr Neue Musik&#8220; \u200bin Darmstadt (2005, 2006), die &#8222;Ensemble Moderne Akademie&#8220; (2012) und war zu Gast bei den &#8222;Klangspuren&#8220; in \u00d6sterreich. Seit 2011 leitet er das Ensemble f\u00fcr zeitgen\u00f6ssische Musik &#8222;NID&#8220; (Neue Musik in Darmstadt) und seit 2013 das Ensemble &#8222;Yoel&#8220; in Mannheim.<\/p>\n\n\n\n<p><strong>Werke im Musikverlag V. Nickel<\/strong><\/p>\n\n\n\n<p>CELLOBUCH&nbsp;<br>Herausgegeben von Markus Schmitt und dem Leopold-Mozart-Zentrum der Universit\u00e4t Augsburg<br>ISMN 979-0-700344-88-7 \/ MVN 45 (Part.)<br>29,- EUR<\/p>\n\n\n\n<p><a href=\"http:\/\/www.musikverlag-nickel.eu\/NEWS-BLOG\/?page_id=1336\">MEHR \u00dcBER DAS CELLOBUCH NACHLESEN<\/a><\/p>\n","protected":false},"excerpt":{"rendered":"<p>Hong Jun Seo wurde 1978 in Chon Chun City (S\u00fcdkorea) geboren. Als er vier Jahre alt war erhielt er seinen ersten Klavierunterricht von seiner Mutter und Fl\u00f6tenunterricht bei Prof. Ki-Sae [&hellip;]<\/p>\n","protected":false},"author":1,"featured_media":0,"parent":25,"menu_order":0,"comment_status":"closed","ping_status":"closed","template":"","meta":{"footnotes":""},"class_list":["post-1650","page","type-page","status-publish","hentry"],"_links":{"self":[{"href":"http:\/\/www.musikverlag-nickel.eu\/NEWS-BLOG\/index.php?rest_route=\/wp\/v2\/pages\/1650","targetHints":{"allow":["GET"]}}],"collection":[{"href":"http:\/\/www.musikverlag-nickel.eu\/NEWS-BLOG\/index.php?rest_route=\/wp\/v2\/pages"}],"about":[{"href":"http:\/\/www.musikverlag-nickel.eu\/NEWS-BLOG\/index.php?rest_route=\/wp\/v2\/types\/page"}],"author":[{"embeddable":true,"href":"http:\/\/www.musikverlag-nickel.eu\/NEWS-BLOG\/index.php?rest_route=\/wp\/v2\/users\/1"}],"replies":[{"embeddable":true,"href":"http:\/\/www.musikverlag-nickel.eu\/NEWS-BLOG\/index.php?rest_route=%2Fwp%2Fv2%2Fcomments&post=1650"}],"version-history":[{"count":2,"href":"http:\/\/www.musikverlag-nickel.eu\/NEWS-BLOG\/index.php?rest_route=\/wp\/v2\/pages\/1650\/revisions"}],"predecessor-version":[{"id":1656,"href":"http:\/\/www.musikverlag-nickel.eu\/NEWS-BLOG\/index.php?rest_route=\/wp\/v2\/pages\/1650\/revisions\/1656"}],"up":[{"embeddable":true,"href":"http:\/\/www.musikverlag-nickel.eu\/NEWS-BLOG\/index.php?rest_route=\/wp\/v2\/pages\/25"}],"wp:attachment":[{"href":"http:\/\/www.musikverlag-nickel.eu\/NEWS-BLOG\/index.php?rest_route=%2Fwp%2Fv2%2Fmedia&parent=1650"}],"curies":[{"name":"wp","href":"https:\/\/api.w.org\/{rel}","templated":true}]}}