{"id":1710,"date":"2024-02-04T14:40:58","date_gmt":"2024-02-04T12:40:58","guid":{"rendered":"http:\/\/www.musikverlag-nickel.eu\/NEWS-BLOG\/?page_id=1710"},"modified":"2025-04-26T17:01:56","modified_gmt":"2025-04-26T15:01:56","slug":"preludes","status":"publish","type":"page","link":"http:\/\/www.musikverlag-nickel.eu\/NEWS-BLOG\/?page_id=1710","title":{"rendered":"PR\u00c9LUDES"},"content":{"rendered":"\n<p><strong>24 Pr\u00e9ludes f\u00fcr Klavier<\/strong><\/p>\n\n\n\n<p>Andr\u00e1s Hamary: PR\u00c9LUDES<br>F\u00fcr Klavier<br>Heft 1<br>ISMN 979-0-700344-46-7 \/ MVN 98 (Part.)<br>26 ,- EUR<br>(M\u00fcnchen, 2023)<\/p>\n\n\n\n<p><strong><strong>Heft 1<br><\/strong><\/strong>1. Pr\u00e4ambel&nbsp;&nbsp;&nbsp; &nbsp;&nbsp;&nbsp; &nbsp;&nbsp;&nbsp; &nbsp; &nbsp;&nbsp;&nbsp; &nbsp;&nbsp;&nbsp; &nbsp;&nbsp;&nbsp;&nbsp;<br>2. Stop and go<br>3. Sad Echoes \/ Traurige Echos \/ Echos tristes \/ Szomor\u00fa visszhangok &nbsp;&nbsp;&nbsp; &nbsp;&nbsp;&nbsp; &nbsp;&nbsp;&nbsp; &nbsp;&nbsp;&nbsp; &nbsp;&nbsp;&nbsp;&nbsp;<br>4. Terramoto \/ Erdbeben \/ Tremblement de terre \/ F\u00f6ldreng\u00e9s &nbsp;&nbsp;&nbsp; &nbsp;&nbsp;&nbsp; &nbsp;&nbsp;<br>5. Intermezzo 1&nbsp;&nbsp;&nbsp; &nbsp;&nbsp;&nbsp; &nbsp;&nbsp;&nbsp; &nbsp; &nbsp;&nbsp;&nbsp; &nbsp;&nbsp;&nbsp; &nbsp;&nbsp;&nbsp;&nbsp;<br>6. Funeral I <br>7. Ringat\u00f3 \/ Wiegenlied \/ Lullaby \/Berceuse &nbsp;&nbsp;&nbsp; &nbsp;&nbsp;&nbsp; &nbsp;&nbsp;&nbsp; &nbsp;&nbsp;&nbsp; &nbsp;&nbsp;&nbsp;&nbsp;<br>8. Intermezzo 2  &nbsp;&nbsp;&nbsp; &nbsp;&nbsp;&nbsp; &nbsp;&nbsp;<br>9. Funeral 2 &nbsp;&nbsp;&nbsp; &nbsp;&nbsp;&nbsp; &nbsp;&nbsp;&nbsp; &nbsp; &nbsp;&nbsp;&nbsp; &nbsp;&nbsp;&nbsp; &nbsp;&nbsp;&nbsp;&nbsp;<br>10. Csillagsz\u00f3r\u00f3 \/ Wunderkerze \/ Sparkles, \/ Bougie magique <br>11. Funeral 3 &#8211; Der letzte Zapfenstreich \/ Last Appell \/Az utols\u00f3 takarod\u00f3 &nbsp;&nbsp;&nbsp; &nbsp;&nbsp;&nbsp; &nbsp;&nbsp;&nbsp; &nbsp;&nbsp;&nbsp; &nbsp;&nbsp;&nbsp;&nbsp;<br>12. Mandolin<strong> &nbsp;&nbsp;&nbsp; &nbsp;&nbsp;&nbsp; &nbsp;&nbsp;<\/strong><\/p>\n\n\n\n<div class=\"wp-block-buttons is-layout-flex wp-block-buttons-is-layout-flex\">\n<div class=\"wp-block-button\"><a class=\"wp-block-button__link wp-element-button\" href=\"https:\/\/www.musikverlag-nickel.eu\/NEWS-BLOG\/?product=hamary-andras-preludes-heft-1\">Bestellen<\/a><\/div>\n<\/div>\n\n\n\n<figure class=\"wp-block-gallery has-nested-images columns-default is-cropped wp-block-gallery-1 is-layout-flex wp-block-gallery-is-layout-flex\">\n<figure class=\"wp-block-image size-large\"><a href=\"http:\/\/www.musikverlag-nickel.eu\/NEWS-BLOG\/wp-content\/uploads\/2024\/02\/MVN-98_Bild-1.jpg\"><img loading=\"lazy\" decoding=\"async\" width=\"595\" height=\"841\" data-id=\"1725\" src=\"http:\/\/www.musikverlag-nickel.eu\/NEWS-BLOG\/wp-content\/uploads\/2024\/02\/MVN-98_Bild-1.jpg\" alt=\"\" class=\"wp-image-1725\" srcset=\"http:\/\/www.musikverlag-nickel.eu\/NEWS-BLOG\/wp-content\/uploads\/2024\/02\/MVN-98_Bild-1.jpg 595w, http:\/\/www.musikverlag-nickel.eu\/NEWS-BLOG\/wp-content\/uploads\/2024\/02\/MVN-98_Bild-1-212x300.jpg 212w\" sizes=\"auto, (max-width: 595px) 100vw, 595px\" \/><\/a><\/figure>\n\n\n\n<figure class=\"wp-block-image size-large\"><a href=\"http:\/\/www.musikverlag-nickel.eu\/NEWS-BLOG\/wp-content\/uploads\/2024\/02\/MVN-98_Bild-2.jpg\"><img loading=\"lazy\" decoding=\"async\" width=\"595\" height=\"842\" data-id=\"1724\" src=\"http:\/\/www.musikverlag-nickel.eu\/NEWS-BLOG\/wp-content\/uploads\/2024\/02\/MVN-98_Bild-2.jpg\" alt=\"\" class=\"wp-image-1724\" srcset=\"http:\/\/www.musikverlag-nickel.eu\/NEWS-BLOG\/wp-content\/uploads\/2024\/02\/MVN-98_Bild-2.jpg 595w, http:\/\/www.musikverlag-nickel.eu\/NEWS-BLOG\/wp-content\/uploads\/2024\/02\/MVN-98_Bild-2-212x300.jpg 212w\" sizes=\"auto, (max-width: 595px) 100vw, 595px\" \/><\/a><\/figure>\n<\/figure>\n\n\n\n<p>Andr\u00e1s Hamary: PR\u00c9LUDES<br>F\u00fcr Klavier<br>Heft 2<br>ISMN 979-0-700344-45-0 \/ MVN 99 (Part.)<br>26 ,- EUR<br>(M\u00fcnchen, 2023)<\/p>\n\n\n\n<p><strong>Heft 2<br><\/strong>1. Csendes Kor\u00e1l \/ Stiller Choral \/ Silent Coral \/ Choral silencieuse&nbsp;&nbsp;&nbsp; &nbsp;&nbsp;&nbsp; &nbsp;&nbsp;&nbsp; &nbsp; &nbsp;&nbsp;&nbsp; &nbsp;&nbsp;&nbsp; &nbsp;&nbsp;&nbsp;&nbsp;<br>2. El milagro secreto \/ Das geheime Wunder \/ The Hidden Secret \/ Le miracle secret \/ Titkos csoda<br>3. Schwarze Trompeten \/ Black Trumpets \/ Trompettes noirs\/ Fekete trombit\u00e1k&nbsp;&nbsp;&nbsp; &nbsp;&nbsp;&nbsp; &nbsp;&nbsp;&nbsp; &nbsp;&nbsp;&nbsp; &nbsp;&nbsp;&nbsp;&nbsp;<br>4. Alla marcia&nbsp;&nbsp;&nbsp; &nbsp;&nbsp;&nbsp; &nbsp;&nbsp;<br>5. Inventio im Nebel &#8211; Hommage \u00e0 Dimitrij Schostakowitsch \/ Inventio in the Fog &#8211; Hommage \u00e0 Dimitrij Schostakovitch \/ Inventio dans la brume &#8211;&nbsp;&nbsp; Hommage \u00e0 Dimitrij Chostakovtch \/ Invenci\u00f3 a k\u00f6dben -H\u00f3dolat Dimitri Schosztakovicsnak&nbsp;&nbsp; &nbsp;&nbsp;&nbsp; &nbsp; &nbsp;&nbsp;&nbsp; &nbsp;&nbsp;&nbsp; &nbsp;&nbsp;&nbsp;&nbsp;<br>6. Der Trommler \/ The Drummer \/ Le Tambour \/ A dobos<br>7. Ritornello (Chopin)&nbsp;&nbsp;&nbsp; &nbsp;&nbsp;&nbsp; &nbsp;&nbsp;&nbsp; &nbsp;&nbsp;&nbsp; &nbsp;&nbsp;&nbsp;&nbsp;<br>8. Sarabande path\u00e9tique &nbsp;&nbsp;&nbsp; &nbsp;&nbsp;&nbsp; &nbsp;&nbsp;<br>9. Zeng\u00f6 sk\u00e1l\u00e1k \/ Tonleiter mit Nachklang, \/ Scales with resonances \/ Gammes avec resonance \/ Scales avec des resonances &nbsp;&nbsp;&nbsp; &nbsp; &nbsp;&nbsp;&nbsp; &nbsp;&nbsp;&nbsp; &nbsp;&nbsp;&nbsp;&nbsp;<br>10. Paganini met Gershwin in the 5th Avenue \/ Paganini trifft auf Gershwin in der 5th Avenue \/ Paganini se rencoentre avec Gershwin sur la 5th Avenue \/ Paganini tal\u00e1lozik Gershwinnel az \u00f6t\u00f6dik utc\u00e1ban<br>11. Ostinato arrabbiato &nbsp;&nbsp;&nbsp; &nbsp;&nbsp;&nbsp; &nbsp;&nbsp;&nbsp; &nbsp;&nbsp;&nbsp; &nbsp;&nbsp;&nbsp;&nbsp;<br>12. Farewell<strong> &nbsp;&nbsp;&nbsp;<\/strong><\/p>\n\n\n\n<div class=\"wp-block-buttons is-layout-flex wp-block-buttons-is-layout-flex\">\n<div class=\"wp-block-button\"><a class=\"wp-block-button__link wp-element-button\" href=\"https:\/\/www.musikverlag-nickel.eu\/NEWS-BLOG\/?product=hamary-andras-preludes-heft-2\">Bestellen<\/a><\/div>\n<\/div>\n\n\n\n<figure class=\"wp-block-gallery has-nested-images columns-default is-cropped wp-block-gallery-2 is-layout-flex wp-block-gallery-is-layout-flex\">\n<figure class=\"wp-block-image size-large\"><a href=\"http:\/\/www.musikverlag-nickel.eu\/NEWS-BLOG\/wp-content\/uploads\/2024\/02\/MVN-99_Bild-1-1.jpg\"><img loading=\"lazy\" decoding=\"async\" width=\"595\" height=\"841\" data-id=\"1722\" src=\"http:\/\/www.musikverlag-nickel.eu\/NEWS-BLOG\/wp-content\/uploads\/2024\/02\/MVN-99_Bild-1-1.jpg\" alt=\"\" class=\"wp-image-1722\" srcset=\"http:\/\/www.musikverlag-nickel.eu\/NEWS-BLOG\/wp-content\/uploads\/2024\/02\/MVN-99_Bild-1-1.jpg 595w, http:\/\/www.musikverlag-nickel.eu\/NEWS-BLOG\/wp-content\/uploads\/2024\/02\/MVN-99_Bild-1-1-212x300.jpg 212w\" sizes=\"auto, (max-width: 595px) 100vw, 595px\" \/><\/a><\/figure>\n\n\n\n<figure class=\"wp-block-image size-large\"><a href=\"http:\/\/www.musikverlag-nickel.eu\/NEWS-BLOG\/wp-content\/uploads\/2024\/02\/MVN-99_Bild-2.jpg\"><img loading=\"lazy\" decoding=\"async\" width=\"595\" height=\"842\" data-id=\"1723\" src=\"http:\/\/www.musikverlag-nickel.eu\/NEWS-BLOG\/wp-content\/uploads\/2024\/02\/MVN-99_Bild-2.jpg\" alt=\"\" class=\"wp-image-1723\" srcset=\"http:\/\/www.musikverlag-nickel.eu\/NEWS-BLOG\/wp-content\/uploads\/2024\/02\/MVN-99_Bild-2.jpg 595w, http:\/\/www.musikverlag-nickel.eu\/NEWS-BLOG\/wp-content\/uploads\/2024\/02\/MVN-99_Bild-2-212x300.jpg 212w\" sizes=\"auto, (max-width: 595px) 100vw, 595px\" \/><\/a><\/figure>\n<\/figure>\n\n\n\n<p><a href=\"https:\/\/neos-music.com\/product\/andras-hamary\/\">CD der 24 Pr\u00e9ludes mit Markus Bellheim bei NEOS<\/a><\/p>\n\n\n\n<p>#Klavier<\/p>\n","protected":false},"excerpt":{"rendered":"<p>24 Pr\u00e9ludes f\u00fcr Klavier Andr\u00e1s Hamary: PR\u00c9LUDESF\u00fcr KlavierHeft 1ISMN 979-0-700344-46-7 \/ MVN 98 (Part.)26 ,- EUR(M\u00fcnchen, 2023) Heft 11. Pr\u00e4ambel&nbsp;&nbsp;&nbsp; &nbsp;&nbsp;&nbsp; &nbsp;&nbsp;&nbsp; &nbsp; &nbsp;&nbsp;&nbsp; &nbsp;&nbsp;&nbsp; &nbsp;&nbsp;&nbsp;&nbsp;2. Stop and go3. Sad [&hellip;]<\/p>\n","protected":false},"author":1,"featured_media":0,"parent":1181,"menu_order":0,"comment_status":"closed","ping_status":"closed","template":"","meta":{"footnotes":""},"class_list":["post-1710","page","type-page","status-publish","hentry"],"_links":{"self":[{"href":"http:\/\/www.musikverlag-nickel.eu\/NEWS-BLOG\/index.php?rest_route=\/wp\/v2\/pages\/1710","targetHints":{"allow":["GET"]}}],"collection":[{"href":"http:\/\/www.musikverlag-nickel.eu\/NEWS-BLOG\/index.php?rest_route=\/wp\/v2\/pages"}],"about":[{"href":"http:\/\/www.musikverlag-nickel.eu\/NEWS-BLOG\/index.php?rest_route=\/wp\/v2\/types\/page"}],"author":[{"embeddable":true,"href":"http:\/\/www.musikverlag-nickel.eu\/NEWS-BLOG\/index.php?rest_route=\/wp\/v2\/users\/1"}],"replies":[{"embeddable":true,"href":"http:\/\/www.musikverlag-nickel.eu\/NEWS-BLOG\/index.php?rest_route=%2Fwp%2Fv2%2Fcomments&post=1710"}],"version-history":[{"count":9,"href":"http:\/\/www.musikverlag-nickel.eu\/NEWS-BLOG\/index.php?rest_route=\/wp\/v2\/pages\/1710\/revisions"}],"predecessor-version":[{"id":1930,"href":"http:\/\/www.musikverlag-nickel.eu\/NEWS-BLOG\/index.php?rest_route=\/wp\/v2\/pages\/1710\/revisions\/1930"}],"up":[{"embeddable":true,"href":"http:\/\/www.musikverlag-nickel.eu\/NEWS-BLOG\/index.php?rest_route=\/wp\/v2\/pages\/1181"}],"wp:attachment":[{"href":"http:\/\/www.musikverlag-nickel.eu\/NEWS-BLOG\/index.php?rest_route=%2Fwp%2Fv2%2Fmedia&parent=1710"}],"curies":[{"name":"wp","href":"https:\/\/api.w.org\/{rel}","templated":true}]}}