{"id":5,"date":"2014-01-15T23:06:55","date_gmt":"2014-01-15T21:06:55","guid":{"rendered":"http:\/\/www.musikverlag-nickel.eu\/wordpress\/?page_id=5"},"modified":"2024-11-06T18:39:55","modified_gmt":"2024-11-06T16:39:55","slug":"musikverlag","status":"publish","type":"page","link":"http:\/\/www.musikverlag-nickel.eu\/NEWS-BLOG\/?page_id=5","title":{"rendered":"Musikverlag V. Nickel, M\u00fcnchen"},"content":{"rendered":"<p>In unserem Verlagsprogramm finden Sie ausgew\u00e4hlte Werke zeitgen\u00f6ssischer Musik von renommierten Autoren wie<span class=\"Apple-converted-space\">\u00a0<\/span><\/p>\n<p>Andr\u00e1s Hamary, Volker Blumenthaler, Manuela Kerer, Anno Schreier,<span class=\"Apple-converted-space\">\u00a0<\/span><\/p>\n<p>Markus Schmitt, Alexander Strauch,<span class=\"Apple-converted-space\">\u00a0<\/span><\/p>\n<p>Fredrik Schwenk, Stefan Schulzki u.a.<span class=\"Apple-converted-space\">\u00a0<\/span><\/p>\n<p>Neben herausragenden Einzelausgaben zeitgen\u00f6ssischer Musik f\u00fcr unterschiedliche Solo- und Kammermusik-Besetzungen finden Sie in unserem Programm auch besondere Anthologien wie das \u201e<a href=\"http:\/\/musikverlag-nickel.eu\/Titel\/Schmitt%20CELLOBUCH%20FUER%20JULIUS%20BERGER.html\" target=\"_blank\" rel=\"noopener noreferrer\">Cellobuch<\/a>\u201c mit Kompositionen von Wilhelm Killmayer, Manuela Kerer, Franghiz Ali-Zadeh, Johannes X. Schachtner u.a.<\/p>\n<p>Musikverlag V. Nickel<br \/>Walchenseeplatz 4<br \/>81539 M\u00fcnchen<br \/>MAIL kontakt@musikverlag-nickel.eu<br \/>www.musikverlag-nickel.eu<\/p>\n\n\n<p><\/p>\n","protected":false},"excerpt":{"rendered":"<p>In unserem Verlagsprogramm finden Sie ausgew\u00e4hlte Werke zeitgen\u00f6ssischer Musik von renommierten Autoren wie\u00a0 Andr\u00e1s Hamary, Volker Blumenthaler, Manuela Kerer, Anno Schreier,\u00a0 Markus Schmitt, Alexander Strauch,\u00a0 Fredrik Schwenk, Stefan Schulzki u.a.\u00a0 [&hellip;]<\/p>\n","protected":false},"author":1,"featured_media":0,"parent":0,"menu_order":0,"comment_status":"open","ping_status":"open","template":"","meta":{"footnotes":""},"class_list":["post-5","page","type-page","status-publish","hentry"],"_links":{"self":[{"href":"http:\/\/www.musikverlag-nickel.eu\/NEWS-BLOG\/index.php?rest_route=\/wp\/v2\/pages\/5","targetHints":{"allow":["GET"]}}],"collection":[{"href":"http:\/\/www.musikverlag-nickel.eu\/NEWS-BLOG\/index.php?rest_route=\/wp\/v2\/pages"}],"about":[{"href":"http:\/\/www.musikverlag-nickel.eu\/NEWS-BLOG\/index.php?rest_route=\/wp\/v2\/types\/page"}],"author":[{"embeddable":true,"href":"http:\/\/www.musikverlag-nickel.eu\/NEWS-BLOG\/index.php?rest_route=\/wp\/v2\/users\/1"}],"replies":[{"embeddable":true,"href":"http:\/\/www.musikverlag-nickel.eu\/NEWS-BLOG\/index.php?rest_route=%2Fwp%2Fv2%2Fcomments&post=5"}],"version-history":[{"count":13,"href":"http:\/\/www.musikverlag-nickel.eu\/NEWS-BLOG\/index.php?rest_route=\/wp\/v2\/pages\/5\/revisions"}],"predecessor-version":[{"id":1781,"href":"http:\/\/www.musikverlag-nickel.eu\/NEWS-BLOG\/index.php?rest_route=\/wp\/v2\/pages\/5\/revisions\/1781"}],"wp:attachment":[{"href":"http:\/\/www.musikverlag-nickel.eu\/NEWS-BLOG\/index.php?rest_route=%2Fwp%2Fv2%2Fmedia&parent=5"}],"curies":[{"name":"wp","href":"https:\/\/api.w.org\/{rel}","templated":true}]}}