{"id":1181,"date":"2019-03-23T12:24:03","date_gmt":"2019-03-23T10:24:03","guid":{"rendered":"http:\/\/www.musikverlag-nickel.eu\/NEWS-BLOG\/?page_id=1181"},"modified":"2025-04-26T17:00:26","modified_gmt":"2025-04-26T15:00:26","slug":"andras-hamary","status":"publish","type":"page","link":"https:\/\/www.musikverlag-nickel.eu\/NEWS-BLOG\/?page_id=1181","title":{"rendered":"Andr\u00e1s Hamary"},"content":{"rendered":"\n<figure class=\"wp-block-image\"><img loading=\"lazy\" decoding=\"async\" width=\"768\" height=\"1024\" src=\"http:\/\/www.musikverlag-nickel.eu\/NEWS-BLOG\/wp-content\/uploads\/2019\/03\/Andras-Hamary-768x1024.jpg\" alt=\"\" class=\"wp-image-1182\" srcset=\"https:\/\/www.musikverlag-nickel.eu\/NEWS-BLOG\/wp-content\/uploads\/2019\/03\/Andras-Hamary-768x1024.jpg 768w, https:\/\/www.musikverlag-nickel.eu\/NEWS-BLOG\/wp-content\/uploads\/2019\/03\/Andras-Hamary-600x800.jpg 600w, https:\/\/www.musikverlag-nickel.eu\/NEWS-BLOG\/wp-content\/uploads\/2019\/03\/Andras-Hamary-225x300.jpg 225w, https:\/\/www.musikverlag-nickel.eu\/NEWS-BLOG\/wp-content\/uploads\/2019\/03\/Andras-Hamary-680x907.jpg 680w, https:\/\/www.musikverlag-nickel.eu\/NEWS-BLOG\/wp-content\/uploads\/2019\/03\/Andras-Hamary-920x1227.jpg 920w, https:\/\/www.musikverlag-nickel.eu\/NEWS-BLOG\/wp-content\/uploads\/2019\/03\/Andras-Hamary-scaled.jpg 1920w\" sizes=\"auto, (max-width: 768px) 100vw, 768px\" \/><figcaption class=\"wp-element-caption\">Foto: privat<\/figcaption><\/figure>\n\n\n\n<p>Andr\u00e1s Hamary wurde am 13. Juni 1950 in Budapest geboren. Nach Studien der F\u00e4cher Klavier, Dirigieren und Komposition am Bart\u00f3k-Konservatorium und an der Musikakademie \u201eFerenc Liszt\u201d wurde er als Sch\u00fcler von Hans Leygraf an der Musikhochschule Hannover zum Konzertpianisten ausgebildet und besuchte Meisterkurse bei Alfred Brendel, G\u00e9za Anda, Nikita Magaloff und Yvonne Lef\u00e9bure. Nach diversen Auszeichnungen (1. Preis des Debussy-Klavierwettbewerbes, Paris; Felix-Mendelssohn-Bartholdy-Preis, Berlin) und einer internationalen Konzertt\u00e4tigkeit als Pianist, widmet er sich haupts\u00e4chlich dem Komponieren und befasst sich seit 5 Jahren auch mit Computergraphik und Videoanimation.<\/p>\n\n\n\n<p>Hamarys f\u00fcnf Orchesterst\u00fccke \u201eTimor &#8211; Fragmente zur Angst\u201d (1981), noch w\u00e4hrend seines Kompositionsstudiums bei Milko Kelemen geschrieben, trugen ihm den Kompositionspreis der Stadt Stuttgart ein. Seit Ende der siebziger Jahre entstanden Kompositionen f\u00fcr die verschiedensten Gattungen, darunter die Oper \u201eSeid still\u201d (1990), eine Auftragskomposition der 2. M\u00fcnchener Biennale, die Performance \u201eDer Welt Lohn\u201d (2003\/04), komponiert f\u00fcr die 200-Jahresfeier des W\u00fcrzburger Mainfrankentheaters und \u201eDead wall tales\u201c (Musiktheater Frankfurt a. M., W\u00fcrzburg 2015).<\/p>\n\n\n\n<p>Als Dirigent (Studium bei Thomas Ungar in Stuttgart) widmete sich Hamary &#8211; im Gegensatz zu seiner pianistischen T\u00e4tigkeit &#8211; ausschlie\u00dflich der neuen Musik. Mit dem \u201eensemble avance\u201d, eine Formation junger Musiker f\u00fcr die Interpretation zeitgen\u00f6ssischer Musik, das er in Stuttgart gr\u00fcndete, machte er zahlreiche Rundfunkaufnahmen und Urauff\u00fchrungen renommierter Komponisten. Bei der 1. M\u00fcnchener Biennale 1988 erhielt er als Dirigent der Oper \u201eBremer Freiheit\u201d von Adriana H\u00f6lszky den BMW-Musiktheaterpreis f\u00fcr die beste Musikalische Leitung.<\/p>\n\n\n\n<p>Weitere Auszeichnungen f\u00fcr den Komponisten Hamary sind der 2. Preis der Internationalen Viola-Forschungsgesellschaft Salzburg (f\u00fcr \u201eGrauzonen\u201d), eine Auszeichnung beim Internationalen Kompositions-Wettbewerb \u201eKarlheinz Stockhausen\u201d in Bergamo (f\u00fcr die 13 Klavieret\u00fcden), sowie Stipendien der Heinrich Strobel-Stiftung, der Kunststiftung Baden-W\u00fcrttemberg und des Landes Niedersachsen. 2016 wurde Andr\u00e1s Hamary mit dem Kulturpreis Bayern in der Sparte Musik geehrt.<\/p>\n\n\n\n<p>Seit 1986 hat er eine Professur f\u00fcr Klavier und Kammermusik an der Hochschule f\u00fcr Musik in W\u00fcrzburg inne.<\/p>\n\n\n\n<p><a href=\"http:\/\/www.hamary.de\/#\">Homepage von Andr\u00e1s Hamary<\/a><\/p>\n\n\n\n<p><strong>Werke im Musikverlag V. Nickel<\/strong><\/p>\n\n\n\n<p>DER KLEINE PRINZ<br>Zehn St\u00fccke f\u00fcr Klavier<br>Erstes Heft<br>ISMN 979-0-700344-30-6 \/ MVN 82&nbsp;(Part.)<br>19,- EUR<\/p>\n\n\n\n<p><a href=\"http:\/\/www.musikverlag-nickel.eu\/NEWS-BLOG\/?page_id=1207\">MEHR \u00dcBER DAS ST\u00dcCK&nbsp; NACHLESEN<\/a><\/p>\n\n\n\n<p>DER KLEINE PRINZ<br>Zehn St\u00fccke f\u00fcr Klavier<br>Zweites Heft<br>ISMN 979-0-700344-34-4 MVN 86&nbsp;(Part.)<br>19,- EUR<\/p>\n\n\n\n<p><a href=\"http:\/\/www.musikverlag-nickel.eu\/NEWS-BLOG\/?page_id=1207\">MEHR \u00dcBER DAS ST\u00dcCK&nbsp; NACHLESEN<\/a><\/p>\n\n\n\n<p>JELEK<br>9 St\u00fccke f\u00fcr Klavier<br>ISMN 979-0-700344-23-8 \/ MVN 76&nbsp;(Part.)<br>29,- EUR<\/p>\n\n\n\n<p><a href=\"http:\/\/www.musikverlag-nickel.eu\/NEWS-BLOG\/?page_id=1185\">MEHR \u00dcBER DAS ST\u00dcCK&nbsp; NACHLESEN<\/a><\/p>\n\n\n\n<p>JELEK (Akk.)<br>7 St\u00fccke nach dem Klavierst\u00fcck &#8222;Jelek&#8220; &#8211; bearbeitet f\u00fcr Akkordeon von Hugo Noth<br>ISMN 979-0-700344-47-4 \/ MVN 100&nbsp;(Part.)<br>29,- EUR<\/p>\n\n\n\n<p><a href=\"http:\/\/www.musikverlag-nickel.eu\/NEWS-BLOG\/?page_id=1749&amp;preview=true\">MEHR \u00dcBER DAS ST\u00dcCK&nbsp; NACHLESEN<\/a><\/p>\n\n\n\n<p>SECHS BAGATELLEN<br>f\u00fcr Klavier<br>ISMN 979-0-700344-29-0 \/ MVN 81 (Part.)<br>24,-<\/p>\n\n\n\n<p><a href=\"http:\/\/www.musikverlag-nickel.eu\/NEWS-BLOG\/?page_id=1415\">MEHR \u00dcBER DAS ST\u00dcCK&nbsp; NACHLESEN<\/a><\/p>\n\n\n\n<p>PR\u00c9LUDES<br>f\u00fcr Klavier<br>Heft 1<br>ISMN 979-0-700344-46-7 MVN 98&nbsp;(Part.)<br>26,- EUR<\/p>\n\n\n\n<p><a href=\"http:\/\/www.musikverlag-nickel.eu\/NEWS-BLOG\/?page_id=1283\">MEHR \u00dcBER <\/a><a href=\"http:\/\/www.musikverlag-nickel.eu\/NEWS-BLOG\/?page_id=1710\">DAS ST\u00dcCK NACHLESEN<\/a><\/p>\n\n\n\n<p>PR\u00c9LUDES<br>f\u00fcr Klavier<br>Heft 2<br>ISMN 979-0-700344-45-0 MVN 99&nbsp;(Part.)<br>26,- EUR<\/p>\n\n\n\n<p><a href=\"https:\/\/www.musikverlag-nickel.eu\/NEWS-BLOG\/?page_id=1710\" data-type=\"link\" data-id=\"https:\/\/www.musikverlag-nickel.eu\/NEWS-BLOG\/?page_id=1710\">MEHR \u00dcBER DAS ST\u00dcCK NACHLESEN<\/a><\/p>\n\n\n\n<p>TENEBRAE<br>f\u00fcr Violoncello und Klavier<br>ISMN 979-0-700344-41-2 \/ MVN 93 (Part.)<br>36,- EUR<br><\/p>\n\n\n\n<p><a href=\"http:\/\/www.musikverlag-nickel.eu\/NEWS-BLOG\/?page_id=1283\">MEHR \u00dcBER DAS ST\u00dcCK NACHLESEN<\/a><\/p>\n\n\n\n<p><br><\/p>\n","protected":false},"excerpt":{"rendered":"<p>Andr\u00e1s Hamary wurde am 13. Juni 1950 in Budapest geboren. Nach Studien der F\u00e4cher Klavier, Dirigieren und Komposition am Bart\u00f3k-Konservatorium und an der Musikakademie \u201eFerenc Liszt\u201d wurde er als Sch\u00fcler [&hellip;]<\/p>\n","protected":false},"author":1,"featured_media":0,"parent":25,"menu_order":0,"comment_status":"closed","ping_status":"closed","template":"","meta":{"footnotes":""},"class_list":["post-1181","page","type-page","status-publish","hentry"],"_links":{"self":[{"href":"https:\/\/www.musikverlag-nickel.eu\/NEWS-BLOG\/index.php?rest_route=\/wp\/v2\/pages\/1181","targetHints":{"allow":["GET"]}}],"collection":[{"href":"https:\/\/www.musikverlag-nickel.eu\/NEWS-BLOG\/index.php?rest_route=\/wp\/v2\/pages"}],"about":[{"href":"https:\/\/www.musikverlag-nickel.eu\/NEWS-BLOG\/index.php?rest_route=\/wp\/v2\/types\/page"}],"author":[{"embeddable":true,"href":"https:\/\/www.musikverlag-nickel.eu\/NEWS-BLOG\/index.php?rest_route=\/wp\/v2\/users\/1"}],"replies":[{"embeddable":true,"href":"https:\/\/www.musikverlag-nickel.eu\/NEWS-BLOG\/index.php?rest_route=%2Fwp%2Fv2%2Fcomments&post=1181"}],"version-history":[{"count":16,"href":"https:\/\/www.musikverlag-nickel.eu\/NEWS-BLOG\/index.php?rest_route=\/wp\/v2\/pages\/1181\/revisions"}],"predecessor-version":[{"id":1929,"href":"https:\/\/www.musikverlag-nickel.eu\/NEWS-BLOG\/index.php?rest_route=\/wp\/v2\/pages\/1181\/revisions\/1929"}],"up":[{"embeddable":true,"href":"https:\/\/www.musikverlag-nickel.eu\/NEWS-BLOG\/index.php?rest_route=\/wp\/v2\/pages\/25"}],"wp:attachment":[{"href":"https:\/\/www.musikverlag-nickel.eu\/NEWS-BLOG\/index.php?rest_route=%2Fwp%2Fv2%2Fmedia&parent=1181"}],"curies":[{"name":"wp","href":"https:\/\/api.w.org\/{rel}","templated":true}]}}