{"id":1299,"date":"2019-03-28T10:31:22","date_gmt":"2019-03-28T08:31:22","guid":{"rendered":"http:\/\/www.musikverlag-nickel.eu\/NEWS-BLOG\/?page_id=1299"},"modified":"2025-05-10T18:56:18","modified_gmt":"2025-05-10T16:56:18","slug":"alexander-strauch","status":"publish","type":"page","link":"https:\/\/www.musikverlag-nickel.eu\/NEWS-BLOG\/?page_id=1299","title":{"rendered":"Alexander Strauch"},"content":{"rendered":"\n<figure class=\"wp-block-image is-resized\"><img loading=\"lazy\" decoding=\"async\" width=\"485\" height=\"673\" src=\"http:\/\/www.musikverlag-nickel.eu\/NEWS-BLOG\/wp-content\/uploads\/2019\/03\/A.Strauch-1.jpg\" alt=\"\" class=\"wp-image-1312\" srcset=\"https:\/\/www.musikverlag-nickel.eu\/NEWS-BLOG\/wp-content\/uploads\/2019\/03\/A.Strauch-1.jpg 485w, https:\/\/www.musikverlag-nickel.eu\/NEWS-BLOG\/wp-content\/uploads\/2019\/03\/A.Strauch-1-216x300.jpg 216w\" sizes=\"auto, (max-width: 485px) 100vw, 485px\" \/><figcaption class=\"wp-element-caption\">Foto: privat<\/figcaption><\/figure>\n\n\n\n<p>Alexander Strauch, geboren 1971 in M\u00fcnchen, kam durch seine Eltern, beide waren S\u00e4nger an der Bayerischen Staatsoper, mit Theater und Vokalmusik in Ber\u00fchrung, die zusammen mit instrumentaler Kammermusik Eckpfeiler seiner k\u00fcnstlerischen Arbeit sind.&nbsp; Strauch komponierte so unterschiedliche Musiktheaterwerke wie \u201eUT.OP-er\u201c (Semperoper Dresden 2009) oder &#8222;NEDA &#8211; der Ruf, die Stimme&#8220; (M\u00fcnchener Biennale 2012) und zahlreiche weitere instrumentale und vokale Werke u.a. f\u00fcr das M\u00fcnchener Kammerorchester, Junge Deutsche Philharmonie, piano possibile, Ensemble Integrales, Ensemble Leipzig 21, die Fredener Musiktage und die Rheinsberger Kammeroper. Dabei arbeitete er mit international renommierten K\u00fcnstlern zusammen, wie Christoph Poppen, Christopher Robson, Radovan Vlatkovic, Moritz Eggert uvm. Viele seiner Werke wurden vom Rundfunk aufgezeichnet und sind dort regelm\u00e4\u00dfig zu h\u00f6ren.<\/p>\n\n\n\n<p>Alexander Strauch ist Tr\u00e4ger des Musikf\u00f6rderpreises der Landeshauptstadt M\u00fcnchen und war Stipendiat der Cit\u00e9 Internationale des Arts in Paris und des Internationalen K\u00fcnstlerhauses &#8222;Villa Concordia&#8220; in Bamberg. Er studierte an den Musikhochschulen in M\u00fcnchen und Frankfurt\/M. und wurde durch Hans Zender und Isabel Mundry gepr\u00e4gt und gef\u00f6rdert. Weitere f\u00fcr sein Schaffen wichtige Marksteine war die Besch\u00e4ftigung mit den Komponisten Morton Feldman, Rolf Riehm und G\u00e9rard Grisey sowie der pers\u00f6nliche Austausch mit Kollegen wie Carl Christian Bettendorf, Volker Nickel und Klaus Schedl.<\/p>\n\n\n\n<p>Seit 2012 leitet Alexander Strauch zusammen mit den Kollegen Johannes X. Schachtner (bis 2015) und Samuel Penderbayne (seit 2016) des aDevantgarde-Festival\u00ad f\u00fcr zeitgen\u00f6ssische Musik. Alexander Strauch lebt in M\u00fcnchen.&nbsp;<\/p>\n\n\n\n<p><a href=\"http:\/\/www.strauchcomposer.de\/\">Homepage von Alexander Strauch<\/a><\/p>\n\n\n\n<p><strong>Werke im Musikverlag V. Nickel<\/strong><\/p>\n\n\n\n<p>HIAS <br>in memoriam Matthias Klostermayr&nbsp;<br>Streichquartett Nummer 1<br>ISMN 979-0-700344-51-1 \/ MVN 4&nbsp;(Part.)<br>26,- EUR<\/p>\n\n\n\n<p><a href=\"http:\/\/www.musikverlag-nickel.eu\/NEWS-BLOG\/?page_id=1329\">MEHR \u00dcBER DAS ST\u00dcCK NACHLESEN<\/a><\/p>\n\n\n\n<p>HIN &amp; HER III<br>f\u00fcr Altfl\u00f6te Solo und Ensemble<br>ISMN 979-0-700344-59-7 \/&nbsp;MVN 10 (Part.)<br>35,- EUR<\/p>\n\n\n\n<p><a href=\"https:\/\/www.musikverlag-nickel.eu\/NEWS-BLOG\/?page_id=2088\" data-type=\"link\" data-id=\"https:\/\/www.musikverlag-nickel.eu\/NEWS-BLOG\/?page_id=2088\">MEHR \u00dcBER DAS ST\u00dcCK NACHLESEN<\/a><\/p>\n\n\n\n<p>JUDY\u00b4S ADVICES HOW TO PLAY SHAKESPEARE<br>f\u00fcr Sopran und 6 Instrumente<br>ISMN 979-0-700344-84-9 \/&nbsp;MVN 37<br>derzeit nicht erh\u00e4ltlich<\/p>\n\n\n\n<p>LOGO &amp; ANIMATED GIF&nbsp;<br>f\u00fcr Klavier<br>ISMN 979-0-700344-31-3 \/ MVN 83 (Part.)<br>24,-<\/p>\n\n\n\n<p><a href=\"http:\/\/www.musikverlag-nickel.eu\/NEWS-BLOG\/?page_id=1303\">MEHR \u00dcBER DAS ST\u00dcCK NACHLESEN<\/a><\/p>\n\n\n\n<p>SCHRAFFUR\/GEL\u00c4NDE<br>f\u00fcr Viola, Akkordeon und Kontrabass-Saxophon (oder Tubax, oder Kontrabass-Tuba, oder Kontrabass-Klarinette)<br>ISMN 979-0-700344-67-2 \/ MVN 28 (Spielpartitur)<br>26,- EUR&nbsp;<\/p>\n\n\n\n<p><a href=\"http:\/\/www.musikverlag-nickel.eu\/NEWS-BLOG\/?page_id=1456\">MEHR \u00dcBER DAS ST\u00dcCK NACHLESEN<\/a><\/p>\n\n\n\n<p>SO WHAT?<br>f\u00fcr Violoncello und Klavier<br>ISMN 979-0-700344-81-8 \/&nbsp;MVN 35 (Part.)<br>32,- EUR<\/p>\n\n\n\n<p><a href=\"https:\/\/www.musikverlag-nickel.eu\/NEWS-BLOG\/?page_id=2099\" data-type=\"link\" data-id=\"https:\/\/www.musikverlag-nickel.eu\/NEWS-BLOG\/?page_id=2099\">MEHR \u00dcBER DAS ST\u00dcCK NACHLESEN<\/a><\/p>\n\n\n\n<p>STIMMUNG<br>\u00fcber die Bedeutung dieses Begriffs in neun Bildern<br>f\u00fcr Sopran, Viola, Violoncello und Diskant-Zither<br>ISMN 979-0-700344-58-0 \/\u00a0MVN 9 (Part.)<br>28,- EUR<\/p>\n\n\n\n<p><a href=\"https:\/\/www.musikverlag-nickel.eu\/NEWS-BLOG\/?page_id=2124\" data-type=\"link\" data-id=\"https:\/\/www.musikverlag-nickel.eu\/NEWS-BLOG\/?page_id=2124\">MEHR \u00dcBER DAS ST\u00dcCK NACHLESEN<\/a><\/p>\n\n\n\n<p>TROIS PERS\u00c9CUTIONS<br>f\u00fcr 2 Klarinetten<br>ISMN 979-0-700344-28-3 \/ MVN 80 (Spielpartitur)<br>19,- EUR<\/p>\n\n\n\n<p><a href=\"http:\/\/www.musikverlag-nickel.eu\/NEWS-BLOG\/?page_id=1463\">MEHR \u00dcBER DAS ST\u00dcCK NACHLESEN<\/a><\/p>\n","protected":false},"excerpt":{"rendered":"<p>Alexander Strauch, geboren 1971 in M\u00fcnchen, kam durch seine Eltern, beide waren S\u00e4nger an der Bayerischen Staatsoper, mit Theater und Vokalmusik in Ber\u00fchrung, die zusammen mit instrumentaler Kammermusik Eckpfeiler seiner [&hellip;]<\/p>\n","protected":false},"author":1,"featured_media":0,"parent":25,"menu_order":0,"comment_status":"closed","ping_status":"closed","template":"","meta":{"footnotes":""},"class_list":["post-1299","page","type-page","status-publish","hentry"],"_links":{"self":[{"href":"https:\/\/www.musikverlag-nickel.eu\/NEWS-BLOG\/index.php?rest_route=\/wp\/v2\/pages\/1299","targetHints":{"allow":["GET"]}}],"collection":[{"href":"https:\/\/www.musikverlag-nickel.eu\/NEWS-BLOG\/index.php?rest_route=\/wp\/v2\/pages"}],"about":[{"href":"https:\/\/www.musikverlag-nickel.eu\/NEWS-BLOG\/index.php?rest_route=\/wp\/v2\/types\/page"}],"author":[{"embeddable":true,"href":"https:\/\/www.musikverlag-nickel.eu\/NEWS-BLOG\/index.php?rest_route=\/wp\/v2\/users\/1"}],"replies":[{"embeddable":true,"href":"https:\/\/www.musikverlag-nickel.eu\/NEWS-BLOG\/index.php?rest_route=%2Fwp%2Fv2%2Fcomments&post=1299"}],"version-history":[{"count":19,"href":"https:\/\/www.musikverlag-nickel.eu\/NEWS-BLOG\/index.php?rest_route=\/wp\/v2\/pages\/1299\/revisions"}],"predecessor-version":[{"id":2130,"href":"https:\/\/www.musikverlag-nickel.eu\/NEWS-BLOG\/index.php?rest_route=\/wp\/v2\/pages\/1299\/revisions\/2130"}],"up":[{"embeddable":true,"href":"https:\/\/www.musikverlag-nickel.eu\/NEWS-BLOG\/index.php?rest_route=\/wp\/v2\/pages\/25"}],"wp:attachment":[{"href":"https:\/\/www.musikverlag-nickel.eu\/NEWS-BLOG\/index.php?rest_route=%2Fwp%2Fv2%2Fmedia&parent=1299"}],"curies":[{"name":"wp","href":"https:\/\/api.w.org\/{rel}","templated":true}]}}