{"id":1372,"date":"2019-04-06T10:55:16","date_gmt":"2019-04-06T08:55:16","guid":{"rendered":"http:\/\/www.musikverlag-nickel.eu\/NEWS-BLOG\/?page_id=1372"},"modified":"2025-06-08T08:47:25","modified_gmt":"2025-06-08T06:47:25","slug":"volker-nickel","status":"publish","type":"page","link":"https:\/\/www.musikverlag-nickel.eu\/NEWS-BLOG\/?page_id=1372","title":{"rendered":"Volker Nickel"},"content":{"rendered":"\n<figure class=\"wp-block-image\"><img loading=\"lazy\" decoding=\"async\" width=\"593\" height=\"827\" src=\"http:\/\/www.musikverlag-nickel.eu\/NEWS-BLOG\/wp-content\/uploads\/2019\/04\/Volker-Nickel_gross_sw.jpg\" alt=\"\" class=\"wp-image-1373\" srcset=\"https:\/\/www.musikverlag-nickel.eu\/NEWS-BLOG\/wp-content\/uploads\/2019\/04\/Volker-Nickel_gross_sw.jpg 593w, https:\/\/www.musikverlag-nickel.eu\/NEWS-BLOG\/wp-content\/uploads\/2019\/04\/Volker-Nickel_gross_sw-215x300.jpg 215w\" sizes=\"auto, (max-width: 593px) 100vw, 593px\" \/><figcaption class=\"wp-element-caption\">Foto: privat<\/figcaption><\/figure>\n\n\n\n<p>Volker Nickel, 1970 in Augsburg geboren, begann seine musikalische Ausbildung w\u00e4hrend seiner Schulzeit als Hospitant am Leopold-Mozart-Konservatorium in Augsburg. Sp\u00e4ter setzte er seine Studien an den Universit\u00e4ten in Augsburg und M\u00fcnchen fort und schloss sie an der staatlichen Hochschule f\u00fcr Musik und Theater in M\u00fcnchen mit Diplom und Meisterklassen-Diplom ab. Wichtige Impulse f\u00fcr seine Arbeit verdankt er seinen Lehrern Hans-J\u00fcrgen von Bose und Johannes Fischer, aber auch seinen vielf\u00e4ltigen weiteren Studien u.a. bei Theo Brandm\u00fcller, Hans-Ulrich Engelmann, Lars Ulrik Mortensen, Fredrik Schwenk, Clemens K\u00fchn, Wolfgang Plath und Marianne Danckwardt.<br> <br>Als Komponist entwickelte er einen kontrapunktischen und formal diskontinuierlichen Musikstil, der auf der Grundlage cantus-firmus-artiger Perioden und einer variierenden Montagetechnik aufgebaut ist.<br> <br>Nickels Arbeit wurde vielfach ausgezeichnet, darunter mit dem F\u00f6rderpreis der Ernst von Siemens Musikstiftung und einem Stipendium an der Cit\u00e9 Internationale des Arts in Paris. Zu den Interpreten seiner Musik geh\u00f6ren bekannte Ensembles wie das M\u00fcnchner Kammerorchester, das Ensemble Zeitsprung und Musik der Jahrhunderte, Dirigenten wie Christoph Poppen und Johannes X. Schachtner, und Solisten wie David Fr\u00fchwirt, Henri Bonamy, Andreas Skouras u.a.<br> <br>Volker Nickel ist Gr\u00fcnder des M\u00fcnchner Musikverlags V. Nickel, der sich der Herausgabe zeitgen\u00f6ssischer Kammermusik widmet und insbesondere zeitgen\u00f6ssische Kammermusik mit Violoncello in den Mittelpunkt seines Programms stellt. Darunter Kompositionen vieler renommierter Autoren wie Andr\u00e1s Hamary, Stefan Schulzki, Wilhelm Killmayer, Anno Schreier, Markus Schmitt und Johannes X. Schachtner.<br> <br>Volker Nickel ist Vorstandsmitglied des M\u00fcnchener Tonk\u00fcnstlerverbandes und Kurator des aDevantgarde-Festivals f\u00fcr zeitgen\u00f6ssische Musik, sowie Gr\u00fcndungsmitglied der Augsburger Gesellschaft f\u00fcr Neue Musik. Volker Nickel lebt in M\u00fcnchen und lehrt an der Musikhochschule N\u00fcrnberg und an der Universit\u00e4t Augsburg.<\/p>\n\n\n\n<p><strong>Werke im Musikverlag V. Nickel<\/strong><\/p>\n\n\n\n<p><br>ABENDLIED<br>zum 300. Geburtstag von CPE Bach <br>f\u00fcr Violine und Klavier<br>ISMN 979-0-700344-69-2 \/&nbsp;MVN 49 (Part.)<br>24,- EUR<\/p>\n\n\n\n<p><a href=\"https:\/\/www.musikverlag-nickel.eu\/NEWS-BLOG\/?page_id=2177\" data-type=\"link\" data-id=\"https:\/\/www.musikverlag-nickel.eu\/NEWS-BLOG\/?page_id=2177\">MEHR \u00dcBER DAS ST\u00dcCK&nbsp; NACHLESEN<\/a><\/p>\n\n\n\n<p>CASSATION IN 4 S\u00c4TZEN&nbsp;<br>f\u00fcr Klarinette, Violoncello und Spieldose<br>ISMN 979-0-700344-19-1 \/ MVN 72 (Part.)<br>21,- EUR<\/p>\n\n\n\n<p><a href=\"http:\/\/www.musikverlag-nickel.eu\/NEWS-BLOG\/?page_id=1380\">MEHR \u00dcBER DAS ST\u00dcCK&nbsp; NACHLESEN<\/a><\/p>\n\n\n\n<p>CREDO&nbsp;<br>f\u00fcr 2 Singstimmen und 2 Orgeln<br>ISMN 979-0-700344-48-1 \/ MVN 12 (Part.)<br>32,- EUR<\/p>\n\n\n\n<p><a href=\"http:\/\/www.musikverlag-nickel.eu\/NEWS-BLOG\/?page_id=1555\">MEHR \u00dcBER DAS ST\u00dcCK&nbsp; NACHLESEN<\/a><\/p>\n\n\n\n<p>DIVERTIMENTO II<br>f\u00fcr Kammerorchester<br>ISMN 979-0-700344-89-4 \/&nbsp;MVN 42 (Part.)<br>32,- EUR<\/p>\n\n\n\n<p><a href=\"https:\/\/www.musikverlag-nickel.eu\/NEWS-BLOG\/?page_id=2186\" data-type=\"link\" data-id=\"https:\/\/www.musikverlag-nickel.eu\/NEWS-BLOG\/?page_id=2186\">MEHR \u00dcBER DAS ST\u00dcCK&nbsp; NACHLESEN<\/a><\/p>\n\n\n\n<p>IN SELBSTGEMACHTER WASSERSTR\u00d6MUNG<br>f\u00fcr Klarinette, Violoncello und Klavier<br>ISMN 979-0-700344-16-0 \/ MVN 68 (Part.)<br>28,- EUR<\/p>\n\n\n\n<p><a href=\"http:\/\/www.musikverlag-nickel.eu\/NEWS-BLOG\/?page_id=1446\">MEHR \u00dcBER DAS ST\u00dcCK&nbsp; NACHLESEN<\/a><\/p>\n\n\n\n<p>4 JAPANISCHE MINIATUREN<br>f\u00fcr Oboe, Bassklarinette und Klavier<br>ISMN 979-0-700344-61-0 \/ MVN 22 (Part.)<br>26,- EUR<\/p>\n\n\n\n<p><a href=\"http:\/\/www.musikverlag-nickel.eu\/NEWS-BLOG\/?page_id=1440\">MEHR \u00dcBER DAS ST\u00dcCK&nbsp; NACHLESEN<\/a><\/p>\n\n\n\n<p>3 KURZE SZENEN<br>f\u00fcr Streichquartett<br>ISMN 979-0-700344-50-4 \/&nbsp;MVN 6 (Part.)<br>26,- EUR<\/p>\n\n\n\n<p><a href=\"https:\/\/www.musikverlag-nickel.eu\/NEWS-BLOG\/?page_id=2195\" data-type=\"link\" data-id=\"https:\/\/www.musikverlag-nickel.eu\/NEWS-BLOG\/?page_id=2195\">MEHR \u00dcBER DAS ST\u00dcCK&nbsp; NACHLESEN<\/a><\/p>\n\n\n\n<p>L\u00c4NDLER<br>f\u00fcr Violoncello Solo<br>ISMN 979-0-700344-49-8 \/&nbsp;MVN 13 (Part.)<br>24,- EUR<\/p>\n\n\n\n<p><a href=\"https:\/\/www.musikverlag-nickel.eu\/NEWS-BLOG\/?page_id=2208\" data-type=\"link\" data-id=\"https:\/\/www.musikverlag-nickel.eu\/NEWS-BLOG\/?page_id=2208\">MEHR \u00dcBER DAS ST\u00dcCK&nbsp; NACHLESEN<\/a><\/p>\n\n\n\n<p>LARIFARI <br>50 kleine St\u00fccke f\u00fcr zwei Violoncelli&nbsp;(Sch\u00fcler und Lehrer)<br>ISMN 979-0-700344-00-9 \/&nbsp;MVN 1<br>17,50 EUR<\/p>\n\n\n\n<p><a href=\"https:\/\/www.musikverlag-nickel.eu\/NEWS-BLOG\/?page_id=2105\" data-type=\"link\" data-id=\"https:\/\/www.musikverlag-nickel.eu\/NEWS-BLOG\/?page_id=2105\">MEHR \u00dcBER DAS ST\u00dcCK&nbsp; NACHLESEN<\/a> <\/p>\n\n\n\n<p>OUVERT\u00dcRE ZU EINEM LUSTSPIEL<br>f\u00fcr 13 Blasinstrumente<br>Auftragskomposition zum 150. Geburtstag von Richard Strauss.<br>ISMN 979-0-700344-69-9 \/&nbsp;MVN 20<\/p>\n\n\n\n<p><a href=\"https:\/\/www.musikverlag-nickel.eu\/NEWS-BLOG\/?page_id=2219\" data-type=\"link\" data-id=\"https:\/\/www.musikverlag-nickel.eu\/NEWS-BLOG\/?page_id=2219\">MEHR \u00dcBER DAS ST\u00dcCK\u00a0 NACHLESEN<\/a><\/p>\n\n\n\n<p>REDOUTE<br>10 deutsche T\u00e4nze et al. f\u00fcr Oktett<br>ISMN 979-0-700344-37-5 \/&nbsp;MVN 89<\/p>\n\n\n\n<p><a href=\"https:\/\/www.musikverlag-nickel.eu\/NEWS-BLOG\/?page_id=2168\" data-type=\"link\" data-id=\"https:\/\/www.musikverlag-nickel.eu\/NEWS-BLOG\/?page_id=2168\">MEHR \u00dcBER DAS ST\u00dcCK&nbsp; NACHLESEN<\/a><\/p>\n\n\n\n<p>SONATINE<br>f\u00fcr zwei Fl\u00f6ten<br>ISMN 979-0-700344-32-0 \/&nbsp;MVN 84<br>24,- EUR<\/p>\n\n\n\n<p><a href=\"https:\/\/www.musikverlag-nickel.eu\/NEWS-BLOG\/?page_id=2160\" data-type=\"link\" data-id=\"https:\/\/www.musikverlag-nickel.eu\/NEWS-BLOG\/?page_id=2160\">MEHR \u00dcBER DAS ST\u00dcCK&nbsp; NACHLESEN<\/a><\/p>\n\n\n\n<p>WIE DIE DINGE AUS TON<br>f\u00fcr Violine und Klavier<br>ISMN 979-0-700344-78-8 \/ MVN 29 (Part.)<br>28,- EUR<\/p>\n\n\n\n<p><a href=\"http:\/\/www.musikverlag-nickel.eu\/NEWS-BLOG\/?page_id=1491\">MEHR \u00dcBER DAS ST\u00dcCK&nbsp; NACHLESEN<\/a><a href=\"http:\/\/www.musikverlag-nickel.eu\/NEWS-BLOG\/?page_id=1440\">\ufeff<\/a><\/p>\n\n\n\n<p><br><\/p>\n","protected":false},"excerpt":{"rendered":"<p>Volker Nickel, 1970 in Augsburg geboren, begann seine musikalische Ausbildung w\u00e4hrend seiner Schulzeit als Hospitant am Leopold-Mozart-Konservatorium in Augsburg. Sp\u00e4ter setzte er seine Studien an den Universit\u00e4ten in Augsburg und [&hellip;]<\/p>\n","protected":false},"author":1,"featured_media":0,"parent":25,"menu_order":0,"comment_status":"closed","ping_status":"closed","template":"","meta":{"footnotes":""},"class_list":["post-1372","page","type-page","status-publish","hentry"],"_links":{"self":[{"href":"https:\/\/www.musikverlag-nickel.eu\/NEWS-BLOG\/index.php?rest_route=\/wp\/v2\/pages\/1372","targetHints":{"allow":["GET"]}}],"collection":[{"href":"https:\/\/www.musikverlag-nickel.eu\/NEWS-BLOG\/index.php?rest_route=\/wp\/v2\/pages"}],"about":[{"href":"https:\/\/www.musikverlag-nickel.eu\/NEWS-BLOG\/index.php?rest_route=\/wp\/v2\/types\/page"}],"author":[{"embeddable":true,"href":"https:\/\/www.musikverlag-nickel.eu\/NEWS-BLOG\/index.php?rest_route=\/wp\/v2\/users\/1"}],"replies":[{"embeddable":true,"href":"https:\/\/www.musikverlag-nickel.eu\/NEWS-BLOG\/index.php?rest_route=%2Fwp%2Fv2%2Fcomments&post=1372"}],"version-history":[{"count":20,"href":"https:\/\/www.musikverlag-nickel.eu\/NEWS-BLOG\/index.php?rest_route=\/wp\/v2\/pages\/1372\/revisions"}],"predecessor-version":[{"id":2223,"href":"https:\/\/www.musikverlag-nickel.eu\/NEWS-BLOG\/index.php?rest_route=\/wp\/v2\/pages\/1372\/revisions\/2223"}],"up":[{"embeddable":true,"href":"https:\/\/www.musikverlag-nickel.eu\/NEWS-BLOG\/index.php?rest_route=\/wp\/v2\/pages\/25"}],"wp:attachment":[{"href":"https:\/\/www.musikverlag-nickel.eu\/NEWS-BLOG\/index.php?rest_route=%2Fwp%2Fv2%2Fmedia&parent=1372"}],"curies":[{"name":"wp","href":"https:\/\/api.w.org\/{rel}","templated":true}]}}