{"id":1480,"date":"2019-04-24T09:37:11","date_gmt":"2019-04-24T07:37:11","guid":{"rendered":"http:\/\/www.musikverlag-nickel.eu\/NEWS-BLOG\/?page_id=1480"},"modified":"2019-04-24T09:42:13","modified_gmt":"2019-04-24T07:42:13","slug":"anton-ruppert-2","status":"publish","type":"page","link":"https:\/\/www.musikverlag-nickel.eu\/NEWS-BLOG\/?page_id=1480","title":{"rendered":"Anton Ruppert"},"content":{"rendered":"\n<figure class=\"wp-block-image\"><img loading=\"lazy\" decoding=\"async\" width=\"817\" height=\"1024\" src=\"http:\/\/www.musikverlag-nickel.eu\/NEWS-BLOG\/wp-content\/uploads\/2019\/04\/Anton-Ruppert-817x1024.jpeg\" alt=\"\" class=\"wp-image-1481\" srcset=\"https:\/\/www.musikverlag-nickel.eu\/NEWS-BLOG\/wp-content\/uploads\/2019\/04\/Anton-Ruppert-817x1024.jpeg 817w, https:\/\/www.musikverlag-nickel.eu\/NEWS-BLOG\/wp-content\/uploads\/2019\/04\/Anton-Ruppert-600x752.jpeg 600w, https:\/\/www.musikverlag-nickel.eu\/NEWS-BLOG\/wp-content\/uploads\/2019\/04\/Anton-Ruppert-239x300.jpeg 239w, https:\/\/www.musikverlag-nickel.eu\/NEWS-BLOG\/wp-content\/uploads\/2019\/04\/Anton-Ruppert-768x962.jpeg 768w, https:\/\/www.musikverlag-nickel.eu\/NEWS-BLOG\/wp-content\/uploads\/2019\/04\/Anton-Ruppert-680x852.jpeg 680w, https:\/\/www.musikverlag-nickel.eu\/NEWS-BLOG\/wp-content\/uploads\/2019\/04\/Anton-Ruppert-920x1153.jpeg 920w, https:\/\/www.musikverlag-nickel.eu\/NEWS-BLOG\/wp-content\/uploads\/2019\/04\/Anton-Ruppert.jpeg 1315w\" sizes=\"auto, (max-width: 817px) 100vw, 817px\" \/><figcaption>Foto: privat<\/figcaption><\/figure>\n\n\n\n<p>Anton Ruppert wurde am 7. Juli 1936 in Hinter-Kotten im Bezirk Plan des damaligen Sudetenlandes geboren. Nach der Ausweisung und \u00dcbersiedelung 1946 in die N\u00e4he von M\u00fchldorf erhielt er ersten Klavierunterricht und begann mit Selbststudien in Harmonielehre und Kontrapunkt. Nach dem Umzug nach Wasserburg besuchte Ruppert die Schule in Rosenheim und erhielt dort Musiktheorieunterricht.<\/p>\n\n\n\n<p><br> Von 1954 \u2212 1958 studierte er zun\u00e4chst Komposition, sp\u00e4ter Dirigieren an der Staatlichen Hochschule f\u00fcr Musik in M\u00fcnchen. Nach Stationen als Repetitor in Bremen und Kaiserslautern holte ihn Joseph Keilberth 1961 als Solorepetitor an die Bayerische Staatsoper nach M\u00fcnchen. W\u00e4hrend dieser Zeit war er Mitglied des M\u00fcnchner Ensembles &#8222;Musik unserer Zeit&#8220;. Zahlreiche seiner damaligen Kammermusikwerke wurden von diesem Ensemble gespielt. Weitere Auff\u00fchrungen fanden im Rahmen des Studios f\u00fcr Neue Musik, im Bayerischen Rundfunk, bei den M\u00fcnchener Studiokonzerten der musica viva, sowie bei verschiedenen Tonk\u00fcnstlerfesten statt (u.a. Messiaen-Tage in M\u00fcnchen, Festival de La Rochelle, Institut f\u00fc\u0308r Neue Musik Freiburg). 1978 erhielt Ruppert den F\u00f6rderpreis der Stadt M\u00fcnchen. 1994 war er zum Internationalen Festival f\u00fcr Neue Musik nach Kiew eingeladen. Zahlreiche Solisten und Ensembles setzen sich f\u00fcrs seine Musik ein.<\/p>\n\n\n\n<p><br> Ein Schwerpunkt in Rupperts Schaffen liegt auf dem Gebiet der Oper. 1980 entstand f\u00fcr die Experimentierb\u00fchne der Bayerischen Staatsoper im Marstalltheater seine erste Kurzoper &#8222;Der Siebte&#8220;. 1989 wurde ebenfalls am Marstalltheater die Kammeroper &#8222;Der letzte Orpheus&#8220; uraufgef\u00fchrt, 1990 seine Oper nach Gerhard Hauptmanns &#8222;Und Pippa tanzt&#8220; an den St\u00e4dtischen B\u00fchnen M\u00fcnster. Zum gleichem Stoff schrieb Ruppert auch eine Schauspielmusik f\u00fcr die M\u00fcnchener Kammerspiele. 1996 folgte &#8222;Baumeister Solness&#8220; am Tiroler Landestheater in Innsbruck. Von 1996 \u2212 2006 unterrichtete Ruppert Korrepetition und Orchesterdirigieren an der Hochschule f\u00fcr Musik und Theater M\u00fcnchen.<\/p>\n\n\n\n<p><strong>Werke im Musikverlag V. Nickel<\/strong><\/p>\n\n\n\n<p>IN DER ZWISCHENZEIT<br>f\u00fcr Violoncello und Klavier<br>ISMN 979-0-700344-65-8 \/ MVN 17 (Part.)<br>26,- EUR<\/p>\n\n\n\n<p><a href=\"http:\/\/www.musikverlag-nickel.eu\/NEWS-BLOG\/?page_id=1485\">MEHR \u00dcBER DAS ST\u00dcCK\u00a0 NACHLESEN<\/a><\/p>\n","protected":false},"excerpt":{"rendered":"<p>Anton Ruppert wurde am 7. Juli 1936 in Hinter-Kotten im Bezirk Plan des damaligen Sudetenlandes geboren. Nach der Ausweisung und \u00dcbersiedelung 1946 in die N\u00e4he von M\u00fchldorf erhielt er ersten [&hellip;]<\/p>\n","protected":false},"author":1,"featured_media":0,"parent":25,"menu_order":0,"comment_status":"closed","ping_status":"closed","template":"","meta":{"footnotes":""},"class_list":["post-1480","page","type-page","status-publish","hentry"],"_links":{"self":[{"href":"https:\/\/www.musikverlag-nickel.eu\/NEWS-BLOG\/index.php?rest_route=\/wp\/v2\/pages\/1480","targetHints":{"allow":["GET"]}}],"collection":[{"href":"https:\/\/www.musikverlag-nickel.eu\/NEWS-BLOG\/index.php?rest_route=\/wp\/v2\/pages"}],"about":[{"href":"https:\/\/www.musikverlag-nickel.eu\/NEWS-BLOG\/index.php?rest_route=\/wp\/v2\/types\/page"}],"author":[{"embeddable":true,"href":"https:\/\/www.musikverlag-nickel.eu\/NEWS-BLOG\/index.php?rest_route=\/wp\/v2\/users\/1"}],"replies":[{"embeddable":true,"href":"https:\/\/www.musikverlag-nickel.eu\/NEWS-BLOG\/index.php?rest_route=%2Fwp%2Fv2%2Fcomments&post=1480"}],"version-history":[{"count":2,"href":"https:\/\/www.musikverlag-nickel.eu\/NEWS-BLOG\/index.php?rest_route=\/wp\/v2\/pages\/1480\/revisions"}],"predecessor-version":[{"id":1487,"href":"https:\/\/www.musikverlag-nickel.eu\/NEWS-BLOG\/index.php?rest_route=\/wp\/v2\/pages\/1480\/revisions\/1487"}],"up":[{"embeddable":true,"href":"https:\/\/www.musikverlag-nickel.eu\/NEWS-BLOG\/index.php?rest_route=\/wp\/v2\/pages\/25"}],"wp:attachment":[{"href":"https:\/\/www.musikverlag-nickel.eu\/NEWS-BLOG\/index.php?rest_route=%2Fwp%2Fv2%2Fmedia&parent=1480"}],"curies":[{"name":"wp","href":"https:\/\/api.w.org\/{rel}","templated":true}]}}