{"id":15,"date":"2014-01-15T23:03:29","date_gmt":"2014-01-15T21:03:29","guid":{"rendered":"http:\/\/www.musikverlag-nickel.eu\/wordpress\/?page_id=15"},"modified":"2026-04-07T23:07:26","modified_gmt":"2026-04-07T21:07:26","slug":"programm-2014","status":"publish","type":"page","link":"https:\/\/www.musikverlag-nickel.eu\/NEWS-BLOG\/?page_id=15","title":{"rendered":"Verlagsprogramm 2026"},"content":{"rendered":"\n<h3 class=\"wp-block-heading\"><strong>Blumenthaler, Volker&nbsp;<\/strong><\/h3>\n\n\n\n<p><strong>altri pensieri&nbsp;<\/strong><br>f\u00fcr Violoncello solo<br>ISMN 979-0-700344-99-3 \/&nbsp;MVN 53<\/p>\n\n\n\n<p><strong>Ein gro\u00dfes rotes Telefon&nbsp;<\/strong><br>f\u00fcr zweistimmigen Chor (S\/S) und Klavier<br>ISMN 979-0-700344-40-5 \/&nbsp;MVN 92<\/p>\n\n\n\n<p><strong>Gradations&nbsp;<\/strong><br>f\u00fcr zwei Kleine Trommel (1 Spieler)<br>ISMN 979-0-700344-35-1 \/&nbsp;MVN 87<\/p>\n\n\n\n<p><strong>OT &#8211; St\u00fccke f\u00fcr Klavier solo&nbsp;<\/strong><br>ISMN 979-0-700344-11-5 \/&nbsp;MVN 63<\/p>\n\n\n\n<p><strong>Nachspiele<\/strong><br>f\u00fcr Violoncello und Klavier<br>ISMN 979-0-700344-36-8 \/&nbsp;MVN 88<\/p>\n\n\n\n<p><strong>papilio amadei&nbsp;<\/strong><br>f\u00fcr Bassettklarinette oder Klarinette in B solo<br>ISMN 979-0-700344-20-7 \/&nbsp;MVN 73<\/p>\n\n\n\n<h3 class=\"wp-block-heading\"><strong>Bonato, Giovanni&nbsp;<\/strong><\/h3>\n\n\n\n<p><strong>Skerzo&nbsp;<\/strong><br>f\u00fcr zwei Violoncelli<\/p>\n\n\n\n<p>ver\u00f6ffentlicht in<\/p>\n\n\n\n<p><strong>CELLOBUCH F\u00dcR JULIUS BERGER<\/strong><br>ISMN 979-0-700344-88-7 \/&nbsp;MVN 45<\/p>\n\n\n\n<h3 class=\"wp-block-heading\"><strong>Bosareva, Maria<\/strong><\/h3>\n\n\n\n<p><strong>\u00dcbermich<\/strong><br>f\u00fcr Violoncello und Klavier<br>ISMN 979-0-700344-85-6 \/&nbsp;MVN 38<\/p>\n\n\n\n<p><strong>Epitaph<\/strong><br>f\u00fcr Barockstreichorchester und zwei Barockoboen<br>ISMN 979-0-700344-86-3 \/&nbsp;MVN 39<\/p>\n\n\n\n<p><strong>Streichtrio<\/strong><br>f\u00fcr Violine, Viola und Violoncello<br>ISMN 979-0-700344-87-0 \/&nbsp;MVN 44<\/p>\n\n\n\n<h3 class=\"wp-block-heading\"><strong>Bose, Hans-J\u00fcrgen <strong>von<\/strong><\/strong><\/h3>\n\n\n\n<p><strong>Maschine, Lied, Threnodie<\/strong><br>f\u00fcr Violoncello und Klavier<br>ISMN 979-0-700344-83-2 \/&nbsp;MVN 36<\/p>\n\n\n\n<h3 class=\"wp-block-heading\"><strong>Dieck, Christian<\/strong><\/h3>\n\n\n\n<p><strong>Threnos<\/strong><br>f\u00fcr Violoncello Solo<br>ISMN 979-0-700344-64-1 \/&nbsp;MVN 16<\/p>\n\n\n\n<p><strong>Entr\u00fcckungen<\/strong><br>f\u00fcr Violoncello&nbsp;und Klavier<br>ISMN 979-0-700344-15-3 \/&nbsp;MVN&nbsp;67<\/p>\n\n\n\n<h3 class=\"wp-block-heading\"><strong>Hamary, Andr\u00e1s<\/strong><\/h3>\n\n\n\n<p><strong>Jelek<\/strong><br>9 St\u00fccke f\u00fcr Klavier<br>ISMN 979-0-700344-23-8 \/&nbsp;MVN 76<\/p>\n\n\n\n<p><strong>Jelek<\/strong> (Fassung f\u00fcr Akkordeon)<br>7 St\u00fccke nach dem Klavierst\u00fcck &#8222;Jelek&#8220; bearbeitet f\u00fcr Akkordeon von Hugo Noth<br>979-0-700344-47-4 \/ MVN 100<\/p>\n\n\n<p><strong>Sechs Bagatellen<\/strong><br \/>f\u00fcr Klavier<br \/>ISMN 979-0-700344-29-0 \/\u00a0MVN 82<\/p>\n<p><strong>Der kleine Prinz<\/strong><br \/>Heft 1<br \/>f\u00fcr Klavier<br \/>ISMN 979-0-700344-30-6 \/\u00a0MVN 81<\/p>\n<p><strong>Der kleine Prinz\u00a0<\/strong><br \/>Heft 2<br \/>f\u00fcr Klavier<br \/>ISMN 979-0-700344-34-4 \/\u00a0MVN 86<\/p>\n<p><strong>Pr\u00e9ludes\u00a0<\/strong><br \/>Heft 1<br \/>f\u00fcr Klavier<br \/>ISMN 979-0-700344-46-7 \/ MVN 98<\/p>\n<p><strong>Pr\u00e9ludes\u00a0<\/strong><br \/>Heft 2<br \/>f\u00fcr Klavier<br \/>ISMN 979-0-700344-45-0 \/ MVN 99<\/p>\n<p><strong>Tenebrae<\/strong><br \/>f\u00fcr Violoncello und Klavier<br \/>ISMN 979-0-700344-41-2 \/\u00a0MVN 93<\/p>\n<h3><strong>Kerer, Manuela\u00a0<\/strong><\/h3>\n<p><strong>Amaroncello\u00a0<\/strong><br \/>f\u00fcr Violoncello solo<\/p>\n<p>ver\u00f6ffentlicht in<\/p>\n<p><strong>CELLOBUCH F\u00dcR JULIUS BERGER<\/strong><br \/>ISMN 979-0-700344-88-7 \/\u00a0MVN 45<\/p>\n<h3><strong>Nickel, Hartmut<\/strong><\/h3>\n<p><strong>Quodlibet\u00a0<\/strong><br \/>f\u00fcr Violoncello Solo<br \/>ISMN 979-0-700344-57-3 \/\u00a0MVN 8<\/p>\n<p><strong>Ringelreihen\u00a0<\/strong><br \/>f\u00fcr Violoncello Solo<br \/>ISMN 979-0-700344-63-4 \/\u00a0MVN 15<\/p>\n<h3><strong>Nickel, Volker<\/strong><\/h3>\n<p><strong>Abendlied<\/strong><br \/>zum 300. Geburtstag von CPE Bach<br \/>f\u00fcr Violine und Klavier<br \/>ISMN 979-0-700344-69-2 \/\u00a0MVN 49<\/p>\n<p><strong>Cassation in 4 S\u00e4tzen\u00a0<\/strong><br \/>f\u00fcr Klarinette und Violoncello<br \/>ISMN 979-0-700344-19-1 \/\u00a0MVN\u00a072<\/p>\n<p><strong>Credo<\/strong><br \/>f\u00fcr 2 Singstimmen und 2 Orgeln<br \/>ISMN 979-0-700344-49-8 \/\u00a0MVN 12<\/p>\n<p><strong>Divertimento II\u00a0<\/strong><br \/>f\u00fcr Kammerorchester<br \/>ISMN 979-0-700344-89-4 \/\u00a0MVN 42<\/p>\n<p><strong>In selbstgemachter Wasserstr\u00f6mung\u00a0<\/strong><br \/>f\u00fcr Klarinette, Violoncello und Klavier<br \/>ISMN 979-0-700344-16-0 \/\u00a0MVN 68<\/p>\n<p><strong>4 japanische Miniaturen<\/strong><br \/>f\u00fcr Oboe, Bassklarinette und Klavier<br \/>ISMN 979-0-700344-61-0 \/\u00a0MVN 22<\/p>\n<p><strong>3 kurze Szenen\u00a0<\/strong><br \/>f\u00fcr Streichquartett<br \/>ISMN 979-0-700344-50-4 \/\u00a0MVN 6<\/p>\n<p><strong>L\u00e4ndler\u00a0<\/strong><br \/>f\u00fcr Violoncello Solo<br \/>ISMN 979-0-700344-49-8 \/\u00a0MVN 13<\/p>\n<p><strong>Larifari \u2013 50 kleine St\u00fccke\u00a0<\/strong><br \/>f\u00fcr zwei Violoncelli\u00a0(Sch\u00fcler und Lehrer)<br \/>ISMN 979-0-700344-00-9 \/\u00a0MVN 1<\/p>\n<p><strong>Ouvert\u00fcre zu einem Lustspiel<\/strong><br \/>f\u00fcr 13 Blasinstrumente<br \/>Auftragskomposition zum 150. Geburtstag von Richard Strauss.<br \/>ISMN 979-0-700344-69-9 \/\u00a0MVN 20<\/p>\n<p><strong>Redoute\u00a0<\/strong><br \/>10 deutsche T\u00e4nze et al. f\u00fcr Oktett<br \/>ISMN 979-0-700344-37-5 \/\u00a0MVN 89<\/p>\n<p><strong>Sonatine\u00a0<\/strong><br \/>f\u00fcr zwei Fl\u00f6ten<br \/>ISMN 979-0-700344-32-0 \/\u00a0MVN 84<\/p>\n<p><strong>wie die dinge aus ton\u00a0<\/strong><br \/>f\u00fcr Violine und Klavier<br \/>ISMN 979-0-700344-78-8 \/\u00a0MVN 29<\/p>\n<h3><strong>Ruppert, Anton<\/strong><\/h3>\n<p><strong>In der Zwischenzeit<\/strong><br \/>f\u00fcr Violoncello und Klavier<br \/>ISMN 979-0-700344-65-8 \/\u00a0MVN 17<\/p>\n<h3><strong>Schmitt, Markus\u00a0<\/strong><\/h3>\n<p><strong>Alpluft<\/strong><br \/>Jodler und Juchetzer f\u00fcr Klarinette solo<br \/>ISMN 979-0-700344-21-4 \/\u00a0MVN 74<\/p>\n<p><strong>Cellobuch f\u00fcr Julius Berger\u00a0<\/strong><br \/>Herausgegeben von Markus Schmitt<br \/>und dem Leopold-Mozart-Zentrum der Universit\u00e4t Augsburg<br \/>ISMN\u00a0 979-0-700344-88-7 \/\u00a0MVN 45<\/p>\n<p><strong>Gel\u00e4ut f\u00fcr B.\u00a0<\/strong><br \/>f\u00fcr Streichorchester und obligates Violoncello Solo<br \/>zum 100. Geburtstag von Benjamin Britten<br \/>ISMN\u00a0 979-0-700344-72-6 \/\u00a0MVN 25<\/p>\n<p><strong>Goethe-Lieder\u00a0<\/strong><br \/>f\u00fcr Singstimme und Klavier<br \/>Hohe Stimmlage<br \/>ISMN\u00a0 979-0-700344-18-4 \/\u00a0MVN 70<\/p>\n<p>Mittlere\u00a0Stimmlage<br \/>ISMN 979-0-700344-13-9 \/\u00a0MVN\u00a066<\/p>\n<p><strong>echoi\u00a0<\/strong><br \/>f\u00fcr Violoncello und Klavier<br \/>ISMN 979-0-700344-01-6 \/ MVN\u00a054<\/p>\n<p><strong>In den Winkeln\u00a0<\/strong><br \/>f\u00fcr 8 Violoncelli<br \/>ISMN\u00a0 979-0-700344-67-2 \/\u00a0MVN 14<\/p>\n<p><strong>Jean-Paulsche Bagatellen<\/strong><br \/>f\u00fcr Wilhelm Killmayer zum 65. Geburtstag<\/p>\n<p>Fassung f\u00fcr Violoncello und Harfe<br \/>ISMN 979-0-700344-68-9 \/\u00a0MVN 18<\/p>\n<p>Fassung f\u00fcr Viola und Harfe<br \/>ISMN 979-0-700344-93-1 \/\u00a0MVN 46<\/p>\n<p><strong>Jodler und Juchetzer<\/strong><br \/>f\u00fcr Violine solo<br \/>ISMN 979-0-700344-24-5 \/\u00a0MVN 77<\/p>\n<p><strong>Jodler und Juchetzer\u00a0<\/strong><br \/>f\u00fcr Viola solo<br \/>ISMN 979-0-700344-26-9 \/\u00a0MVN 78<\/p>\n<p><strong>Jodler und Juchetzer<\/strong><br \/>f\u00fcr Violoncello solo<br \/>ISMN\u00a0 979-0-700344-27-6 \/\u00a0MVN 79<\/p>\n<p><strong>Kontrapost\u00a0<\/strong><br \/>f\u00fcr zwei Trompeten, R\u00f6hrenglocken und Tamtam<br \/>ISMN 979-0-700344-12-2 \/\u00a0MVN 64<\/p>\n<p><strong>nidere minne\u00a0<\/strong><br \/>f\u00fcr Piccolofl\u00f6te oder gro\u00dfe Fl\u00f6te<br \/>ISMN 979-0-700344-95-5 \/\u00a0MVN 48<\/p>\n<p><strong>Quelle belle femme<\/strong><br \/>f\u00fcr Sopran, Fl\u00f6te, Viola und Harfe<br \/>ISMN 979-0-700344-98-6 \/\u00a0MVN 52<\/p>\n<p><strong>Siebenk\u00e4s-Musik\u00a0<\/strong><br \/>f\u00fcr Klaviertrio<br \/>ISMN 979-0-700344-55-9 \/\u00a0MVN 2<\/p>\n<p><strong>Tre sonate galanti per il pianoforte\u00a0<\/strong><br \/>Fassung f\u00fcr Klavier<br \/>ISMN\u00a0 979-0-700344-80-1\/\u00a0MVN 33<\/p>\n<p>Fassung f\u00fcr Hammerklavier<br \/>ISMN\u00a0 979-0-700344-82-5 \/\u00a0MVN 34<big><\/big><\/p>\n<p><strong>Waldszenen<\/strong><br \/>f\u00fcr 6 Violoncelli<br \/>Transkription der \u201eWaldszenen\u201c Op. 82 von Robert Schumann<br \/>ISMN\u00a0 979-0-700344-05-4 \/\u00a0MVN 57<\/p>\n<h3><strong>Schreier, Anno\u00a0<\/strong><\/h3>\n<p><strong>Drei Landschaftsbilder<\/strong><br \/>f\u00fcr Violoncello Solo<br \/>ISMN 979-0-700344-60-3 \/\u00a0MVN 11<\/p>\n<p><strong>Lieder ohne Worte<\/strong><br \/>f\u00fcr Bassettklarinette (oder Klarinette in A) und Streichquartett<br \/>ISMN 979-0-700344-76-4 \/\u00a0MVN 30<\/p>\n<h3><strong>Schulzki,\u00a0Stefan\u00a0<\/strong><\/h3>\n<p><strong>Die Zeit und das Zimmer<\/strong><br \/>f\u00fcr\u00a0Fl\u00f6te, Viola und Harfe<br \/>ISMN 979-0-700344-07-8 \/\u00a0MVN\u00a059<\/p>\n<h3><strong>Schwenk, Fredrik<\/strong><\/h3>\n<p><strong>Zweites Trio und Abgesang\u00a0<\/strong><br \/>f\u00fcr Violine, Violoncello und Klavier<br \/>ISMN 979-0-700344-08-5 \/\u00a0MVN\u00a060<\/p>\n<p><strong>Abgesang<\/strong><br \/>f\u00fcr Violoncello solo<br \/>ISMN 979-0-700344-10-8 \/\u00a0MVN\u00a060<\/p>\n<h3><strong>Seo, Hong Jun\u00a0<\/strong><\/h3>\n<p><strong>Lotus\u00a0<\/strong><br \/>f\u00fcr zwei Violoncelli<\/p>\n<p>ver\u00f6ffentlicht in<\/p>\n<p><strong>CELLOBUCH F\u00dcR JULIUS BERGER<\/strong><br \/>ISMN 979-0-700344-88-7 \/\u00a0MVN 45<\/p>\n<h3><strong>Strauch, Alexander<\/strong><\/h3>\n<p><strong>HIAS \u2013 Streichquartett Nr. 1<\/strong><br \/>f\u00fcr Streichquartett<br \/>ISMN 979-0-700344-51-1 \/\u00a0MVN 4<\/p>\n<p><strong>HIN &amp; HER III\u00a0<\/strong><br \/>f\u00fcr Altfl\u00f6te Solo und Ensemble<br \/>ISMN 979-0-700344-59-7 \/\u00a0MVN 10<\/p>\n<p><strong>Judy\u00b4s advices how to play Shakespeare\u00a0<\/strong><br \/>f\u00fcr Sopran und 6 Instrumente<br \/>ISMN 979-0-700344-84-9 \/\u00a0MVN 37<\/p>\n<p><strong>Logo &amp; Animated Gif\u00a0<\/strong><br \/>5 Hommages f\u00fcr Klavier<br \/>ISMN 979-0-700344-31-3 \/\u00a0MVN 83<\/p>\n<p><strong>Schraffur\/Gel\u00e4nde<\/strong><br \/>f\u00fcr Viola, Akkordeon und Kontrabass-Saxophon (oder Kontrabass-Klarinette, oder Tubax, oder Tuba)<br \/>ISMN 979-0-700344-67-2 \/\u00a0MVN 28<\/p>\n<p><strong>So what?<\/strong><br \/>f\u00fcr Violoncello und Klavier<br \/>ISMN 979-0-700344-81-8 \/\u00a0MVN 35<\/p>\n<p><strong>STIMMUNG\u00a0<\/strong><br \/>\u00fcber die Bedeutung dieses Begriffs in neun Bildern<br \/>f\u00fcr Sopran, Viola, Violoncello und Diskant-Zither<br \/>ISMN 979-0-700344-58-0 \/\u00a0MVN 9<\/p>\n<p><strong>Trois Pers\u00e9cutions\u00a0<\/strong><br \/>f\u00fcr zwei Klarinetten<br \/>ISMN 979-0-700344-28-3 \/\u00a0MVN 80<\/p>\n<h3><strong>Wei\u00df, Michael Bastian\u00a0<\/strong><\/h3>\n<p><strong>Der Mensch diese seltene Erde<\/strong><br \/>f\u00fcr Blechbl\u00e4serquintett op. 19<br \/>ISMN 979-0-700344-22-1 \/\u00a0MVN 75<\/p>","protected":false},"excerpt":{"rendered":"<p>Blumenthaler, Volker&nbsp; altri pensieri&nbsp;f\u00fcr Violoncello soloISMN 979-0-700344-99-3 \/&nbsp;MVN 53 Ein gro\u00dfes rotes Telefon&nbsp;f\u00fcr zweistimmigen Chor (S\/S) und KlavierISMN 979-0-700344-40-5 \/&nbsp;MVN 92 Gradations&nbsp;f\u00fcr zwei Kleine Trommel (1 Spieler)ISMN 979-0-700344-35-1 \/&nbsp;MVN 87 [&hellip;]<\/p>\n","protected":false},"author":1,"featured_media":0,"parent":0,"menu_order":0,"comment_status":"open","ping_status":"closed","template":"","meta":{"footnotes":""},"class_list":["post-15","page","type-page","status-publish","hentry"],"_links":{"self":[{"href":"https:\/\/www.musikverlag-nickel.eu\/NEWS-BLOG\/index.php?rest_route=\/wp\/v2\/pages\/15","targetHints":{"allow":["GET"]}}],"collection":[{"href":"https:\/\/www.musikverlag-nickel.eu\/NEWS-BLOG\/index.php?rest_route=\/wp\/v2\/pages"}],"about":[{"href":"https:\/\/www.musikverlag-nickel.eu\/NEWS-BLOG\/index.php?rest_route=\/wp\/v2\/types\/page"}],"author":[{"embeddable":true,"href":"https:\/\/www.musikverlag-nickel.eu\/NEWS-BLOG\/index.php?rest_route=\/wp\/v2\/users\/1"}],"replies":[{"embeddable":true,"href":"https:\/\/www.musikverlag-nickel.eu\/NEWS-BLOG\/index.php?rest_route=%2Fwp%2Fv2%2Fcomments&post=15"}],"version-history":[{"count":53,"href":"https:\/\/www.musikverlag-nickel.eu\/NEWS-BLOG\/index.php?rest_route=\/wp\/v2\/pages\/15\/revisions"}],"predecessor-version":[{"id":2260,"href":"https:\/\/www.musikverlag-nickel.eu\/NEWS-BLOG\/index.php?rest_route=\/wp\/v2\/pages\/15\/revisions\/2260"}],"wp:attachment":[{"href":"https:\/\/www.musikverlag-nickel.eu\/NEWS-BLOG\/index.php?rest_route=%2Fwp%2Fv2%2Fmedia&parent=15"}],"curies":[{"name":"wp","href":"https:\/\/api.w.org\/{rel}","templated":true}]}}