{"id":2004,"date":"2025-04-30T20:12:17","date_gmt":"2025-04-30T18:12:17","guid":{"rendered":"https:\/\/www.musikverlag-nickel.eu\/NEWS-BLOG\/?page_id=2004"},"modified":"2025-04-30T20:23:47","modified_gmt":"2025-04-30T18:23:47","slug":"entrueckungen","status":"publish","type":"page","link":"https:\/\/www.musikverlag-nickel.eu\/NEWS-BLOG\/?page_id=2004","title":{"rendered":"ENTR\u00dcCKUNGEN"},"content":{"rendered":"\n<p>Entr\u00fcckungen entspringt der Idee eines mikrokosmischen Zentrums, von dem alles ausgeht und aus dem Motivpartikel sich entwickeln. W\u00e4hrend wir in den Au\u00dfens\u00e4tzen eine improvisatorische Textur vorliegen haben, ist der Mittelsatz als Zentrum (\u201eR\u00fcckungen\u201c) streng determiniert. Im improvisatorischem Teil, in dem jeder f\u00fcr sich unabh\u00e4ngig agiert, werden verschiedene Klangfarben des Klaviers und des Violoncello gegen\u00fcbergestellt. Diese Charaktere \u201er\u00fccken\u201c in den zweiten Satz und \u00e4ndern dabei ihre musikalische Aussage: Es beginnt ein wirklicher Dialog, der allerdings von einem Solo des Violoncellos unterbrochen wird. Beide geraten in ein Scherzando, bis dieser Gedanke verstummt. Die Stimmung der Begegnung kippt und die Zeichnung des musikalischen Charakters in Form und Programm beider Instrumente wird nur angedeutet, bleibt \u201emystisch verborgen\u201c. Eine klare Entwicklung der Motive bleibt aus. Der Epilog spannt den Bogen zum Anfang und beide Stimmen gehen auseinander.<\/p>\n\n\n\n<p>Christian Dieck: ENTR\u00dcCKUNGEN&nbsp;<br>f\u00fcr Violoncello und Klavier<br>ISMN 979-0-700344-15-3 \/&nbsp;MVN&nbsp;67 (Part.)<br>31,- EUR<br>(M\u00fcnchen, 2009)<\/p>\n\n\n\n<div class=\"wp-block-buttons is-layout-flex wp-block-buttons-is-layout-flex\">\n<div class=\"wp-block-button\"><a class=\"wp-block-button__link wp-element-button\" href=\"https:\/\/www.musikverlag-nickel.eu\/NEWS-BLOG\/?product=dieck-christian-entrueckungen\">Bestellen<\/a><\/div>\n<\/div>\n\n\n\n<figure class=\"wp-block-gallery has-nested-images columns-default is-cropped wp-block-gallery-1 is-layout-flex wp-block-gallery-is-layout-flex\">\n<figure class=\"wp-block-image size-large\"><a href=\"https:\/\/www.musikverlag-nickel.eu\/NEWS-BLOG\/wp-content\/uploads\/2015\/03\/MVN-67_Bild-1.jpg\"><img loading=\"lazy\" decoding=\"async\" width=\"724\" height=\"1024\" data-id=\"559\" src=\"https:\/\/www.musikverlag-nickel.eu\/NEWS-BLOG\/wp-content\/uploads\/2015\/03\/MVN-67_Bild-1-724x1024.jpg\" alt=\"\" class=\"wp-image-559\" srcset=\"https:\/\/www.musikverlag-nickel.eu\/NEWS-BLOG\/wp-content\/uploads\/2015\/03\/MVN-67_Bild-1-724x1024.jpg 724w, https:\/\/www.musikverlag-nickel.eu\/NEWS-BLOG\/wp-content\/uploads\/2015\/03\/MVN-67_Bild-1-600x848.jpg 600w, https:\/\/www.musikverlag-nickel.eu\/NEWS-BLOG\/wp-content\/uploads\/2015\/03\/MVN-67_Bild-1-212x300.jpg 212w, https:\/\/www.musikverlag-nickel.eu\/NEWS-BLOG\/wp-content\/uploads\/2015\/03\/MVN-67_Bild-1-680x961.jpg 680w, https:\/\/www.musikverlag-nickel.eu\/NEWS-BLOG\/wp-content\/uploads\/2015\/03\/MVN-67_Bild-1-920x1301.jpg 920w, https:\/\/www.musikverlag-nickel.eu\/NEWS-BLOG\/wp-content\/uploads\/2015\/03\/MVN-67_Bild-1.jpg 1240w\" sizes=\"auto, (max-width: 724px) 100vw, 724px\" \/><\/a><\/figure>\n\n\n\n<figure class=\"wp-block-image size-large\"><a href=\"https:\/\/www.musikverlag-nickel.eu\/NEWS-BLOG\/wp-content\/uploads\/2025\/04\/MVN-67_Bild-2.jpg\"><img loading=\"lazy\" decoding=\"async\" width=\"724\" height=\"1024\" data-id=\"2005\" src=\"https:\/\/www.musikverlag-nickel.eu\/NEWS-BLOG\/wp-content\/uploads\/2025\/04\/MVN-67_Bild-2-724x1024.jpg\" alt=\"\" class=\"wp-image-2005\" srcset=\"https:\/\/www.musikverlag-nickel.eu\/NEWS-BLOG\/wp-content\/uploads\/2025\/04\/MVN-67_Bild-2-724x1024.jpg 724w, https:\/\/www.musikverlag-nickel.eu\/NEWS-BLOG\/wp-content\/uploads\/2025\/04\/MVN-67_Bild-2-212x300.jpg 212w, https:\/\/www.musikverlag-nickel.eu\/NEWS-BLOG\/wp-content\/uploads\/2025\/04\/MVN-67_Bild-2-768x1086.jpg 768w, https:\/\/www.musikverlag-nickel.eu\/NEWS-BLOG\/wp-content\/uploads\/2025\/04\/MVN-67_Bild-2-1087x1536.jpg 1087w, https:\/\/www.musikverlag-nickel.eu\/NEWS-BLOG\/wp-content\/uploads\/2025\/04\/MVN-67_Bild-2-680x961.jpg 680w, https:\/\/www.musikverlag-nickel.eu\/NEWS-BLOG\/wp-content\/uploads\/2025\/04\/MVN-67_Bild-2-920x1301.jpg 920w, https:\/\/www.musikverlag-nickel.eu\/NEWS-BLOG\/wp-content\/uploads\/2025\/04\/MVN-67_Bild-2-600x848.jpg 600w, https:\/\/www.musikverlag-nickel.eu\/NEWS-BLOG\/wp-content\/uploads\/2025\/04\/MVN-67_Bild-2.jpg 1240w\" sizes=\"auto, (max-width: 724px) 100vw, 724px\" \/><\/a><\/figure>\n<\/figure>\n\n\n\n<p>#Violoncello #Kammermusik #Klavier<\/p>\n","protected":false},"excerpt":{"rendered":"<p>Entr\u00fcckungen entspringt der Idee eines mikrokosmischen Zentrums, von dem alles ausgeht und aus dem Motivpartikel sich entwickeln. W\u00e4hrend wir in den Au\u00dfens\u00e4tzen eine improvisatorische Textur vorliegen haben, ist der Mittelsatz [&hellip;]<\/p>\n","protected":false},"author":1,"featured_media":0,"parent":1389,"menu_order":0,"comment_status":"closed","ping_status":"closed","template":"","meta":{"footnotes":""},"class_list":["post-2004","page","type-page","status-publish","hentry"],"_links":{"self":[{"href":"https:\/\/www.musikverlag-nickel.eu\/NEWS-BLOG\/index.php?rest_route=\/wp\/v2\/pages\/2004","targetHints":{"allow":["GET"]}}],"collection":[{"href":"https:\/\/www.musikverlag-nickel.eu\/NEWS-BLOG\/index.php?rest_route=\/wp\/v2\/pages"}],"about":[{"href":"https:\/\/www.musikverlag-nickel.eu\/NEWS-BLOG\/index.php?rest_route=\/wp\/v2\/types\/page"}],"author":[{"embeddable":true,"href":"https:\/\/www.musikverlag-nickel.eu\/NEWS-BLOG\/index.php?rest_route=\/wp\/v2\/users\/1"}],"replies":[{"embeddable":true,"href":"https:\/\/www.musikverlag-nickel.eu\/NEWS-BLOG\/index.php?rest_route=%2Fwp%2Fv2%2Fcomments&post=2004"}],"version-history":[{"count":4,"href":"https:\/\/www.musikverlag-nickel.eu\/NEWS-BLOG\/index.php?rest_route=\/wp\/v2\/pages\/2004\/revisions"}],"predecessor-version":[{"id":2013,"href":"https:\/\/www.musikverlag-nickel.eu\/NEWS-BLOG\/index.php?rest_route=\/wp\/v2\/pages\/2004\/revisions\/2013"}],"up":[{"embeddable":true,"href":"https:\/\/www.musikverlag-nickel.eu\/NEWS-BLOG\/index.php?rest_route=\/wp\/v2\/pages\/1389"}],"wp:attachment":[{"href":"https:\/\/www.musikverlag-nickel.eu\/NEWS-BLOG\/index.php?rest_route=%2Fwp%2Fv2%2Fmedia&parent=2004"}],"curies":[{"name":"wp","href":"https:\/\/api.w.org\/{rel}","templated":true}]}}