{"id":2099,"date":"2025-05-10T17:55:06","date_gmt":"2025-05-10T15:55:06","guid":{"rendered":"https:\/\/www.musikverlag-nickel.eu\/NEWS-BLOG\/?page_id=2099"},"modified":"2025-05-10T17:58:36","modified_gmt":"2025-05-10T15:58:36","slug":"so-what","status":"publish","type":"page","link":"https:\/\/www.musikverlag-nickel.eu\/NEWS-BLOG\/?page_id=2099","title":{"rendered":"SO WHAT?"},"content":{"rendered":"\n<p>W\u00e4hrend eines Interviews gab der russische Pr\u00e4sident Wladimir Putin am 4. September 2013 Folgendes zu Protokoll:<\/p>\n\n\n\n<p>&#8222;&#8230;und ich sehe nichts Besonderes. Man sagt, dass Peter Iljitsch Tchaikovsky in Wahrheit ein Homosexueller war. Daf\u00fcr lieben wir ihn nicht. Aber er war ein gro\u00dfartiger Musiker. Und wir lieben ihn f\u00fcr seine Musik. So what?&#8220;<\/p>\n\n\n\n<p>Der Originalton dieser S\u00e4tze wurde von mir durch eine Audio-zu-Midi-Applikation in Tonh\u00f6hen verwandelt. Dies ist das Material des kurzen ersten Teils, dem sofort eine Fantasie-Variation \u00fcber dieses Material folgt. &#8222;So what?&#8220;, die letzten Worte des Interviews, lauten auf Russisch &#8222;Nu i schto\/a?\u201c; ein Sowjet-Song der Achtziger Jahre ist genauso betitelt und verwendet diesen Satz zu Beginn des Refrains. Der zweite Teil ist eine freie Fantasie \u00fcber diesen Song, enth\u00e4lt aber kein Zitat. Der dritte Teil l\u00e4sst nach einer&nbsp; Ger\u00e4usch-Passacaglia \u00fcber das Fusswippen sowie das Stuhl- und Mikrofon-Knarzen des pr\u00e4sidialen Interviews endlich Tchaikovsky selbst zu Wort kommen: er ist wiederum eine Fantasie, diesmal \u00fcber einen kurzen Frauenchor aus Tchaikovskys Oper &#8222;Pique Dame&#8220;, in dem dieses &#8222;Nu i schto&#8220; ebenfalls kurz vorkommt; fl\u00fcchtig wie der Chor selbst &#8211; bevor die F\u00fcrstin ihre grossartige Sterbeszene hat. <br>(Alexander Strauch, 2014)<\/p>\n\n\n\n<p>Alexander Strauch: SO WHAT?<br>f\u00fcr Violoncello und Klavier<br>ISMN 979-0-700344-81-8 \/&nbsp;MVN 35 (Part.)<br>32,- EUR<br>(M\u00fcnchen, 2014)<\/p>\n\n\n\n<div class=\"wp-block-buttons is-layout-flex wp-block-buttons-is-layout-flex\">\n<div class=\"wp-block-button\"><a class=\"wp-block-button__link wp-element-button\" href=\"https:\/\/www.musikverlag-nickel.eu\/NEWS-BLOG\/?product=strauch-alexander-so-what\">Bestellen<\/a><\/div>\n<\/div>\n\n\n\n<figure class=\"wp-block-gallery has-nested-images columns-default is-cropped wp-block-gallery-1 is-layout-flex wp-block-gallery-is-layout-flex\">\n<figure class=\"wp-block-image size-large\"><img loading=\"lazy\" decoding=\"async\" width=\"724\" height=\"1024\" data-id=\"174\" src=\"http:\/\/www.musikverlag-nickel.eu\/NEWS-BLOG\/wp-content\/uploads\/2014\/03\/MVN-35_Bild-1-724x1024.jpg\" alt=\"\" class=\"wp-image-174\" srcset=\"https:\/\/www.musikverlag-nickel.eu\/NEWS-BLOG\/wp-content\/uploads\/2014\/03\/MVN-35_Bild-1-724x1024.jpg 724w, https:\/\/www.musikverlag-nickel.eu\/NEWS-BLOG\/wp-content\/uploads\/2014\/03\/MVN-35_Bild-1-600x848.jpg 600w, https:\/\/www.musikverlag-nickel.eu\/NEWS-BLOG\/wp-content\/uploads\/2014\/03\/MVN-35_Bild-1-212x300.jpg 212w, https:\/\/www.musikverlag-nickel.eu\/NEWS-BLOG\/wp-content\/uploads\/2014\/03\/MVN-35_Bild-1.jpg 1240w\" sizes=\"auto, (max-width: 724px) 100vw, 724px\" \/><\/figure>\n\n\n\n<figure class=\"wp-block-image size-large\"><img loading=\"lazy\" decoding=\"async\" width=\"723\" height=\"1024\" data-id=\"2100\" src=\"https:\/\/www.musikverlag-nickel.eu\/NEWS-BLOG\/wp-content\/uploads\/2025\/05\/MVN-35_Bild-2-723x1024.jpg\" alt=\"\" class=\"wp-image-2100\" srcset=\"https:\/\/www.musikverlag-nickel.eu\/NEWS-BLOG\/wp-content\/uploads\/2025\/05\/MVN-35_Bild-2-723x1024.jpg 723w, https:\/\/www.musikverlag-nickel.eu\/NEWS-BLOG\/wp-content\/uploads\/2025\/05\/MVN-35_Bild-2-212x300.jpg 212w, https:\/\/www.musikverlag-nickel.eu\/NEWS-BLOG\/wp-content\/uploads\/2025\/05\/MVN-35_Bild-2-768x1087.jpg 768w, https:\/\/www.musikverlag-nickel.eu\/NEWS-BLOG\/wp-content\/uploads\/2025\/05\/MVN-35_Bild-2-1085x1536.jpg 1085w, https:\/\/www.musikverlag-nickel.eu\/NEWS-BLOG\/wp-content\/uploads\/2025\/05\/MVN-35_Bild-2-680x963.jpg 680w, https:\/\/www.musikverlag-nickel.eu\/NEWS-BLOG\/wp-content\/uploads\/2025\/05\/MVN-35_Bild-2-920x1302.jpg 920w, https:\/\/www.musikverlag-nickel.eu\/NEWS-BLOG\/wp-content\/uploads\/2025\/05\/MVN-35_Bild-2-600x849.jpg 600w, https:\/\/www.musikverlag-nickel.eu\/NEWS-BLOG\/wp-content\/uploads\/2025\/05\/MVN-35_Bild-2.jpg 1239w\" sizes=\"auto, (max-width: 723px) 100vw, 723px\" \/><\/figure>\n<\/figure>\n\n\n\n<p>#Violoncello #Klavier <\/p>\n\n\n\n<p><\/p>\n","protected":false},"excerpt":{"rendered":"<p>W\u00e4hrend eines Interviews gab der russische Pr\u00e4sident Wladimir Putin am 4. September 2013 Folgendes zu Protokoll: &#8222;&#8230;und ich sehe nichts Besonderes. Man sagt, dass Peter Iljitsch Tchaikovsky in Wahrheit ein [&hellip;]<\/p>\n","protected":false},"author":1,"featured_media":0,"parent":1299,"menu_order":0,"comment_status":"closed","ping_status":"closed","template":"","meta":{"footnotes":""},"class_list":["post-2099","page","type-page","status-publish","hentry"],"_links":{"self":[{"href":"https:\/\/www.musikverlag-nickel.eu\/NEWS-BLOG\/index.php?rest_route=\/wp\/v2\/pages\/2099","targetHints":{"allow":["GET"]}}],"collection":[{"href":"https:\/\/www.musikverlag-nickel.eu\/NEWS-BLOG\/index.php?rest_route=\/wp\/v2\/pages"}],"about":[{"href":"https:\/\/www.musikverlag-nickel.eu\/NEWS-BLOG\/index.php?rest_route=\/wp\/v2\/types\/page"}],"author":[{"embeddable":true,"href":"https:\/\/www.musikverlag-nickel.eu\/NEWS-BLOG\/index.php?rest_route=\/wp\/v2\/users\/1"}],"replies":[{"embeddable":true,"href":"https:\/\/www.musikverlag-nickel.eu\/NEWS-BLOG\/index.php?rest_route=%2Fwp%2Fv2%2Fcomments&post=2099"}],"version-history":[{"count":2,"href":"https:\/\/www.musikverlag-nickel.eu\/NEWS-BLOG\/index.php?rest_route=\/wp\/v2\/pages\/2099\/revisions"}],"predecessor-version":[{"id":2104,"href":"https:\/\/www.musikverlag-nickel.eu\/NEWS-BLOG\/index.php?rest_route=\/wp\/v2\/pages\/2099\/revisions\/2104"}],"up":[{"embeddable":true,"href":"https:\/\/www.musikverlag-nickel.eu\/NEWS-BLOG\/index.php?rest_route=\/wp\/v2\/pages\/1299"}],"wp:attachment":[{"href":"https:\/\/www.musikverlag-nickel.eu\/NEWS-BLOG\/index.php?rest_route=%2Fwp%2Fv2%2Fmedia&parent=2099"}],"curies":[{"name":"wp","href":"https:\/\/api.w.org\/{rel}","templated":true}]}}