{"id":2105,"date":"2025-05-10T18:30:01","date_gmt":"2025-05-10T16:30:01","guid":{"rendered":"https:\/\/www.musikverlag-nickel.eu\/NEWS-BLOG\/?page_id=2105"},"modified":"2025-05-10T18:41:14","modified_gmt":"2025-05-10T16:41:14","slug":"larifari","status":"publish","type":"page","link":"https:\/\/www.musikverlag-nickel.eu\/NEWS-BLOG\/?page_id=2105","title":{"rendered":"LARIFARI"},"content":{"rendered":"\n<p><em>Larifari &#8211; das sind 50 kleine St\u00fccke, die von Sch\u00fclern mit ihrem Lehrer, oder von Anf\u00e4ngern mit einem Fortgeschrittenen musiziert werden k\u00f6nnen.&nbsp;<\/em> <em>Die Sammlung umfasst Volkslieder und kurze Bearbeitungen klassischer Werke. Dabei \u00fcberschreitet die L\u00e4nge eines St\u00fcckes nur selten zwei Zeilen.&nbsp;Die Sch\u00fcler-Stimme kommt in den ersten St\u00fccken ganz mit leeren Saiten aus, dann folgen einfache Begleitstimmen in der ersten Lage. Sp\u00e4ter \u00fcbernimmt das Sch\u00fcler-Cello gelegentlich auch die Melodie. Bei einigen St\u00fccken kann man die Stimmen auch vertauschen. In den letzten St\u00fccken kommt auch das Spiel in halber Lage vor und einzelne Passagen k\u00f6nnen hier gegebenenfalls bereits im Lagenspiel ausgef\u00fchrt werden.<\/em> <em>Artikulations- und Strichbezeichnungen sind Vorschl\u00e4ge und k\u00f6nnen bei Bedarf gerne variiert werden, um das Spiel zu erleichtern oder um bestimmte Stricharten oder Bogentechniken einzu\u00fcben.&nbsp;<\/em><em>Das Wort Larifari stammt aus der italienischen Musik &#8211; gemeint waren die Tonnamen La &#8211; Re &#8211; Fa &#8211; Re. Vielleicht war es ja so: wenn der Musiklehrer mal das Klassenzimmer verlassen musste, sollten die Sch\u00fcler eigentlich weiter \u00fcben. Aber sobald der Lehrer drau\u00dfen war, haben die Sch\u00fcler angefangen sich zu unterhalten und zu lachen und Papierflugzeuge fliegen zu lassen. Wenn der Lehrer dann zur\u00fcckkam und die T\u00fcre wieder aufging, haben alle schnell ihre Instrumente genommen und irgendwelche T\u00f6ne gespielt, an der Geige gezupft oder ins Horn geblasen, und so getan, als h\u00e4tten sie die ganze Zeit ge\u00fcbt. Und dann hat der Lehrer die Sch\u00fcler angeschaut und zu ihnen gesagt: ihr macht doch nur wieder La-Re-Fa-Re! &#8211; Larifari eben!&nbsp;<\/em><\/p>\n\n\n\n<p>Volker Nickel: LARIFARI <br>50 kleine St\u00fccke f\u00fcr zwei Violoncelli&nbsp;(Sch\u00fcler und Lehrer)<br>ISMN 979-0-700344-00-9 \/&nbsp;MVN 1<br>17,50 EUR<br>(M\u00fcnchen, 2012)<\/p>\n\n\n\n<div class=\"wp-block-buttons is-layout-flex wp-block-buttons-is-layout-flex\">\n<div class=\"wp-block-button\"><a class=\"wp-block-button__link wp-element-button\" href=\"https:\/\/www.musikverlag-nickel.eu\/NEWS-BLOG\/?product=nickel-volker-larifari\">Bestellen<\/a><\/div>\n<\/div>\n\n\n\n<figure class=\"wp-block-gallery has-nested-images columns-default is-cropped wp-block-gallery-1 is-layout-flex wp-block-gallery-is-layout-flex\">\n<figure class=\"wp-block-image size-large\"><a href=\"http:\/\/www.musikverlag-nickel.eu\/NEWS-BLOG\/wp-content\/uploads\/2025\/05\/MVN-1_Bild-1.jpg\"><img loading=\"lazy\" decoding=\"async\" width=\"724\" height=\"1024\" data-id=\"2107\" src=\"http:\/\/www.musikverlag-nickel.eu\/NEWS-BLOG\/wp-content\/uploads\/2025\/05\/MVN-1_Bild-1-724x1024.jpg\" alt=\"\" class=\"wp-image-2107\" srcset=\"https:\/\/www.musikverlag-nickel.eu\/NEWS-BLOG\/wp-content\/uploads\/2025\/05\/MVN-1_Bild-1-724x1024.jpg 724w, https:\/\/www.musikverlag-nickel.eu\/NEWS-BLOG\/wp-content\/uploads\/2025\/05\/MVN-1_Bild-1-212x300.jpg 212w, https:\/\/www.musikverlag-nickel.eu\/NEWS-BLOG\/wp-content\/uploads\/2025\/05\/MVN-1_Bild-1-768x1086.jpg 768w, https:\/\/www.musikverlag-nickel.eu\/NEWS-BLOG\/wp-content\/uploads\/2025\/05\/MVN-1_Bild-1-1087x1536.jpg 1087w, https:\/\/www.musikverlag-nickel.eu\/NEWS-BLOG\/wp-content\/uploads\/2025\/05\/MVN-1_Bild-1-680x961.jpg 680w, https:\/\/www.musikverlag-nickel.eu\/NEWS-BLOG\/wp-content\/uploads\/2025\/05\/MVN-1_Bild-1-920x1301.jpg 920w, https:\/\/www.musikverlag-nickel.eu\/NEWS-BLOG\/wp-content\/uploads\/2025\/05\/MVN-1_Bild-1-600x848.jpg 600w, https:\/\/www.musikverlag-nickel.eu\/NEWS-BLOG\/wp-content\/uploads\/2025\/05\/MVN-1_Bild-1.jpg 1240w\" sizes=\"auto, (max-width: 724px) 100vw, 724px\" \/><\/a><\/figure>\n\n\n\n<figure class=\"wp-block-image size-large\"><a href=\"https:\/\/www.musikverlag-nickel.eu\/NEWS-BLOG\/wp-content\/uploads\/2025\/05\/MVN-1_Bild-2.jpg\"><img loading=\"lazy\" decoding=\"async\" width=\"724\" height=\"1024\" data-id=\"2108\" src=\"https:\/\/www.musikverlag-nickel.eu\/NEWS-BLOG\/wp-content\/uploads\/2025\/05\/MVN-1_Bild-2-724x1024.jpg\" alt=\"\" class=\"wp-image-2108\" srcset=\"https:\/\/www.musikverlag-nickel.eu\/NEWS-BLOG\/wp-content\/uploads\/2025\/05\/MVN-1_Bild-2-724x1024.jpg 724w, https:\/\/www.musikverlag-nickel.eu\/NEWS-BLOG\/wp-content\/uploads\/2025\/05\/MVN-1_Bild-2-212x300.jpg 212w, https:\/\/www.musikverlag-nickel.eu\/NEWS-BLOG\/wp-content\/uploads\/2025\/05\/MVN-1_Bild-2-768x1086.jpg 768w, https:\/\/www.musikverlag-nickel.eu\/NEWS-BLOG\/wp-content\/uploads\/2025\/05\/MVN-1_Bild-2-1087x1536.jpg 1087w, https:\/\/www.musikverlag-nickel.eu\/NEWS-BLOG\/wp-content\/uploads\/2025\/05\/MVN-1_Bild-2-680x961.jpg 680w, https:\/\/www.musikverlag-nickel.eu\/NEWS-BLOG\/wp-content\/uploads\/2025\/05\/MVN-1_Bild-2-920x1301.jpg 920w, https:\/\/www.musikverlag-nickel.eu\/NEWS-BLOG\/wp-content\/uploads\/2025\/05\/MVN-1_Bild-2-600x848.jpg 600w, https:\/\/www.musikverlag-nickel.eu\/NEWS-BLOG\/wp-content\/uploads\/2025\/05\/MVN-1_Bild-2.jpg 1240w\" sizes=\"auto, (max-width: 724px) 100vw, 724px\" \/><\/a><\/figure>\n\n\n\n<figure class=\"wp-block-image\"><a href=\"https:\/\/www.musikverlag-nickel.eu\/NEWS-BLOG\/wp-content\/uploads\/2025\/05\/MVN-1_Bild-3.jpg\"><img loading=\"lazy\" decoding=\"async\" width=\"724\" height=\"1024\" data-id=\"2109\" src=\"https:\/\/www.musikverlag-nickel.eu\/NEWS-BLOG\/wp-content\/uploads\/2025\/05\/MVN-1_Bild-3-724x1024.jpg\" alt=\"\" class=\"wp-image-2109\" srcset=\"https:\/\/www.musikverlag-nickel.eu\/NEWS-BLOG\/wp-content\/uploads\/2025\/05\/MVN-1_Bild-3-724x1024.jpg 724w, https:\/\/www.musikverlag-nickel.eu\/NEWS-BLOG\/wp-content\/uploads\/2025\/05\/MVN-1_Bild-3-212x300.jpg 212w, https:\/\/www.musikverlag-nickel.eu\/NEWS-BLOG\/wp-content\/uploads\/2025\/05\/MVN-1_Bild-3-768x1086.jpg 768w, https:\/\/www.musikverlag-nickel.eu\/NEWS-BLOG\/wp-content\/uploads\/2025\/05\/MVN-1_Bild-3-1087x1536.jpg 1087w, https:\/\/www.musikverlag-nickel.eu\/NEWS-BLOG\/wp-content\/uploads\/2025\/05\/MVN-1_Bild-3-680x961.jpg 680w, https:\/\/www.musikverlag-nickel.eu\/NEWS-BLOG\/wp-content\/uploads\/2025\/05\/MVN-1_Bild-3-920x1301.jpg 920w, https:\/\/www.musikverlag-nickel.eu\/NEWS-BLOG\/wp-content\/uploads\/2025\/05\/MVN-1_Bild-3-600x848.jpg 600w, https:\/\/www.musikverlag-nickel.eu\/NEWS-BLOG\/wp-content\/uploads\/2025\/05\/MVN-1_Bild-3.jpg 1240w\" sizes=\"auto, (max-width: 724px) 100vw, 724px\" \/><\/a><\/figure>\n<\/figure>\n\n\n\n<p>#Violoncello <\/p>\n","protected":false},"excerpt":{"rendered":"<p>Larifari &#8211; das sind 50 kleine St\u00fccke, die von Sch\u00fclern mit ihrem Lehrer, oder von Anf\u00e4ngern mit einem Fortgeschrittenen musiziert werden k\u00f6nnen.&nbsp; Die Sammlung umfasst Volkslieder und kurze Bearbeitungen klassischer [&hellip;]<\/p>\n","protected":false},"author":1,"featured_media":0,"parent":25,"menu_order":0,"comment_status":"closed","ping_status":"closed","template":"","meta":{"footnotes":""},"class_list":["post-2105","page","type-page","status-publish","hentry"],"_links":{"self":[{"href":"https:\/\/www.musikverlag-nickel.eu\/NEWS-BLOG\/index.php?rest_route=\/wp\/v2\/pages\/2105","targetHints":{"allow":["GET"]}}],"collection":[{"href":"https:\/\/www.musikverlag-nickel.eu\/NEWS-BLOG\/index.php?rest_route=\/wp\/v2\/pages"}],"about":[{"href":"https:\/\/www.musikverlag-nickel.eu\/NEWS-BLOG\/index.php?rest_route=\/wp\/v2\/types\/page"}],"author":[{"embeddable":true,"href":"https:\/\/www.musikverlag-nickel.eu\/NEWS-BLOG\/index.php?rest_route=\/wp\/v2\/users\/1"}],"replies":[{"embeddable":true,"href":"https:\/\/www.musikverlag-nickel.eu\/NEWS-BLOG\/index.php?rest_route=%2Fwp%2Fv2%2Fcomments&post=2105"}],"version-history":[{"count":2,"href":"https:\/\/www.musikverlag-nickel.eu\/NEWS-BLOG\/index.php?rest_route=\/wp\/v2\/pages\/2105\/revisions"}],"predecessor-version":[{"id":2114,"href":"https:\/\/www.musikverlag-nickel.eu\/NEWS-BLOG\/index.php?rest_route=\/wp\/v2\/pages\/2105\/revisions\/2114"}],"up":[{"embeddable":true,"href":"https:\/\/www.musikverlag-nickel.eu\/NEWS-BLOG\/index.php?rest_route=\/wp\/v2\/pages\/25"}],"wp:attachment":[{"href":"https:\/\/www.musikverlag-nickel.eu\/NEWS-BLOG\/index.php?rest_route=%2Fwp%2Fv2%2Fmedia&parent=2105"}],"curies":[{"name":"wp","href":"https:\/\/api.w.org\/{rel}","templated":true}]}}