{"id":2124,"date":"2025-05-10T18:55:28","date_gmt":"2025-05-10T16:55:28","guid":{"rendered":"https:\/\/www.musikverlag-nickel.eu\/NEWS-BLOG\/?page_id=2124"},"modified":"2025-05-10T18:59:34","modified_gmt":"2025-05-10T16:59:34","slug":"stimmung","status":"publish","type":"page","link":"https:\/\/www.musikverlag-nickel.eu\/NEWS-BLOG\/?page_id=2124","title":{"rendered":"STIMMUNG"},"content":{"rendered":"\n<p>STIMMUNG ist inspiriert durch einen Moment in Hans Zenders Oper &#8222;Stephen Climax&#8220; (nach James Joyce). Zender vertont Blooms Ausruf &#8222;Diese Quinten!&#8220;, gemeint ist das Einstimmen leerer Violinsaiten, nicht mit Streichern sondern einem verstimmten Barpiano: falsch klingende Streicher k\u00f6nnten einfach korrigiert werden, aber nicht das Barpiano, dessen Ungestimmtheit &#8222;eingefroren&#8220; ist. Literatur versucht immer wieder, verg\u00e4ngliche Stimmungslagen von Menschen einer bestimmten Zeit einzufangen, so wie das Klavier in Zenders Oper das Stimmungsgef\u00fcge ver-schiedener Protagonisten bewahrt. STIMMUNG fokussiert in jedem der neun Bilder den Umgang verschiedener Dichter mit dem Begriff Stimmung in Briefen, Vor-lesungen und Tageb\u00fcchern. Die Textauswahl ist das Ergebnis einer Internetrecherche nach Verteilung des Begriffs bei jenen Autoren: Goethe und Schiller verwenden ihn h\u00e4ufig in ihrem Briefwechsel, Hegel extrem selten, Kafka f\u00e4ngt den besonderen Moment ein, Toller l\u00e4sst die Revolutionsstimmung der Massen aufleuchten, Harry Graf Kessler gibt die Gem\u00fctslage seiner Freunde wieder und Walter Benjamin analysiert scharf den banalen Grund seiner Gestimmtheit. Die Musik hierzu setzt die Mittel einer naturtonnahen Mikrotonalit\u00e4t ein und pr\u00e4sentiert jede &#8222;Stimmung&#8220; in einer eigenen instrumentalen und gesanglichen Besetzung.<\/p>\n\n\n\n<p>Alexander Strauch: STIMMUNG<br>\u00fcber die Bedeutung dieses Begriffs in neun Bildern<br>f\u00fcr Sopran, Viola, Violoncello und Diskant-Zither<br>ISMN 979-0-700344-58-0 \/\u00a0MVN 9<br>28,- EUR<br>(M\u00fcnchen, 2013)<\/p>\n\n\n\n<div class=\"wp-block-buttons is-layout-flex wp-block-buttons-is-layout-flex\">\n<div class=\"wp-block-button\"><a class=\"wp-block-button__link wp-element-button\" href=\"https:\/\/www.musikverlag-nickel.eu\/NEWS-BLOG\/?product=strauch-alexander-stimmung\">Bestellen<\/a><\/div>\n<\/div>\n\n\n\n<figure class=\"wp-block-gallery has-nested-images columns-default is-cropped wp-block-gallery-1 is-layout-flex wp-block-gallery-is-layout-flex\">\n<figure class=\"wp-block-image size-large\"><img loading=\"lazy\" decoding=\"async\" width=\"724\" height=\"1024\" data-id=\"2125\" src=\"http:\/\/www.musikverlag-nickel.eu\/NEWS-BLOG\/wp-content\/uploads\/2025\/05\/MVN-9_Bild-1-724x1024.jpg\" alt=\"\" class=\"wp-image-2125\" srcset=\"https:\/\/www.musikverlag-nickel.eu\/NEWS-BLOG\/wp-content\/uploads\/2025\/05\/MVN-9_Bild-1-724x1024.jpg 724w, https:\/\/www.musikverlag-nickel.eu\/NEWS-BLOG\/wp-content\/uploads\/2025\/05\/MVN-9_Bild-1-212x300.jpg 212w, https:\/\/www.musikverlag-nickel.eu\/NEWS-BLOG\/wp-content\/uploads\/2025\/05\/MVN-9_Bild-1-768x1086.jpg 768w, https:\/\/www.musikverlag-nickel.eu\/NEWS-BLOG\/wp-content\/uploads\/2025\/05\/MVN-9_Bild-1-1087x1536.jpg 1087w, https:\/\/www.musikverlag-nickel.eu\/NEWS-BLOG\/wp-content\/uploads\/2025\/05\/MVN-9_Bild-1-680x961.jpg 680w, https:\/\/www.musikverlag-nickel.eu\/NEWS-BLOG\/wp-content\/uploads\/2025\/05\/MVN-9_Bild-1-920x1301.jpg 920w, https:\/\/www.musikverlag-nickel.eu\/NEWS-BLOG\/wp-content\/uploads\/2025\/05\/MVN-9_Bild-1-600x848.jpg 600w, https:\/\/www.musikverlag-nickel.eu\/NEWS-BLOG\/wp-content\/uploads\/2025\/05\/MVN-9_Bild-1.jpg 1240w\" sizes=\"auto, (max-width: 724px) 100vw, 724px\" \/><\/figure>\n\n\n\n<figure class=\"wp-block-image size-large\"><img loading=\"lazy\" decoding=\"async\" width=\"724\" height=\"1024\" data-id=\"2126\" src=\"https:\/\/www.musikverlag-nickel.eu\/NEWS-BLOG\/wp-content\/uploads\/2025\/05\/MVN-9_Bild-2-724x1024.jpg\" alt=\"\" class=\"wp-image-2126\" srcset=\"https:\/\/www.musikverlag-nickel.eu\/NEWS-BLOG\/wp-content\/uploads\/2025\/05\/MVN-9_Bild-2-724x1024.jpg 724w, https:\/\/www.musikverlag-nickel.eu\/NEWS-BLOG\/wp-content\/uploads\/2025\/05\/MVN-9_Bild-2-212x300.jpg 212w, https:\/\/www.musikverlag-nickel.eu\/NEWS-BLOG\/wp-content\/uploads\/2025\/05\/MVN-9_Bild-2-768x1087.jpg 768w, https:\/\/www.musikverlag-nickel.eu\/NEWS-BLOG\/wp-content\/uploads\/2025\/05\/MVN-9_Bild-2-1086x1536.jpg 1086w, https:\/\/www.musikverlag-nickel.eu\/NEWS-BLOG\/wp-content\/uploads\/2025\/05\/MVN-9_Bild-2-1448x2048.jpg 1448w, https:\/\/www.musikverlag-nickel.eu\/NEWS-BLOG\/wp-content\/uploads\/2025\/05\/MVN-9_Bild-2-680x962.jpg 680w, https:\/\/www.musikverlag-nickel.eu\/NEWS-BLOG\/wp-content\/uploads\/2025\/05\/MVN-9_Bild-2-920x1302.jpg 920w, https:\/\/www.musikverlag-nickel.eu\/NEWS-BLOG\/wp-content\/uploads\/2025\/05\/MVN-9_Bild-2-600x849.jpg 600w, https:\/\/www.musikverlag-nickel.eu\/NEWS-BLOG\/wp-content\/uploads\/2025\/05\/MVN-9_Bild-2-scaled.jpg 1810w\" sizes=\"auto, (max-width: 724px) 100vw, 724px\" \/><\/figure>\n\n\n\n<figure class=\"wp-block-image size-large\"><a href=\"https:\/\/www.musikverlag-nickel.eu\/NEWS-BLOG\/wp-content\/uploads\/2025\/05\/MVN-9_Bild-3-scaled.jpg\"><img loading=\"lazy\" decoding=\"async\" width=\"724\" height=\"1024\" data-id=\"2127\" src=\"https:\/\/www.musikverlag-nickel.eu\/NEWS-BLOG\/wp-content\/uploads\/2025\/05\/MVN-9_Bild-3-724x1024.jpg\" alt=\"\" class=\"wp-image-2127\" srcset=\"https:\/\/www.musikverlag-nickel.eu\/NEWS-BLOG\/wp-content\/uploads\/2025\/05\/MVN-9_Bild-3-724x1024.jpg 724w, https:\/\/www.musikverlag-nickel.eu\/NEWS-BLOG\/wp-content\/uploads\/2025\/05\/MVN-9_Bild-3-212x300.jpg 212w, https:\/\/www.musikverlag-nickel.eu\/NEWS-BLOG\/wp-content\/uploads\/2025\/05\/MVN-9_Bild-3-768x1087.jpg 768w, https:\/\/www.musikverlag-nickel.eu\/NEWS-BLOG\/wp-content\/uploads\/2025\/05\/MVN-9_Bild-3-1086x1536.jpg 1086w, https:\/\/www.musikverlag-nickel.eu\/NEWS-BLOG\/wp-content\/uploads\/2025\/05\/MVN-9_Bild-3-1448x2048.jpg 1448w, https:\/\/www.musikverlag-nickel.eu\/NEWS-BLOG\/wp-content\/uploads\/2025\/05\/MVN-9_Bild-3-680x962.jpg 680w, https:\/\/www.musikverlag-nickel.eu\/NEWS-BLOG\/wp-content\/uploads\/2025\/05\/MVN-9_Bild-3-920x1302.jpg 920w, https:\/\/www.musikverlag-nickel.eu\/NEWS-BLOG\/wp-content\/uploads\/2025\/05\/MVN-9_Bild-3-600x849.jpg 600w, https:\/\/www.musikverlag-nickel.eu\/NEWS-BLOG\/wp-content\/uploads\/2025\/05\/MVN-9_Bild-3-scaled.jpg 1810w\" sizes=\"auto, (max-width: 724px) 100vw, 724px\" \/><\/a><\/figure>\n<\/figure>\n\n\n\n<p>#Sopran #Viola #Violoncello #Zither<\/p>\n\n\n\n<p><\/p>\n","protected":false},"excerpt":{"rendered":"<p>STIMMUNG ist inspiriert durch einen Moment in Hans Zenders Oper &#8222;Stephen Climax&#8220; (nach James Joyce). Zender vertont Blooms Ausruf &#8222;Diese Quinten!&#8220;, gemeint ist das Einstimmen leerer Violinsaiten, nicht mit Streichern [&hellip;]<\/p>\n","protected":false},"author":1,"featured_media":0,"parent":1299,"menu_order":0,"comment_status":"closed","ping_status":"closed","template":"","meta":{"footnotes":""},"class_list":["post-2124","page","type-page","status-publish","hentry"],"_links":{"self":[{"href":"https:\/\/www.musikverlag-nickel.eu\/NEWS-BLOG\/index.php?rest_route=\/wp\/v2\/pages\/2124","targetHints":{"allow":["GET"]}}],"collection":[{"href":"https:\/\/www.musikverlag-nickel.eu\/NEWS-BLOG\/index.php?rest_route=\/wp\/v2\/pages"}],"about":[{"href":"https:\/\/www.musikverlag-nickel.eu\/NEWS-BLOG\/index.php?rest_route=\/wp\/v2\/types\/page"}],"author":[{"embeddable":true,"href":"https:\/\/www.musikverlag-nickel.eu\/NEWS-BLOG\/index.php?rest_route=\/wp\/v2\/users\/1"}],"replies":[{"embeddable":true,"href":"https:\/\/www.musikverlag-nickel.eu\/NEWS-BLOG\/index.php?rest_route=%2Fwp%2Fv2%2Fcomments&post=2124"}],"version-history":[{"count":2,"href":"https:\/\/www.musikverlag-nickel.eu\/NEWS-BLOG\/index.php?rest_route=\/wp\/v2\/pages\/2124\/revisions"}],"predecessor-version":[{"id":2132,"href":"https:\/\/www.musikverlag-nickel.eu\/NEWS-BLOG\/index.php?rest_route=\/wp\/v2\/pages\/2124\/revisions\/2132"}],"up":[{"embeddable":true,"href":"https:\/\/www.musikverlag-nickel.eu\/NEWS-BLOG\/index.php?rest_route=\/wp\/v2\/pages\/1299"}],"wp:attachment":[{"href":"https:\/\/www.musikverlag-nickel.eu\/NEWS-BLOG\/index.php?rest_route=%2Fwp%2Fv2%2Fmedia&parent=2124"}],"curies":[{"name":"wp","href":"https:\/\/api.w.org\/{rel}","templated":true}]}}