{"id":2168,"date":"2025-05-18T13:58:12","date_gmt":"2025-05-18T11:58:12","guid":{"rendered":"https:\/\/www.musikverlag-nickel.eu\/NEWS-BLOG\/?page_id=2168"},"modified":"2025-05-18T14:02:29","modified_gmt":"2025-05-18T12:02:29","slug":"redoute","status":"publish","type":"page","link":"https:\/\/www.musikverlag-nickel.eu\/NEWS-BLOG\/?page_id=2168","title":{"rendered":"REDOUTE"},"content":{"rendered":"\n<p>10 deutsche T\u00e4nze et al. f\u00fcr Oktett<\/p>\n\n\n\n<p>Sogenannte &#8222;Deutsche T\u00e4nze&#8220; waren formal und syntaktisch einfach gebaute T\u00e4nze mit volkst\u00fcmlichem Einschlag und vor allem im ausgehenden 18. und fr\u00fchen 19. Jahrhundert beliebt. Gespielt und getanzt wurden sie gerne im Redoutensaal, oder einfach &#8222;Redoute&#8220; &#8211; was dann den Saal ebenso wie die darin gegebene Tanzveranstaltung bezeichnen konnte. Urspr\u00fcnglich bedeutete der Begriff Redoute einen &#8222;Zufluchtsort&#8220; und war darum auch im Festungsbau in Gebrauch. Meine Redoute erz\u00e4hlt eine Geschichte samt Intermezzo entlang einiger auf den Tanz bezogener Zitate, mit denen die S\u00e4tze \u00fcberschrieben sind:&nbsp;<\/p>\n\n\n\n<p>Vom Zephyr gewiegt (Schiller)<br>Glattes Eis &#8211; ein Paradeis (Nietzsche)<br>Mit leichtem Anstand (Goethe)<br>Rote Schuh\u00b4 (Sprichwort)<br>Ein M\u00e4dchen wird beim Tanzen versch\u00f6nert (Goethe)<br>&#8230;gesunkne Locken hangen&#8230; (Goethe)<br>Wenn die Braut nicht tanzen will (Ovid)<br>Die Rosen fliegen mir aus dem Haar (Lasker-Sch\u00fcler)<br>Mein sch\u00f6nes M\u00e4dchen ist trunken bald (Li-Tai-Po)<br>Ohne von ihnen zu wissen, tanzen die andern (Kafka)<\/p>\n\n\n\n<p>Volker Nickel: REDOUTE<br>10 deutsche T\u00e4nze et al. f\u00fcr Oktett<br>ISMN 979-0-700344-37-5 \/&nbsp;MVN 89 (Part)<br>32,- EUR<br>(M\u00fcnchen, 2017)<\/p>\n\n\n\n<div class=\"wp-block-buttons is-layout-flex wp-block-buttons-is-layout-flex\">\n<div class=\"wp-block-button\"><a class=\"wp-block-button__link wp-element-button\" href=\"https:\/\/www.musikverlag-nickel.eu\/NEWS-BLOG\/?product=nickel-volker-redoute\">Bestellen<\/a><\/div>\n<\/div>\n\n\n\n<figure class=\"wp-block-gallery has-nested-images columns-default is-cropped wp-block-gallery-1 is-layout-flex wp-block-gallery-is-layout-flex\">\n<figure class=\"wp-block-image size-full\"><a href=\"https:\/\/www.musikverlag-nickel.eu\/NEWS-BLOG\/wp-content\/uploads\/2025\/05\/MVN-89_Bild-1.jpg\"><img loading=\"lazy\" decoding=\"async\" width=\"595\" height=\"841\" data-id=\"2169\" src=\"https:\/\/www.musikverlag-nickel.eu\/NEWS-BLOG\/wp-content\/uploads\/2025\/05\/MVN-89_Bild-1.jpg\" alt=\"\" class=\"wp-image-2169\" srcset=\"https:\/\/www.musikverlag-nickel.eu\/NEWS-BLOG\/wp-content\/uploads\/2025\/05\/MVN-89_Bild-1.jpg 595w, https:\/\/www.musikverlag-nickel.eu\/NEWS-BLOG\/wp-content\/uploads\/2025\/05\/MVN-89_Bild-1-212x300.jpg 212w\" sizes=\"auto, (max-width: 595px) 100vw, 595px\" \/><\/a><\/figure>\n\n\n\n<figure class=\"wp-block-image size-full\"><a href=\"https:\/\/www.musikverlag-nickel.eu\/NEWS-BLOG\/wp-content\/uploads\/2025\/05\/MVN-89_Bild-2.jpg\"><img loading=\"lazy\" decoding=\"async\" width=\"595\" height=\"841\" data-id=\"2170\" src=\"https:\/\/www.musikverlag-nickel.eu\/NEWS-BLOG\/wp-content\/uploads\/2025\/05\/MVN-89_Bild-2.jpg\" alt=\"\" class=\"wp-image-2170\" srcset=\"https:\/\/www.musikverlag-nickel.eu\/NEWS-BLOG\/wp-content\/uploads\/2025\/05\/MVN-89_Bild-2.jpg 595w, https:\/\/www.musikverlag-nickel.eu\/NEWS-BLOG\/wp-content\/uploads\/2025\/05\/MVN-89_Bild-2-212x300.jpg 212w\" sizes=\"auto, (max-width: 595px) 100vw, 595px\" \/><\/a><\/figure>\n\n\n\n<figure class=\"wp-block-image size-large\"><a href=\"https:\/\/www.musikverlag-nickel.eu\/NEWS-BLOG\/wp-content\/uploads\/2025\/05\/MVN-89_Bild-3.jpg\"><img loading=\"lazy\" decoding=\"async\" width=\"595\" height=\"841\" data-id=\"2171\" src=\"https:\/\/www.musikverlag-nickel.eu\/NEWS-BLOG\/wp-content\/uploads\/2025\/05\/MVN-89_Bild-3.jpg\" alt=\"\" class=\"wp-image-2171\" srcset=\"https:\/\/www.musikverlag-nickel.eu\/NEWS-BLOG\/wp-content\/uploads\/2025\/05\/MVN-89_Bild-3.jpg 595w, https:\/\/www.musikverlag-nickel.eu\/NEWS-BLOG\/wp-content\/uploads\/2025\/05\/MVN-89_Bild-3-212x300.jpg 212w\" sizes=\"auto, (max-width: 595px) 100vw, 595px\" \/><\/a><\/figure>\n<\/figure>\n\n\n\n<p>#Kammerorchester #Oktett<\/p>\n","protected":false},"excerpt":{"rendered":"<p>10 deutsche T\u00e4nze et al. f\u00fcr Oktett Sogenannte &#8222;Deutsche T\u00e4nze&#8220; waren formal und syntaktisch einfach gebaute T\u00e4nze mit volkst\u00fcmlichem Einschlag und vor allem im ausgehenden 18. und fr\u00fchen 19. Jahrhundert [&hellip;]<\/p>\n","protected":false},"author":1,"featured_media":0,"parent":1372,"menu_order":0,"comment_status":"closed","ping_status":"closed","template":"","meta":{"footnotes":""},"class_list":["post-2168","page","type-page","status-publish","hentry"],"_links":{"self":[{"href":"https:\/\/www.musikverlag-nickel.eu\/NEWS-BLOG\/index.php?rest_route=\/wp\/v2\/pages\/2168","targetHints":{"allow":["GET"]}}],"collection":[{"href":"https:\/\/www.musikverlag-nickel.eu\/NEWS-BLOG\/index.php?rest_route=\/wp\/v2\/pages"}],"about":[{"href":"https:\/\/www.musikverlag-nickel.eu\/NEWS-BLOG\/index.php?rest_route=\/wp\/v2\/types\/page"}],"author":[{"embeddable":true,"href":"https:\/\/www.musikverlag-nickel.eu\/NEWS-BLOG\/index.php?rest_route=\/wp\/v2\/users\/1"}],"replies":[{"embeddable":true,"href":"https:\/\/www.musikverlag-nickel.eu\/NEWS-BLOG\/index.php?rest_route=%2Fwp%2Fv2%2Fcomments&post=2168"}],"version-history":[{"count":2,"href":"https:\/\/www.musikverlag-nickel.eu\/NEWS-BLOG\/index.php?rest_route=\/wp\/v2\/pages\/2168\/revisions"}],"predecessor-version":[{"id":2175,"href":"https:\/\/www.musikverlag-nickel.eu\/NEWS-BLOG\/index.php?rest_route=\/wp\/v2\/pages\/2168\/revisions\/2175"}],"up":[{"embeddable":true,"href":"https:\/\/www.musikverlag-nickel.eu\/NEWS-BLOG\/index.php?rest_route=\/wp\/v2\/pages\/1372"}],"wp:attachment":[{"href":"https:\/\/www.musikverlag-nickel.eu\/NEWS-BLOG\/index.php?rest_route=%2Fwp%2Fv2%2Fmedia&parent=2168"}],"curies":[{"name":"wp","href":"https:\/\/api.w.org\/{rel}","templated":true}]}}