{"id":2186,"date":"2025-05-31T11:23:20","date_gmt":"2025-05-31T09:23:20","guid":{"rendered":"https:\/\/www.musikverlag-nickel.eu\/NEWS-BLOG\/?page_id=2186"},"modified":"2025-05-31T11:27:11","modified_gmt":"2025-05-31T09:27:11","slug":"divertimento-ii","status":"publish","type":"page","link":"https:\/\/www.musikverlag-nickel.eu\/NEWS-BLOG\/?page_id=2186","title":{"rendered":"DIVERTIMENTO II"},"content":{"rendered":"\n<p>Das<em> Divertimento II&nbsp;<\/em> f\u00fcr Kammorchester stammt aus dem Jahr 1997 und entstand anl\u00e4sslich der Verleihung des Kompositionspreises der Raiffeisen-Schulze-Delitzsch-Stiftung. Die Komposition spielt mit \u00fcberraschenden stilistischen Wechseln und dem Gruppieren vielfarbiger musikalischer Tableaus. Dabei klingen impressionistische T\u00f6ne genauso an, wie fr\u00fchbarocker Kontrapunkt oder grelle Musicalfarben. Bisweilen werden dabei &#8211; gemessen an dem, was scheinbar erklingt &#8211; stilfremde Techniken verwendet: Zum Beispiel wird Messiaens zweiter Modus dazu benutzt, einen in der Manier Richard Strauss\u00b4 gesetzten Quartsextakkord aufzul\u00f6sen, und somit zugleich das Straussssche Idiom ironisiert und Messiaen subversiv unterlaufen.&nbsp;<br>Der erste Satz ist ein stimmungsvolles Praeludium mit einem kurzen, sehr erregten Mittelteil, in ansonsten aber eher impressionistisch-poetischer Atmosph\u00e4re.&nbsp;<br>Das folgende Adagio l\u00e4sst \u00fcber einem f\u00e4cherartig sich entwickelnden Tonraum eine Melodie erklingen, die mehr und mehr alle Instrument erfasst, jedoch immer wieder durch raue Einsch\u00fcbe unterbrochen und schlie\u00dflich ganz beendet wird. Ein bitonal-schummriges \u201eKinderlied\u201c der Celesta erklingt und wird allm\u00e4hlich zum Hintergrund eines Ricercar (Soggetto ist die Melodie des Satzanfangs), das sich allm\u00e4hlich aufbaut und wieder zerf\u00e4llt und am Ende erneut das Lied der Celesta erscheinen l\u00e4sst. In einer klanglich-zerbrechlichen Umgebung kehrt die Melodie des Anfangs noch einmal wieder.&nbsp; <br>Das Finale beginnt mit einem eing\u00e4ngigen Thema, das in schneller Folge variiert und durchgef\u00fchrt wird, wobei es &#8211; \u00e4hnlich dem Adagio-Thema des zweiten Satzes &#8211; nicht nur satztechnisch und figurativ, sondern auch stilistisch verarbeitet und in neue, unerwartete Zusammenh\u00e4nge gestellt wird.&nbsp;<\/p>\n\n\n\n<p>Volker Nickel: DIVERTIMENTO II<br>f\u00fcr Kammerorchester<br>ISMN 979-0-700344-89-4 \/&nbsp;MVN 42 (Part.)<br>32,- EUR<br>(M\u00fcnchen 2015)<\/p>\n\n\n\n<div class=\"wp-block-buttons is-layout-flex wp-block-buttons-is-layout-flex\">\n<div class=\"wp-block-button\"><a class=\"wp-block-button__link wp-element-button\" href=\"https:\/\/www.musikverlag-nickel.eu\/NEWS-BLOG\/?product=nickel-volker-divertimento-ii\">Bestellen<\/a><\/div>\n<\/div>\n\n\n\n<figure class=\"wp-block-gallery has-nested-images columns-default is-cropped wp-block-gallery-1 is-layout-flex wp-block-gallery-is-layout-flex\">\n<figure class=\"wp-block-image size-large\"><img loading=\"lazy\" decoding=\"async\" width=\"724\" height=\"1024\" data-id=\"2187\" src=\"https:\/\/www.musikverlag-nickel.eu\/NEWS-BLOG\/wp-content\/uploads\/2025\/05\/MVN-42_Bild-1-724x1024.jpg\" alt=\"\" class=\"wp-image-2187\" srcset=\"https:\/\/www.musikverlag-nickel.eu\/NEWS-BLOG\/wp-content\/uploads\/2025\/05\/MVN-42_Bild-1-724x1024.jpg 724w, https:\/\/www.musikverlag-nickel.eu\/NEWS-BLOG\/wp-content\/uploads\/2025\/05\/MVN-42_Bild-1-212x300.jpg 212w, https:\/\/www.musikverlag-nickel.eu\/NEWS-BLOG\/wp-content\/uploads\/2025\/05\/MVN-42_Bild-1-768x1086.jpg 768w, https:\/\/www.musikverlag-nickel.eu\/NEWS-BLOG\/wp-content\/uploads\/2025\/05\/MVN-42_Bild-1-1087x1536.jpg 1087w, https:\/\/www.musikverlag-nickel.eu\/NEWS-BLOG\/wp-content\/uploads\/2025\/05\/MVN-42_Bild-1-680x961.jpg 680w, https:\/\/www.musikverlag-nickel.eu\/NEWS-BLOG\/wp-content\/uploads\/2025\/05\/MVN-42_Bild-1-920x1301.jpg 920w, https:\/\/www.musikverlag-nickel.eu\/NEWS-BLOG\/wp-content\/uploads\/2025\/05\/MVN-42_Bild-1-600x848.jpg 600w, https:\/\/www.musikverlag-nickel.eu\/NEWS-BLOG\/wp-content\/uploads\/2025\/05\/MVN-42_Bild-1.jpg 1240w\" sizes=\"auto, (max-width: 724px) 100vw, 724px\" \/><\/figure>\n\n\n\n<figure class=\"wp-block-image size-large\"><img loading=\"lazy\" decoding=\"async\" width=\"723\" height=\"1024\" data-id=\"2188\" src=\"https:\/\/www.musikverlag-nickel.eu\/NEWS-BLOG\/wp-content\/uploads\/2025\/05\/MVN-42_Bild-2-723x1024.jpg\" alt=\"\" class=\"wp-image-2188\" srcset=\"https:\/\/www.musikverlag-nickel.eu\/NEWS-BLOG\/wp-content\/uploads\/2025\/05\/MVN-42_Bild-2-723x1024.jpg 723w, https:\/\/www.musikverlag-nickel.eu\/NEWS-BLOG\/wp-content\/uploads\/2025\/05\/MVN-42_Bild-2-212x300.jpg 212w, https:\/\/www.musikverlag-nickel.eu\/NEWS-BLOG\/wp-content\/uploads\/2025\/05\/MVN-42_Bild-2-768x1087.jpg 768w, https:\/\/www.musikverlag-nickel.eu\/NEWS-BLOG\/wp-content\/uploads\/2025\/05\/MVN-42_Bild-2-1085x1536.jpg 1085w, https:\/\/www.musikverlag-nickel.eu\/NEWS-BLOG\/wp-content\/uploads\/2025\/05\/MVN-42_Bild-2-680x963.jpg 680w, https:\/\/www.musikverlag-nickel.eu\/NEWS-BLOG\/wp-content\/uploads\/2025\/05\/MVN-42_Bild-2-920x1302.jpg 920w, https:\/\/www.musikverlag-nickel.eu\/NEWS-BLOG\/wp-content\/uploads\/2025\/05\/MVN-42_Bild-2-600x849.jpg 600w, https:\/\/www.musikverlag-nickel.eu\/NEWS-BLOG\/wp-content\/uploads\/2025\/05\/MVN-42_Bild-2.jpg 1239w\" sizes=\"auto, (max-width: 723px) 100vw, 723px\" \/><\/figure>\n\n\n\n<figure class=\"wp-block-image size-large\"><a href=\"https:\/\/www.musikverlag-nickel.eu\/NEWS-BLOG\/wp-content\/uploads\/2025\/05\/MVN-42_Bild-3.jpg\"><img loading=\"lazy\" decoding=\"async\" width=\"595\" height=\"841\" data-id=\"2189\" src=\"https:\/\/www.musikverlag-nickel.eu\/NEWS-BLOG\/wp-content\/uploads\/2025\/05\/MVN-42_Bild-3.jpg\" alt=\"\" class=\"wp-image-2189\" srcset=\"https:\/\/www.musikverlag-nickel.eu\/NEWS-BLOG\/wp-content\/uploads\/2025\/05\/MVN-42_Bild-3.jpg 595w, https:\/\/www.musikverlag-nickel.eu\/NEWS-BLOG\/wp-content\/uploads\/2025\/05\/MVN-42_Bild-3-212x300.jpg 212w\" sizes=\"auto, (max-width: 595px) 100vw, 595px\" \/><\/a><\/figure>\n<\/figure>\n\n\n\n<p>#Divertimento #Kammerorchester<\/p>\n\n\n\n<p><\/p>\n","protected":false},"excerpt":{"rendered":"<p>Das Divertimento II&nbsp; f\u00fcr Kammorchester stammt aus dem Jahr 1997 und entstand anl\u00e4sslich der Verleihung des Kompositionspreises der Raiffeisen-Schulze-Delitzsch-Stiftung. Die Komposition spielt mit \u00fcberraschenden stilistischen Wechseln und dem Gruppieren vielfarbiger [&hellip;]<\/p>\n","protected":false},"author":1,"featured_media":0,"parent":1372,"menu_order":0,"comment_status":"closed","ping_status":"closed","template":"","meta":{"footnotes":""},"class_list":["post-2186","page","type-page","status-publish","hentry"],"_links":{"self":[{"href":"https:\/\/www.musikverlag-nickel.eu\/NEWS-BLOG\/index.php?rest_route=\/wp\/v2\/pages\/2186","targetHints":{"allow":["GET"]}}],"collection":[{"href":"https:\/\/www.musikverlag-nickel.eu\/NEWS-BLOG\/index.php?rest_route=\/wp\/v2\/pages"}],"about":[{"href":"https:\/\/www.musikverlag-nickel.eu\/NEWS-BLOG\/index.php?rest_route=\/wp\/v2\/types\/page"}],"author":[{"embeddable":true,"href":"https:\/\/www.musikverlag-nickel.eu\/NEWS-BLOG\/index.php?rest_route=\/wp\/v2\/users\/1"}],"replies":[{"embeddable":true,"href":"https:\/\/www.musikverlag-nickel.eu\/NEWS-BLOG\/index.php?rest_route=%2Fwp%2Fv2%2Fcomments&post=2186"}],"version-history":[{"count":2,"href":"https:\/\/www.musikverlag-nickel.eu\/NEWS-BLOG\/index.php?rest_route=\/wp\/v2\/pages\/2186\/revisions"}],"predecessor-version":[{"id":2194,"href":"https:\/\/www.musikverlag-nickel.eu\/NEWS-BLOG\/index.php?rest_route=\/wp\/v2\/pages\/2186\/revisions\/2194"}],"up":[{"embeddable":true,"href":"https:\/\/www.musikverlag-nickel.eu\/NEWS-BLOG\/index.php?rest_route=\/wp\/v2\/pages\/1372"}],"wp:attachment":[{"href":"https:\/\/www.musikverlag-nickel.eu\/NEWS-BLOG\/index.php?rest_route=%2Fwp%2Fv2%2Fmedia&parent=2186"}],"curies":[{"name":"wp","href":"https:\/\/api.w.org\/{rel}","templated":true}]}}