{"id":2219,"date":"2025-06-08T08:46:46","date_gmt":"2025-06-08T06:46:46","guid":{"rendered":"https:\/\/www.musikverlag-nickel.eu\/NEWS-BLOG\/?page_id=2219"},"modified":"2025-06-08T08:50:39","modified_gmt":"2025-06-08T06:50:39","slug":"ouvertuere-zu-einem-lustspiel","status":"publish","type":"page","link":"https:\/\/www.musikverlag-nickel.eu\/NEWS-BLOG\/?page_id=2219","title":{"rendered":"OUVERT\u00dcRE ZU EINEM LUSTSPIEL"},"content":{"rendered":"\n<p>Die \u201eOuvert\u00fcre zu einem Lustspiel\u201c f\u00fcr 13 Blasinstrumente entstand anl\u00e4sslich der Feierlichkeiten zum 150. Geburtstag von Richard Strauss und ist f\u00fcr die gleiche Besetzung wie Strauss\u00b4 Suite B-Dur Op. 4 und die Serenade Es-Dur Op. 7 komponiert. Wie schon in fr\u00fcheren Werken liegt auch der \u201eOuvert\u00fcre\u201c eine mehr als 150 T\u00f6ne umfassende, teils chromatische, teils mikrotonale Tonreihe (gewisserma\u00dfen eine Art \u201ecolor\u201c) zugrunde aus der weite Teile des musikalischen Satzes gesponnen sind. Der Reiz der kompositorischen Technik liegt darin, dieses Geflecht mit anderen, frei formulierten musikalischen Gestalten, Figuren und Linien zu verkn\u00fcpfen und dabei unterschiedliche musikalische Ausdrucks-R\u00e4ume entstehen zu lassen.&nbsp;In einer Art Bilderflucht l\u00e4sst die Musik, oftmals durch verschiedene Mixtur-Techniken klanglich erweitert, immer wieder das Strauss\u00b4sche Idiom durchscheinen, ohne allerdings Strauss explizit zu zitieren. Eine Anzahl kleiner Motive unterst\u00fctzt diesen Eindruck. Die Form erinnert mit ihrer unabl\u00e4ssig wechselnden Szenerie an eine jener Ouvert\u00fcren, die alle m\u00f6glichen musikalischen Ausschnitte aus dem nachfolgenden St\u00fcck in bunter Folge aneinander reihen. In einzelnen Passagen der Ouvert\u00fcre lassen sich kommende Szenenbilder und musikalische \u201eNummern\u201c erahnen. Ist das nicht die Melodie, die sp\u00e4ter der Tenor noch singt? Doch diese Vorahnungen sind nur scheinbar. Denn das St\u00fcck gibt es nicht. Sich eine m\u00f6gliche Handlung auszudenken bleibt Sache des H\u00f6rers. Und er ist es auch, der letztlich entscheiden muss, ob es sich dabei wirklich um ein \u201eLustspiel\u201c handelt&#8230;<\/p>\n\n\n\n<p>Volker Nickel: OUVERT\u00dcRE ZU EINEM LUSTSPIEL<br>f\u00fcr 13 Blasinstrumente<br>Auftragskomposition zum 150. Geburtstag von Richard Strauss.<br>ISMN 979-0-700344-69-9 \/&nbsp;MVN 20 (Part.)<br>35,- EUR<br>(M\u00fcnchen, 2013)<\/p>\n\n\n\n<div class=\"wp-block-buttons is-layout-flex wp-block-buttons-is-layout-flex\">\n<div class=\"wp-block-button\"><a class=\"wp-block-button__link wp-element-button\" href=\"https:\/\/www.musikverlag-nickel.eu\/NEWS-BLOG\/?product=nickel-volker-ouvertuere-zu-einem-lustspiel\">Bestellen<\/a><\/div>\n<\/div>\n\n\n\n<figure class=\"wp-block-gallery has-nested-images columns-default is-cropped wp-block-gallery-1 is-layout-flex wp-block-gallery-is-layout-flex\">\n<figure class=\"wp-block-image size-large\"><a href=\"https:\/\/www.musikverlag-nickel.eu\/NEWS-BLOG\/wp-content\/uploads\/2025\/06\/MVN-20_Bild-1.jpg\"><img loading=\"lazy\" decoding=\"async\" width=\"724\" height=\"1024\" data-id=\"2220\" src=\"https:\/\/www.musikverlag-nickel.eu\/NEWS-BLOG\/wp-content\/uploads\/2025\/06\/MVN-20_Bild-1-724x1024.jpg\" alt=\"\" class=\"wp-image-2220\" srcset=\"https:\/\/www.musikverlag-nickel.eu\/NEWS-BLOG\/wp-content\/uploads\/2025\/06\/MVN-20_Bild-1-724x1024.jpg 724w, https:\/\/www.musikverlag-nickel.eu\/NEWS-BLOG\/wp-content\/uploads\/2025\/06\/MVN-20_Bild-1-212x300.jpg 212w, https:\/\/www.musikverlag-nickel.eu\/NEWS-BLOG\/wp-content\/uploads\/2025\/06\/MVN-20_Bild-1-768x1086.jpg 768w, https:\/\/www.musikverlag-nickel.eu\/NEWS-BLOG\/wp-content\/uploads\/2025\/06\/MVN-20_Bild-1-1087x1536.jpg 1087w, https:\/\/www.musikverlag-nickel.eu\/NEWS-BLOG\/wp-content\/uploads\/2025\/06\/MVN-20_Bild-1-680x961.jpg 680w, https:\/\/www.musikverlag-nickel.eu\/NEWS-BLOG\/wp-content\/uploads\/2025\/06\/MVN-20_Bild-1-920x1301.jpg 920w, https:\/\/www.musikverlag-nickel.eu\/NEWS-BLOG\/wp-content\/uploads\/2025\/06\/MVN-20_Bild-1-600x848.jpg 600w, https:\/\/www.musikverlag-nickel.eu\/NEWS-BLOG\/wp-content\/uploads\/2025\/06\/MVN-20_Bild-1.jpg 1240w\" sizes=\"auto, (max-width: 724px) 100vw, 724px\" \/><\/a><\/figure>\n\n\n\n<figure class=\"wp-block-image size-large\"><a href=\"https:\/\/www.musikverlag-nickel.eu\/NEWS-BLOG\/wp-content\/uploads\/2025\/06\/MVN-20_Bild-2.jpg\"><img loading=\"lazy\" decoding=\"async\" width=\"724\" height=\"1024\" data-id=\"2221\" src=\"https:\/\/www.musikverlag-nickel.eu\/NEWS-BLOG\/wp-content\/uploads\/2025\/06\/MVN-20_Bild-2-724x1024.jpg\" alt=\"\" class=\"wp-image-2221\" srcset=\"https:\/\/www.musikverlag-nickel.eu\/NEWS-BLOG\/wp-content\/uploads\/2025\/06\/MVN-20_Bild-2-724x1024.jpg 724w, https:\/\/www.musikverlag-nickel.eu\/NEWS-BLOG\/wp-content\/uploads\/2025\/06\/MVN-20_Bild-2-212x300.jpg 212w, https:\/\/www.musikverlag-nickel.eu\/NEWS-BLOG\/wp-content\/uploads\/2025\/06\/MVN-20_Bild-2-768x1086.jpg 768w, https:\/\/www.musikverlag-nickel.eu\/NEWS-BLOG\/wp-content\/uploads\/2025\/06\/MVN-20_Bild-2-1087x1536.jpg 1087w, https:\/\/www.musikverlag-nickel.eu\/NEWS-BLOG\/wp-content\/uploads\/2025\/06\/MVN-20_Bild-2-680x961.jpg 680w, https:\/\/www.musikverlag-nickel.eu\/NEWS-BLOG\/wp-content\/uploads\/2025\/06\/MVN-20_Bild-2-920x1301.jpg 920w, https:\/\/www.musikverlag-nickel.eu\/NEWS-BLOG\/wp-content\/uploads\/2025\/06\/MVN-20_Bild-2-600x848.jpg 600w, https:\/\/www.musikverlag-nickel.eu\/NEWS-BLOG\/wp-content\/uploads\/2025\/06\/MVN-20_Bild-2.jpg 1240w\" sizes=\"auto, (max-width: 724px) 100vw, 724px\" \/><\/a><\/figure>\n<\/figure>\n\n\n\n<p>#Kammermusik #Bl\u00e4serensemble #Ouvert\u00fcre <\/p>\n\n\n\n<p><\/p>\n","protected":false},"excerpt":{"rendered":"<p>Die \u201eOuvert\u00fcre zu einem Lustspiel\u201c f\u00fcr 13 Blasinstrumente entstand anl\u00e4sslich der Feierlichkeiten zum 150. Geburtstag von Richard Strauss und ist f\u00fcr die gleiche Besetzung wie Strauss\u00b4 Suite B-Dur Op. 4 [&hellip;]<\/p>\n","protected":false},"author":1,"featured_media":0,"parent":1372,"menu_order":0,"comment_status":"closed","ping_status":"closed","template":"","meta":{"footnotes":""},"class_list":["post-2219","page","type-page","status-publish","hentry"],"_links":{"self":[{"href":"https:\/\/www.musikverlag-nickel.eu\/NEWS-BLOG\/index.php?rest_route=\/wp\/v2\/pages\/2219","targetHints":{"allow":["GET"]}}],"collection":[{"href":"https:\/\/www.musikverlag-nickel.eu\/NEWS-BLOG\/index.php?rest_route=\/wp\/v2\/pages"}],"about":[{"href":"https:\/\/www.musikverlag-nickel.eu\/NEWS-BLOG\/index.php?rest_route=\/wp\/v2\/types\/page"}],"author":[{"embeddable":true,"href":"https:\/\/www.musikverlag-nickel.eu\/NEWS-BLOG\/index.php?rest_route=\/wp\/v2\/users\/1"}],"replies":[{"embeddable":true,"href":"https:\/\/www.musikverlag-nickel.eu\/NEWS-BLOG\/index.php?rest_route=%2Fwp%2Fv2%2Fcomments&post=2219"}],"version-history":[{"count":2,"href":"https:\/\/www.musikverlag-nickel.eu\/NEWS-BLOG\/index.php?rest_route=\/wp\/v2\/pages\/2219\/revisions"}],"predecessor-version":[{"id":2225,"href":"https:\/\/www.musikverlag-nickel.eu\/NEWS-BLOG\/index.php?rest_route=\/wp\/v2\/pages\/2219\/revisions\/2225"}],"up":[{"embeddable":true,"href":"https:\/\/www.musikverlag-nickel.eu\/NEWS-BLOG\/index.php?rest_route=\/wp\/v2\/pages\/1372"}],"wp:attachment":[{"href":"https:\/\/www.musikverlag-nickel.eu\/NEWS-BLOG\/index.php?rest_route=%2Fwp%2Fv2%2Fmedia&parent=2219"}],"curies":[{"name":"wp","href":"https:\/\/api.w.org\/{rel}","templated":true}]}}