{"id":1890,"date":"2025-04-24T12:41:33","date_gmt":"2025-04-24T10:41:33","guid":{"rendered":"https:\/\/www.musikverlag-nickel.eu\/NEWS-BLOG\/?post_type=product&#038;p=1890"},"modified":"2025-11-22T14:08:50","modified_gmt":"2025-11-22T12:08:50","slug":"hamary-andras-preludes-heft-2","status":"publish","type":"product","link":"https:\/\/www.musikverlag-nickel.eu\/NEWS-BLOG\/?product=hamary-andras-preludes-heft-2","title":{"rendered":"Hamary, Andr\u00e1s: Pr\u00e9ludes (Heft 2)"},"content":{"rendered":"<p>Andr\u00e1s Hamary: PR\u00c9LUDES<br \/>\nHeft 2<br \/>\nISMN 979-0-700344-45-0 MVN 99 (Part.)<br \/>\n26,- EUR<br \/>\n(M\u00fcnchen, 2023)<\/p>\n","protected":false},"excerpt":{"rendered":"<p>Andr\u00e1s Hamary: PR\u00c9LUDES Heft 2 ISMN 979-0-700344-45-0 MVN 99 (Part.) 26,- EUR (M\u00fcnchen, 2023)<\/p>\n","protected":false},"featured_media":1722,"comment_status":"open","ping_status":"closed","template":"","meta":[],"product_brand":[],"product_cat":[59],"product_tag":[],"class_list":{"0":"post-1890","1":"product","2":"type-product","3":"status-publish","4":"has-post-thumbnail","6":"product_cat-partitur","8":"first","9":"instock","10":"featured","11":"taxable","12":"shipping-taxable","13":"purchasable","14":"product-type-simple"},"_links":{"self":[{"href":"https:\/\/www.musikverlag-nickel.eu\/NEWS-BLOG\/index.php?rest_route=\/wp\/v2\/product\/1890","targetHints":{"allow":["GET"]}}],"collection":[{"href":"https:\/\/www.musikverlag-nickel.eu\/NEWS-BLOG\/index.php?rest_route=\/wp\/v2\/product"}],"about":[{"href":"https:\/\/www.musikverlag-nickel.eu\/NEWS-BLOG\/index.php?rest_route=\/wp\/v2\/types\/product"}],"replies":[{"embeddable":true,"href":"https:\/\/www.musikverlag-nickel.eu\/NEWS-BLOG\/index.php?rest_route=%2Fwp%2Fv2%2Fcomments&post=1890"}],"wp:featuredmedia":[{"embeddable":true,"href":"https:\/\/www.musikverlag-nickel.eu\/NEWS-BLOG\/index.php?rest_route=\/wp\/v2\/media\/1722"}],"wp:attachment":[{"href":"https:\/\/www.musikverlag-nickel.eu\/NEWS-BLOG\/index.php?rest_route=%2Fwp%2Fv2%2Fmedia&parent=1890"}],"wp:term":[{"taxonomy":"product_brand","embeddable":true,"href":"https:\/\/www.musikverlag-nickel.eu\/NEWS-BLOG\/index.php?rest_route=%2Fwp%2Fv2%2Fproduct_brand&post=1890"},{"taxonomy":"product_cat","embeddable":true,"href":"https:\/\/www.musikverlag-nickel.eu\/NEWS-BLOG\/index.php?rest_route=%2Fwp%2Fv2%2Fproduct_cat&post=1890"},{"taxonomy":"product_tag","embeddable":true,"href":"https:\/\/www.musikverlag-nickel.eu\/NEWS-BLOG\/index.php?rest_route=%2Fwp%2Fv2%2Fproduct_tag&post=1890"}],"curies":[{"name":"wp","href":"https:\/\/api.w.org\/{rel}","templated":true}]}}