{"id":2023,"date":"2025-05-03T15:04:47","date_gmt":"2025-05-03T13:04:47","guid":{"rendered":"https:\/\/www.musikverlag-nickel.eu\/NEWS-BLOG\/?post_type=product&#038;p=2023"},"modified":"2025-10-24T07:39:31","modified_gmt":"2025-10-24T05:39:31","slug":"schmitt-markus-gelaeut-fuer-b","status":"publish","type":"product","link":"https:\/\/www.musikverlag-nickel.eu\/NEWS-BLOG\/?product=schmitt-markus-gelaeut-fuer-b","title":{"rendered":"Schmitt, Markus: Gel\u00e4ut f\u00fcr B."},"content":{"rendered":"<p>Markus Schmitt: GEL\u00c4UT F\u00dcR B.<br \/>\nf\u00fcr Streichorchester und obligates Violoncello Solo<br \/>\nzum 100. Geburtstag von Benjamin Britten<br \/>\nISMN\u00a0 979-0-700344-72-6 \/\u00a0MVN 25 (Part.)<br \/>\n26,- EUR<br \/>\n(M\u00fcnchen 2013)<\/p>\n<p>&nbsp;<\/p>\n","protected":false},"excerpt":{"rendered":"<p>Markus Schmitt: GEL\u00c4UT F\u00dcR B. f\u00fcr Streichorchester und obligates Violoncello Solo zum 100. Geburtstag von Benjamin Britten ISMN\u00a0 979-0-700344-72-6 \/\u00a0MVN 25 (Part.) 26,- EUR (M\u00fcnchen 2013) &nbsp;<\/p>\n","protected":false},"featured_media":2017,"comment_status":"open","ping_status":"closed","template":"","meta":[],"product_brand":[],"product_cat":[59],"product_tag":[],"class_list":{"0":"post-2023","1":"product","2":"type-product","3":"status-publish","4":"has-post-thumbnail","6":"product_cat-partitur","8":"first","9":"instock","10":"taxable","11":"shipping-taxable","12":"purchasable","13":"product-type-simple"},"_links":{"self":[{"href":"https:\/\/www.musikverlag-nickel.eu\/NEWS-BLOG\/index.php?rest_route=\/wp\/v2\/product\/2023","targetHints":{"allow":["GET"]}}],"collection":[{"href":"https:\/\/www.musikverlag-nickel.eu\/NEWS-BLOG\/index.php?rest_route=\/wp\/v2\/product"}],"about":[{"href":"https:\/\/www.musikverlag-nickel.eu\/NEWS-BLOG\/index.php?rest_route=\/wp\/v2\/types\/product"}],"replies":[{"embeddable":true,"href":"https:\/\/www.musikverlag-nickel.eu\/NEWS-BLOG\/index.php?rest_route=%2Fwp%2Fv2%2Fcomments&post=2023"}],"wp:featuredmedia":[{"embeddable":true,"href":"https:\/\/www.musikverlag-nickel.eu\/NEWS-BLOG\/index.php?rest_route=\/wp\/v2\/media\/2017"}],"wp:attachment":[{"href":"https:\/\/www.musikverlag-nickel.eu\/NEWS-BLOG\/index.php?rest_route=%2Fwp%2Fv2%2Fmedia&parent=2023"}],"wp:term":[{"taxonomy":"product_brand","embeddable":true,"href":"https:\/\/www.musikverlag-nickel.eu\/NEWS-BLOG\/index.php?rest_route=%2Fwp%2Fv2%2Fproduct_brand&post=2023"},{"taxonomy":"product_cat","embeddable":true,"href":"https:\/\/www.musikverlag-nickel.eu\/NEWS-BLOG\/index.php?rest_route=%2Fwp%2Fv2%2Fproduct_cat&post=2023"},{"taxonomy":"product_tag","embeddable":true,"href":"https:\/\/www.musikverlag-nickel.eu\/NEWS-BLOG\/index.php?rest_route=%2Fwp%2Fv2%2Fproduct_tag&post=2023"}],"curies":[{"name":"wp","href":"https:\/\/api.w.org\/{rel}","templated":true}]}}