{"id":2235,"date":"2025-08-05T10:13:02","date_gmt":"2025-08-05T08:13:02","guid":{"rendered":"https:\/\/www.musikverlag-nickel.eu\/NEWS-BLOG\/?post_type=product&#038;p=2235"},"modified":"2025-08-05T10:20:21","modified_gmt":"2025-08-05T08:20:21","slug":"schmitt-markus-gelaeut-fuer-b-auffuehrungsmaterial","status":"publish","type":"product","link":"https:\/\/www.musikverlag-nickel.eu\/NEWS-BLOG\/?product=schmitt-markus-gelaeut-fuer-b-auffuehrungsmaterial","title":{"rendered":"Schmitt, Markus: Gel\u00e4ut f\u00fcr B. (Auff\u00fchrungsmaterial)"},"content":{"rendered":"<p>Markus Schmitt: GEL\u00c4UT F\u00dcR B.<br \/>\nf\u00fcr Streichorchester und obligates Violoncello Solo<br \/>\nISMN\u00a0 979-0-700344-75-7 \/ MVN 26<br \/>\nAuff\u00fchrungsmaterial (Leihmaterial): Violoncello (Solo), 1. Violins (4), 2. Violins (4), Violas (3), Violoncellos (4), Double bass (1)<br \/>\n140,- EUR (Leihgeb\u00fchr)<br \/>\n(M\u00fcnchen 2013)<\/p>\n<p>&nbsp;<\/p>\n","protected":false},"excerpt":{"rendered":"<p>Markus Schmitt: GEL\u00c4UT F\u00dcR B. f\u00fcr Streichorchester und obligates Violoncello Solo ISMN\u00a0 979-0-700344-75-7 \/ MVN 26 Auff\u00fchrungsmaterial (Leihmaterial): Violoncello (Solo), 1. Violins (4), 2. Violins (4), Violas (3), Violoncellos (4), [&hellip;]<\/p>\n","protected":false},"featured_media":2017,"comment_status":"open","ping_status":"closed","template":"","meta":[],"product_brand":[],"product_cat":[59],"product_tag":[],"class_list":{"0":"post-2235","1":"product","2":"type-product","3":"status-publish","4":"has-post-thumbnail","6":"product_cat-partitur","8":"first","9":"instock","10":"taxable","11":"shipping-taxable","12":"purchasable","13":"product-type-simple"},"_links":{"self":[{"href":"https:\/\/www.musikverlag-nickel.eu\/NEWS-BLOG\/index.php?rest_route=\/wp\/v2\/product\/2235","targetHints":{"allow":["GET"]}}],"collection":[{"href":"https:\/\/www.musikverlag-nickel.eu\/NEWS-BLOG\/index.php?rest_route=\/wp\/v2\/product"}],"about":[{"href":"https:\/\/www.musikverlag-nickel.eu\/NEWS-BLOG\/index.php?rest_route=\/wp\/v2\/types\/product"}],"replies":[{"embeddable":true,"href":"https:\/\/www.musikverlag-nickel.eu\/NEWS-BLOG\/index.php?rest_route=%2Fwp%2Fv2%2Fcomments&post=2235"}],"wp:featuredmedia":[{"embeddable":true,"href":"https:\/\/www.musikverlag-nickel.eu\/NEWS-BLOG\/index.php?rest_route=\/wp\/v2\/media\/2017"}],"wp:attachment":[{"href":"https:\/\/www.musikverlag-nickel.eu\/NEWS-BLOG\/index.php?rest_route=%2Fwp%2Fv2%2Fmedia&parent=2235"}],"wp:term":[{"taxonomy":"product_brand","embeddable":true,"href":"https:\/\/www.musikverlag-nickel.eu\/NEWS-BLOG\/index.php?rest_route=%2Fwp%2Fv2%2Fproduct_brand&post=2235"},{"taxonomy":"product_cat","embeddable":true,"href":"https:\/\/www.musikverlag-nickel.eu\/NEWS-BLOG\/index.php?rest_route=%2Fwp%2Fv2%2Fproduct_cat&post=2235"},{"taxonomy":"product_tag","embeddable":true,"href":"https:\/\/www.musikverlag-nickel.eu\/NEWS-BLOG\/index.php?rest_route=%2Fwp%2Fv2%2Fproduct_tag&post=2235"}],"curies":[{"name":"wp","href":"https:\/\/api.w.org\/{rel}","templated":true}]}}